{"id":2606,"date":"2023-06-16T13:34:27","date_gmt":"2023-06-16T11:34:27","guid":{"rendered":"https:\/\/trinitixshop.de\/?post_type=product&#038;p=2606"},"modified":"2024-11-07T09:42:08","modified_gmt":"2024-11-07T08:42:08","slug":"risti-risti-magneettinen-koru-ketju-hopea-tavallinen","status":"publish","type":"product","link":"https:\/\/trinitixshop.de\/fi\/produkt\/kruzifix-kreuz-magnetschmuck-kette-silber-schlicht\/","title":{"rendered":"Risti risti magneettinen koruketju hopea tavallinen # 2613"},"content":{"rendered":"<p>CH261300T<\/p>","protected":false},"excerpt":{"rendered":"<p>Massiivinen ja tyylik\u00e4s risti \/ krusifiksi magneettinen riipus, kiillotettua hopeaa.<br \/>\nKoko: noin 2,2 x 3,3 cm.<br \/>\nMukana ilmainen ruostumattomasta ter\u00e4ksest\u00e4 valmistettu ketju hummerilukolla (n. 48 - 52,5 cm).<br \/>\nMagneettinen riipus on eksklusiivinen katseenvangitsija, ja sit\u00e4 voidaan k\u00e4ytt\u00e4\u00e4 my\u00f6s mink\u00e4 tahansa muun ketjun kanssa.<br \/>\nPremium-laserkaiverrus pinnalla.<br \/>\nIs\u00e4 meid\u00e4n -rukous on kristinuskon vanhin rukous. Se yhdist\u00e4\u00e4 kaikkia kristittyj\u00e4 uskossa ja on suora osoitus Herralle. T\u00e4m\u00e4n korun avulla voit kantaa t\u00e4t\u00e4 tunnustusta aina mukanasi.<br \/>\nLaadukas ruostumaton ter\u00e4s, kiillotettu, hypoallergeeninen, nikkeli- ja allergiavapaa.<br \/>\nNeodyymimagneettisis\u00e4ke, jossa on noin 1200 gaussia.<\/p>","protected":false},"featured_media":2674,"comment_status":"open","ping_status":"closed","template":"","meta":[],"product_brand":[],"product_cat":[17,21],"product_tag":[26],"class_list":{"0":"post-2606","1":"product","2":"type-product","3":"status-publish","4":"has-post-thumbnail","6":"product_cat-alle-produkte","7":"product_cat-halsketten","8":"product_tag-paja","9":"thunk-woo-product-list","10":"opn-qv-enable","11":"top-store-woo-hover-zoom","12":"top-store-single-product-tab-horizontal","13":"top-store-shadow-","14":"top-store-shadow-hover-","16":"first","17":"instock","18":"sale","19":"taxable","20":"shipping-taxable","21":"purchasable","22":"product-type-simple"},"_links":{"self":[{"href":"https:\/\/trinitixshop.de\/fi\/wp-json\/wp\/v2\/product\/2606","targetHints":{"allow":["GET"]}}],"collection":[{"href":"https:\/\/trinitixshop.de\/fi\/wp-json\/wp\/v2\/product"}],"about":[{"href":"https:\/\/trinitixshop.de\/fi\/wp-json\/wp\/v2\/types\/product"}],"replies":[{"embeddable":true,"href":"https:\/\/trinitixshop.de\/fi\/wp-json\/wp\/v2\/comments?post=2606"}],"wp:featuredmedia":[{"embeddable":true,"href":"https:\/\/trinitixshop.de\/fi\/wp-json\/wp\/v2\/media\/2674"}],"wp:attachment":[{"href":"https:\/\/trinitixshop.de\/fi\/wp-json\/wp\/v2\/media?parent=2606"}],"wp:term":[{"taxonomy":"product_brand","embeddable":true,"href":"https:\/\/trinitixshop.de\/fi\/wp-json\/wp\/v2\/product_brand?post=2606"},{"taxonomy":"product_cat","embeddable":true,"href":"https:\/\/trinitixshop.de\/fi\/wp-json\/wp\/v2\/product_cat?post=2606"},{"taxonomy":"product_tag","embeddable":true,"href":"https:\/\/trinitixshop.de\/fi\/wp-json\/wp\/v2\/product_tag?post=2606"}],"curies":[{"name":"wp","href":"https:\/\/api.w.org\/{rel}","templated":true}]}}