{"id":2607,"date":"2023-06-16T13:34:27","date_gmt":"2023-06-16T11:34:27","guid":{"rendered":"https:\/\/trinitixshop.de\/?post_type=product&#038;p=2607"},"modified":"2023-06-23T14:03:11","modified_gmt":"2023-06-23T12:03:11","slug":"krusifiksi-hopea-trx-risti-ketju-yksinkertainen-tyylikaes-kiinteae-2614","status":"publish","type":"product","link":"https:\/\/trinitixshop.de\/fi\/produkt\/kruzifix-silber-trx-kreuz-kette-schlicht-elegant-massiv-2614\/","title":{"rendered":"Crucifix hopea TRX rajat ketju yksinkertainen tyylik\u00e4s kiinte\u00e4 # 2614"},"content":{"rendered":"<p>CH261400T<\/p>","protected":false},"excerpt":{"rendered":"<p>Massiivinen ja tyylik\u00e4s risti \/ krusifiksi magneettinen riipus,<br \/>\nEritt\u00e4in kiillotettua hopeaa, jonka pinnassa on hienoja poikkiviivoja.<br \/>\nKoko: noin 1,8 x 2,5 cm. Paksuus noin 2,4 mm.<br \/>\nMukana ilmainen ruostumattomasta ter\u00e4ksest\u00e4 valmistettu ketju hummerilukolla (n. 47 -52 cm).<br \/>\nMagneettinen riipus on eksklusiivinen katseenvangitsija, ja sit\u00e4 voidaan k\u00e4ytt\u00e4\u00e4 my\u00f6s mink\u00e4 tahansa muun ketjun kanssa.<br \/>\nIs\u00e4 meid\u00e4n -rukous on kristinuskon vanhin rukous. Se yhdist\u00e4\u00e4 kaikkia kristittyj\u00e4 uskossa ja on suora osoitus Herralle. T\u00e4m\u00e4n korun avulla voit kantaa t\u00e4t\u00e4 tunnustusta aina mukanasi.<br \/>\nLaadukas ruostumaton ter\u00e4s, kiillotettu, hypoallergeeninen, nikkeli- ja allergiavapaa.<br \/>\nNeodyymimagneettisis\u00e4ke, jossa on noin 1200 gaussia.<\/p>","protected":false},"featured_media":2699,"comment_status":"open","ping_status":"closed","template":"","meta":[],"product_brand":[],"product_cat":[17,21],"product_tag":[25],"class_list":{"0":"post-2607","1":"product","2":"type-product","3":"status-publish","4":"has-post-thumbnail","6":"product_cat-alle-produkte","7":"product_cat-halsketten","8":"product_tag-t-prime","9":"thunk-woo-product-list","10":"opn-qv-enable","11":"top-store-woo-hover-zoom","12":"top-store-single-product-tab-horizontal","13":"top-store-shadow-","14":"top-store-shadow-hover-","16":"first","17":"instock","18":"sale","19":"taxable","20":"shipping-taxable","21":"purchasable","22":"product-type-simple"},"_links":{"self":[{"href":"https:\/\/trinitixshop.de\/fi\/wp-json\/wp\/v2\/product\/2607","targetHints":{"allow":["GET"]}}],"collection":[{"href":"https:\/\/trinitixshop.de\/fi\/wp-json\/wp\/v2\/product"}],"about":[{"href":"https:\/\/trinitixshop.de\/fi\/wp-json\/wp\/v2\/types\/product"}],"replies":[{"embeddable":true,"href":"https:\/\/trinitixshop.de\/fi\/wp-json\/wp\/v2\/comments?post=2607"}],"wp:featuredmedia":[{"embeddable":true,"href":"https:\/\/trinitixshop.de\/fi\/wp-json\/wp\/v2\/media\/2699"}],"wp:attachment":[{"href":"https:\/\/trinitixshop.de\/fi\/wp-json\/wp\/v2\/media?parent=2607"}],"wp:term":[{"taxonomy":"product_brand","embeddable":true,"href":"https:\/\/trinitixshop.de\/fi\/wp-json\/wp\/v2\/product_brand?post=2607"},{"taxonomy":"product_cat","embeddable":true,"href":"https:\/\/trinitixshop.de\/fi\/wp-json\/wp\/v2\/product_cat?post=2607"},{"taxonomy":"product_tag","embeddable":true,"href":"https:\/\/trinitixshop.de\/fi\/wp-json\/wp\/v2\/product_tag?post=2607"}],"curies":[{"name":"wp","href":"https:\/\/api.w.org\/{rel}","templated":true}]}}