{"id":2609,"date":"2023-06-16T13:34:27","date_gmt":"2023-06-16T11:34:27","guid":{"rendered":"https:\/\/trinitixshop.de\/?post_type=product&#038;p=2609"},"modified":"2023-06-16T16:15:55","modified_gmt":"2023-06-16T14:15:55","slug":"siivet-medaljonki-magneetti-riipus-ketjulla-swarovski-ruusukvartsi-kristallia","status":"publish","type":"product","link":"https:\/\/trinitixshop.de\/fi\/produkt\/wings-medaillon-magnet-kettenanhaenger-mit-kette-swarovski-rosenquartz-crystal\/","title":{"rendered":"Siivet Medaljonki magneetti riipus ketju + Swarovski Rose Quartz Crystal"},"content":{"rendered":"<p>CH277400T<\/p>","protected":false},"excerpt":{"rendered":"<p>K\u00e4sintehtyj\u00e4 uniikkeja kappaleita!<br \/>\nSiivet magneettinen riipus, koristeltu alkuper\u00e4isell\u00e4 ruusukvartsikristallilla Swarovski Crystal, n. \u00d8 25 mm. Paksuus n. 2,9 mm, eritt\u00e4in kiillotettu.<br \/>\nSabo-mallin innoittamana.<br \/>\nSis\u00e4lt\u00e4\u00e4 ruostumattomasta ter\u00e4ksest\u00e4 valmistetun ketjun hummerilukolla (n. 40,5 - 52 cm).<br \/>\nMagneettinen riipus on katseenvangitsija, ja sit\u00e4 voi k\u00e4ytt\u00e4\u00e4 my\u00f6s mink\u00e4 tahansa muun ketjun kanssa.<br \/>\nKun n\u00e4emme siivet, ensimm\u00e4inen ajatuksemme on lent\u00e4minen, mutta kun annamme mielikuvituksemme valloilleen, siipisymboli on pelastuksemme. Ymm\u00e4rr\u00e4mme, ett\u00e4 voimme paeta ja paeta asioita, jotka sitovat meit\u00e4 tai vapauttavat sielumme. Siivet symboloivat rauhaa, rakkautta, maata ja ilmaa, kuolevaisuutta ja jumalallisuutta.<br \/>\nJoskus se n\u00e4ytt\u00e4\u00e4 meille yliluonnollisia ja maagisia olentoja, kuten lohik\u00e4\u00e4rmeit\u00e4, aarnikotkia, keijuja, perhosia, mehil\u00e4isi\u00e4, pegasuksia ja niin edelleen.....<br \/>\nKaunis magneettinen koru edustaa keveytt\u00e4, energiaa ja eleganssia! Jokaisessa korussamme on laadukkaita ja voimakkaita neodyymimagneetteja.<br \/>\nLaadukas ruostumaton ter\u00e4s, kiillotettu, hypoallergeeninen, nikkeli- ja allergiavapaa.<br \/>\nNeodyymimagneettisis\u00e4ke, jossa on noin 1200 gaussia.<\/p>","protected":false},"featured_media":2671,"comment_status":"open","ping_status":"closed","template":"","meta":[],"product_brand":[],"product_cat":[17,21],"product_tag":[25],"class_list":{"0":"post-2609","1":"product","2":"type-product","3":"status-publish","4":"has-post-thumbnail","6":"product_cat-alle-produkte","7":"product_cat-halsketten","8":"product_tag-t-prime","9":"thunk-woo-product-list","10":"opn-qv-enable","11":"top-store-woo-hover-zoom","12":"top-store-single-product-tab-horizontal","13":"top-store-shadow-","14":"top-store-shadow-hover-","16":"first","17":"instock","18":"sale","19":"taxable","20":"shipping-taxable","21":"purchasable","22":"product-type-simple"},"_links":{"self":[{"href":"https:\/\/trinitixshop.de\/fi\/wp-json\/wp\/v2\/product\/2609","targetHints":{"allow":["GET"]}}],"collection":[{"href":"https:\/\/trinitixshop.de\/fi\/wp-json\/wp\/v2\/product"}],"about":[{"href":"https:\/\/trinitixshop.de\/fi\/wp-json\/wp\/v2\/types\/product"}],"replies":[{"embeddable":true,"href":"https:\/\/trinitixshop.de\/fi\/wp-json\/wp\/v2\/comments?post=2609"}],"wp:featuredmedia":[{"embeddable":true,"href":"https:\/\/trinitixshop.de\/fi\/wp-json\/wp\/v2\/media\/2671"}],"wp:attachment":[{"href":"https:\/\/trinitixshop.de\/fi\/wp-json\/wp\/v2\/media?parent=2609"}],"wp:term":[{"taxonomy":"product_brand","embeddable":true,"href":"https:\/\/trinitixshop.de\/fi\/wp-json\/wp\/v2\/product_brand?post=2609"},{"taxonomy":"product_cat","embeddable":true,"href":"https:\/\/trinitixshop.de\/fi\/wp-json\/wp\/v2\/product_cat?post=2609"},{"taxonomy":"product_tag","embeddable":true,"href":"https:\/\/trinitixshop.de\/fi\/wp-json\/wp\/v2\/product_tag?post=2609"}],"curies":[{"name":"wp","href":"https:\/\/api.w.org\/{rel}","templated":true}]}}