{"id":2611,"date":"2023-06-16T13:34:27","date_gmt":"2023-06-16T11:34:27","guid":{"rendered":"https:\/\/trinitixshop.de\/?post_type=product&#038;p=2611"},"modified":"2023-06-23T13:46:40","modified_gmt":"2023-06-23T11:46:40","slug":"elaemaen-kukka-magneettinen-koru-kaulakoru-swarovskin-jaeaekiteellae-2792","status":"publish","type":"product","link":"https:\/\/trinitixshop.de\/fi\/produkt\/blume-des-lebens-magnetschmuck-kette-mit-swarovski-ice-crystal-2792\/","title":{"rendered":"El\u00e4m\u00e4n kukka magneettinen kaulakoru Swarovskin j\u00e4\u00e4kristallilla # 2792"},"content":{"rendered":"<p>CH279200T<\/p>","protected":false},"excerpt":{"rendered":"<p>K\u00e4sintehtyj\u00e4 uniikkeja kappaleita!<br \/>\nEl\u00e4m\u00e4n kukka \/ Blume des Lebens \/ Flor da Vida - Magneetti<br \/>\nRiipus koristeltu alkuper\u00e4isell\u00e4 Swarovskin j\u00e4\u00e4kiteell\u00e4 - n. \u00d8 25 mm, kevyt n. 7 grammaa, paksuus n. 2,4 mm, eritt\u00e4in kiillotettu.<br \/>\nMukana ilmainen ruostumattomasta ter\u00e4ksest\u00e4 valmistettu ketju hummerilukolla (n. 41 - 52 cm). Magneettinen riipus on katseenvangitsija ja sit\u00e4 voi k\u00e4ytt\u00e4\u00e4 my\u00f6s mink\u00e4 tahansa muun ketjun kanssa.<br \/>\nPuhdasta eleganssia - n\u00e4in voidaan kuvata t\u00e4t\u00e4 ihanaa korua muutamalla sanalla. El\u00e4m\u00e4n kukka on kaiken olemassaolon perusta.<br \/>\nSe on luomisen geometrinen kuvio, mutta my\u00f6s moniulotteinen muoto. Kaikki maailmankaikkeudessa rakentuu t\u00e4m\u00e4n kuvion varaan, ja kaikki voidaan j\u00e4ljitt\u00e4\u00e4 siihen. T\u00e4m\u00e4 saattaa vaikuttaa ep\u00e4todenn\u00e4k\u00f6iselt\u00e4, koska t\u00e4m\u00e4 kuvio n\u00e4ytt\u00e4\u00e4 niin yksinkertaiselta, mutta se voidaan osoittaa selv\u00e4sti.<br \/>\nKaunis magneettinen koru edustaa keveytt\u00e4, energiaa ja eleganssia! Jokaisessa korussamme on laadukkaita ja voimakkaita neodyymimagneetteja.<br \/>\nLaadukas ruostumaton ter\u00e4s, kiillotettu, hypoallergeeninen, nikkeli- ja allergiavapaa. Neodyymimagneettisis\u00e4ke, jossa on noin 1200 gaussia.<\/p>","protected":false},"featured_media":2698,"comment_status":"open","ping_status":"closed","template":"","meta":[],"product_brand":[],"product_cat":[17,21],"product_tag":[25],"class_list":{"0":"post-2611","1":"product","2":"type-product","3":"status-publish","4":"has-post-thumbnail","6":"product_cat-alle-produkte","7":"product_cat-halsketten","8":"product_tag-t-prime","9":"thunk-woo-product-list","10":"opn-qv-enable","11":"top-store-woo-hover-zoom","12":"top-store-single-product-tab-horizontal","13":"top-store-shadow-","14":"top-store-shadow-hover-","16":"first","17":"instock","18":"taxable","19":"shipping-taxable","20":"purchasable","21":"product-type-simple"},"_links":{"self":[{"href":"https:\/\/trinitixshop.de\/fi\/wp-json\/wp\/v2\/product\/2611","targetHints":{"allow":["GET"]}}],"collection":[{"href":"https:\/\/trinitixshop.de\/fi\/wp-json\/wp\/v2\/product"}],"about":[{"href":"https:\/\/trinitixshop.de\/fi\/wp-json\/wp\/v2\/types\/product"}],"replies":[{"embeddable":true,"href":"https:\/\/trinitixshop.de\/fi\/wp-json\/wp\/v2\/comments?post=2611"}],"wp:featuredmedia":[{"embeddable":true,"href":"https:\/\/trinitixshop.de\/fi\/wp-json\/wp\/v2\/media\/2698"}],"wp:attachment":[{"href":"https:\/\/trinitixshop.de\/fi\/wp-json\/wp\/v2\/media?parent=2611"}],"wp:term":[{"taxonomy":"product_brand","embeddable":true,"href":"https:\/\/trinitixshop.de\/fi\/wp-json\/wp\/v2\/product_brand?post=2611"},{"taxonomy":"product_cat","embeddable":true,"href":"https:\/\/trinitixshop.de\/fi\/wp-json\/wp\/v2\/product_cat?post=2611"},{"taxonomy":"product_tag","embeddable":true,"href":"https:\/\/trinitixshop.de\/fi\/wp-json\/wp\/v2\/product_tag?post=2611"}],"curies":[{"name":"wp","href":"https:\/\/api.w.org\/{rel}","templated":true}]}}