{"id":2615,"date":"2023-06-16T13:34:28","date_gmt":"2023-06-16T11:34:28","guid":{"rendered":"https:\/\/trinitixshop.de\/?post_type=product&#038;p=2615"},"modified":"2023-06-16T14:43:03","modified_gmt":"2023-06-16T12:43:03","slug":"mosaiikki-medaljonki-kristalli-pave-meri-sirpaleiden-kanssa-svarovski-jalokiviae","status":"publish","type":"product","link":"https:\/\/trinitixshop.de\/fi\/produkt\/mosaik-medallion-kristallpave-scherbenmeer-mit-svarovski-edelsteinen\/","title":{"rendered":"Mosaiikki medaljonki kristalli pave \"Sea of Shards\" kanssa Svarovski jalokivi\u00e4"},"content":{"rendered":"<p>CH287900T<\/p>","protected":false},"excerpt":{"rendered":"<p>\"Sirpaleiden meri\" - v\u00e4rik\u00e4s ja kaunis.... !!<br \/>\nK\u00e4sintehty kristallipav\u00e9-magneettiriipus, jossa on erikokoisia ja eri fasetteja sis\u00e4lt\u00e4vi\u00e4 Svarovski-kristalleja, muistuttaa kiehtovaa mosaiikkia ja luo viettelev\u00e4n muotoilun.<br \/>\nSabo-mallin innoittamana.<br \/>\nHopeinen, ruostumattomasta ter\u00e4ksest\u00e4 valmistettu riipus (\u00d8 35 mm, 16 grammaa) on kiinnitetty trendikk\u00e4\u00e4sti,<br \/>\nPitk\u00e4 ketju ( 41 cm plus 11 cm jatko ) antaa rennolle lookillesi upean kimalluksen ja lumoaa loistavalla kiilt\u00e4vyydell\u00e4\u00e4n.<br \/>\nKristallipav\u00e9-amuletti on valmistettu k\u00e4sity\u00f6n\u00e4 \u00e4\u00e4rimm\u00e4isen tarkasti ja huolellisesti. Riipukseen k\u00e4ytetty korkealaatuinen ruostumaton ter\u00e4s on hypoallergeenista ja iholle yst\u00e4v\u00e4llist\u00e4, ja koru on ionipinnoitettu ja kiillotettu kiilt\u00e4v\u00e4ksi.<br \/>\nMukana ilmainen ruostumattomasta ter\u00e4ksest\u00e4 valmistettu ketju hummerilukolla (n. 41 - 52 cm).<br \/>\nMagneettinen riipus on katseenvangitsija, mutta sit\u00e4 voi k\u00e4ytt\u00e4\u00e4 my\u00f6s monien muiden kaulakorujen kanssa.<br \/>\nKaunis magneettinen koru edustaa keveytt\u00e4, energiaa ja eleganssia!<br \/>\nJokaisessa korussamme on laadukkaat ja tehokkaat neodyymimagneetit.<br \/>\nLaadukas ruostumaton ter\u00e4s, kiillotettu, hypoallergeeninen, nikkeli- ja allergiavapaa.<br \/>\nNeodyymimagneettisis\u00e4ke, jossa on noin 1800 gaussia.<\/p>","protected":false},"featured_media":2656,"comment_status":"open","ping_status":"closed","template":"","meta":[],"product_brand":[],"product_cat":[17,21],"product_tag":[26],"class_list":{"0":"post-2615","1":"product","2":"type-product","3":"status-publish","4":"has-post-thumbnail","6":"product_cat-alle-produkte","7":"product_cat-halsketten","8":"product_tag-paja","9":"thunk-woo-product-list","10":"opn-qv-enable","11":"top-store-woo-hover-zoom","12":"top-store-single-product-tab-horizontal","13":"top-store-shadow-","14":"top-store-shadow-hover-","16":"first","17":"instock","18":"sale","19":"taxable","20":"shipping-taxable","21":"purchasable","22":"product-type-simple"},"_links":{"self":[{"href":"https:\/\/trinitixshop.de\/fi\/wp-json\/wp\/v2\/product\/2615","targetHints":{"allow":["GET"]}}],"collection":[{"href":"https:\/\/trinitixshop.de\/fi\/wp-json\/wp\/v2\/product"}],"about":[{"href":"https:\/\/trinitixshop.de\/fi\/wp-json\/wp\/v2\/types\/product"}],"replies":[{"embeddable":true,"href":"https:\/\/trinitixshop.de\/fi\/wp-json\/wp\/v2\/comments?post=2615"}],"wp:featuredmedia":[{"embeddable":true,"href":"https:\/\/trinitixshop.de\/fi\/wp-json\/wp\/v2\/media\/2656"}],"wp:attachment":[{"href":"https:\/\/trinitixshop.de\/fi\/wp-json\/wp\/v2\/media?parent=2615"}],"wp:term":[{"taxonomy":"product_brand","embeddable":true,"href":"https:\/\/trinitixshop.de\/fi\/wp-json\/wp\/v2\/product_brand?post=2615"},{"taxonomy":"product_cat","embeddable":true,"href":"https:\/\/trinitixshop.de\/fi\/wp-json\/wp\/v2\/product_cat?post=2615"},{"taxonomy":"product_tag","embeddable":true,"href":"https:\/\/trinitixshop.de\/fi\/wp-json\/wp\/v2\/product_tag?post=2615"}],"curies":[{"name":"wp","href":"https:\/\/api.w.org\/{rel}","templated":true}]}}