{"id":2619,"date":"2023-06-16T13:34:28","date_gmt":"2023-06-16T11:34:28","guid":{"rendered":"https:\/\/trinitixshop.de\/?post_type=product&#038;p=2619"},"modified":"2023-06-16T15:51:37","modified_gmt":"2023-06-16T13:51:37","slug":"timantti-voiman-magneetti-riipus-ketjulla-rhombus-design-hopea","status":"publish","type":"product","link":"https:\/\/trinitixshop.de\/fi\/produkt\/raute-der-macht-magnet-anhaenger-mit-kette-rhombus-design-silber\/","title":{"rendered":"Timantti voiman magneetti riipus ketjulla rhombus muotoilu hopea"},"content":{"rendered":"<p>CH302900T<\/p>","protected":false},"excerpt":{"rendered":"<p>Riipus Rhombus Rhombus of power - n. 45 x 33 mm, musta \u00f6ljyt\u00e4ytteinen muotoilu. Valmistettu k\u00e4sity\u00f6n\u00e4.<br \/>\nToimitetaan ruostumattomasta ter\u00e4ksest\u00e4 valmistettu rannerengas hummerilukolla. Yksitt\u00e4isen ketjun pituus n. 47 - 52 cm.<br \/>\nTimantti tarkoittaa tyyneytt\u00e4 - keskittymist\u00e4 - sis\u00e4ist\u00e4 voimaa - luottamusta ja huomiota. Inspiroitunut rouva ex:n erityisest\u00e4 k\u00e4denliikkeest\u00e4. Angela Merkel \" Merkel rhombus \" sormi sormella, kuin pyramidi. Mutta my\u00f6s monet muut poliitikot ja tunnetut persoonallisuudet n\u00e4ytt\u00e4v\u00e4t t\u00e4t\u00e4 rombusta. Rombus on rinnakkaisruudun erikoismuoto.<br \/>\nMit\u00e4 timanttinen ele ilmaisee? Ennen kaikkea se symboloi luottamusta. Se, joka asettaa keskustelussa yksitt\u00e4isten sormiensa k\u00e4rjet p\u00e4\u00e4llekk\u00e4in ja muodostaa k\u00e4sill\u00e4\u00e4n er\u00e4\u00e4nlaisen pyramidin, on varma sanomisistaan ja uskoo siihen, mit\u00e4 sanoo. Tuskin on olemassa vahvempaa merkki\u00e4 sis\u00e4isest\u00e4 voimasta. Tunne itsesi tasapainoiseksi ja tuetuksi! Kaikki t\u00e4m\u00e4 tekee t\u00e4st\u00e4 korusta t\u00e4rke\u00e4mm\u00e4n kuin vain ainutlaatuisen kauniin asusteen.<br \/>\nKaunis magneettinen koru edustaa keveytt\u00e4, energiaa ja eleganssia! Jokaisessa korussamme on laadukkaita ja voimakkaita neodyymimagneetteja.<br \/>\nLaadukasta ruostumatonta ter\u00e4st\u00e4, kiillotettu, hypoallergeeninen, nikkeli- ja allergiavapaa, neodyymimagneettisis\u00e4ke, jossa on noin 1200 gaussia.<\/p>","protected":false},"featured_media":2660,"comment_status":"open","ping_status":"closed","template":"","meta":[],"product_brand":[],"product_cat":[17,21],"product_tag":[26],"class_list":{"0":"post-2619","1":"product","2":"type-product","3":"status-publish","4":"has-post-thumbnail","6":"product_cat-alle-produkte","7":"product_cat-halsketten","8":"product_tag-paja","9":"thunk-woo-product-list","10":"opn-qv-enable","11":"top-store-woo-hover-zoom","12":"top-store-single-product-tab-horizontal","13":"top-store-shadow-","14":"top-store-shadow-hover-","16":"first","17":"instock","18":"taxable","19":"shipping-taxable","20":"purchasable","21":"product-type-simple"},"_links":{"self":[{"href":"https:\/\/trinitixshop.de\/fi\/wp-json\/wp\/v2\/product\/2619","targetHints":{"allow":["GET"]}}],"collection":[{"href":"https:\/\/trinitixshop.de\/fi\/wp-json\/wp\/v2\/product"}],"about":[{"href":"https:\/\/trinitixshop.de\/fi\/wp-json\/wp\/v2\/types\/product"}],"replies":[{"embeddable":true,"href":"https:\/\/trinitixshop.de\/fi\/wp-json\/wp\/v2\/comments?post=2619"}],"wp:featuredmedia":[{"embeddable":true,"href":"https:\/\/trinitixshop.de\/fi\/wp-json\/wp\/v2\/media\/2660"}],"wp:attachment":[{"href":"https:\/\/trinitixshop.de\/fi\/wp-json\/wp\/v2\/media?parent=2619"}],"wp:term":[{"taxonomy":"product_brand","embeddable":true,"href":"https:\/\/trinitixshop.de\/fi\/wp-json\/wp\/v2\/product_brand?post=2619"},{"taxonomy":"product_cat","embeddable":true,"href":"https:\/\/trinitixshop.de\/fi\/wp-json\/wp\/v2\/product_cat?post=2619"},{"taxonomy":"product_tag","embeddable":true,"href":"https:\/\/trinitixshop.de\/fi\/wp-json\/wp\/v2\/product_tag?post=2619"}],"curies":[{"name":"wp","href":"https:\/\/api.w.org\/{rel}","templated":true}]}}