{"id":2623,"date":"2023-06-16T13:34:28","date_gmt":"2023-06-16T11:34:28","guid":{"rendered":"https:\/\/trinitixshop.de\/?post_type=product&#038;p=2623"},"modified":"2023-06-16T14:49:23","modified_gmt":"2023-06-16T12:49:23","slug":"voima-sydaen-magneetti-riipus-silikoni-ketju-kultainen","status":"publish","type":"product","link":"https:\/\/trinitixshop.de\/fi\/produkt\/power-herz-magnet-kettenanhaenger-mit-silikonkette-gold\/","title":{"rendered":"Teho syd\u00e4n magneetti riipus silikoni ketju kultaa"},"content":{"rendered":"<p>CH535912T<\/p>","protected":false},"excerpt":{"rendered":"<p>Magneettiketju riipus voima syd\u00e4n. 24k kovakullattu.<br \/>\nMassiivinen ja tyylik\u00e4s kultainen syd\u00e4n riipuksena, jossa on magneettinen voima.<br \/>\nSyd\u00e4nriipus \u00d8 n. 1,8 cm, massiivinen.<br \/>\nMukana ilmainen silikoniketju hummerilukolla (n. 45 cm).<br \/>\nMagneettinen riipus on katseenvangitsija, ja sit\u00e4 voi k\u00e4ytt\u00e4\u00e4 my\u00f6s mink\u00e4 tahansa muun ketjun kanssa.<br \/>\nKaunis magneettinen koru edustaa keveytt\u00e4, energiaa ja eleganssia!<br \/>\nJokaisessa korussamme on laadukkaat ja tehokkaat neodyymimagneetit.<br \/>\nNeodyymimagneettisis\u00e4ke, jossa on noin 1200 gaussia.<br \/>\nRuostumatonta ter\u00e4st\u00e4, ei sis\u00e4ll\u00e4 kadmiumia, nikkeli\u00e4 eik\u00e4 lyijy\u00e4. Allergiaton.<\/p>","protected":false},"featured_media":2659,"comment_status":"open","ping_status":"closed","template":"","meta":[],"product_brand":[],"product_cat":[17,21],"product_tag":[26],"class_list":{"0":"post-2623","1":"product","2":"type-product","3":"status-publish","4":"has-post-thumbnail","6":"product_cat-alle-produkte","7":"product_cat-halsketten","8":"product_tag-paja","9":"thunk-woo-product-list","10":"opn-qv-enable","11":"top-store-woo-hover-zoom","12":"top-store-single-product-tab-horizontal","13":"top-store-shadow-","14":"top-store-shadow-hover-","16":"first","17":"instock","18":"sale","19":"taxable","20":"shipping-taxable","21":"purchasable","22":"product-type-simple"},"_links":{"self":[{"href":"https:\/\/trinitixshop.de\/fi\/wp-json\/wp\/v2\/product\/2623","targetHints":{"allow":["GET"]}}],"collection":[{"href":"https:\/\/trinitixshop.de\/fi\/wp-json\/wp\/v2\/product"}],"about":[{"href":"https:\/\/trinitixshop.de\/fi\/wp-json\/wp\/v2\/types\/product"}],"replies":[{"embeddable":true,"href":"https:\/\/trinitixshop.de\/fi\/wp-json\/wp\/v2\/comments?post=2623"}],"wp:featuredmedia":[{"embeddable":true,"href":"https:\/\/trinitixshop.de\/fi\/wp-json\/wp\/v2\/media\/2659"}],"wp:attachment":[{"href":"https:\/\/trinitixshop.de\/fi\/wp-json\/wp\/v2\/media?parent=2623"}],"wp:term":[{"taxonomy":"product_brand","embeddable":true,"href":"https:\/\/trinitixshop.de\/fi\/wp-json\/wp\/v2\/product_brand?post=2623"},{"taxonomy":"product_cat","embeddable":true,"href":"https:\/\/trinitixshop.de\/fi\/wp-json\/wp\/v2\/product_cat?post=2623"},{"taxonomy":"product_tag","embeddable":true,"href":"https:\/\/trinitixshop.de\/fi\/wp-json\/wp\/v2\/product_tag?post=2623"}],"curies":[{"name":"wp","href":"https:\/\/api.w.org\/{rel}","templated":true}]}}