{"id":2626,"date":"2023-06-16T13:34:31","date_gmt":"2023-06-16T11:34:31","guid":{"rendered":"https:\/\/trinitixshop.de\/?post_type=product&#038;p=2626"},"modified":"2023-06-16T14:00:53","modified_gmt":"2023-06-16T12:00:53","slug":"marx-rio-taehtikokoelma-ruusukulta-19-swarovski-kiteellae-varustettuna","status":"publish","type":"product","link":"https:\/\/trinitixshop.de\/fi\/produkt\/marx-rio-stern-collection-rosegold-mit-19-swarovski-crystals\/","title":{"rendered":"Marx Rio Star Collection ruusukultaa 19 Swarovski-kristallilla"},"content":{"rendered":"<p>CH903100T<\/p>","protected":false},"excerpt":{"rendered":"<p>Eritt\u00e4in eksklusiivinen ominaispiirre.<br \/>\nYmpyr\u00e4t ja geometriset linjat mukautuvat ymp\u00e4rist\u00f6\u00f6n ja heijastavat voimakasta intohimoa luontoa kohtaan.<br \/>\nErityisen taiteellinen ja luova ilmaisumuoto. Muotoa, v\u00e4rileikkej\u00e4 ja mittasuhteita uudessa mallistossa.<br \/>\nT\u00e4ydent\u00e4\u00e4 18 kimaltavaa Swarovski-kristallia.<br \/>\nKoko noin 2,5 x 3 cm. Paksuus 4 mm. Tyylik\u00e4s ruostumattomasta ter\u00e4ksest\u00e4 valmistettu nelikulmainen ketju ilmaisena bonuksena. S\u00e4\u00e4dett\u00e4v\u00e4 pituus n. 41 - 52 cm.<br \/>\nKimaltava magneettinen riipus, jossa on 18 aitoa Swarovski-kristallielementti\u00e4, tuo hymyn kasvoillesi. Riipus on erityisen tehokas yhdess\u00e4 t\u00e4m\u00e4n yksinkertaisen neli\u00f6nmuotoisen ruostumattomasta ter\u00e4ksest\u00e4 valmistetun ketjun kanssa.<br \/>\nSwarovski-kristallien kimallus, magneetin voima ja ihoyst\u00e4v\u00e4llinen ruostumaton ter\u00e4s takaavat, ettet halua en\u00e4\u00e4 koskaan ottaa t\u00e4t\u00e4 korua pois.<br \/>\nT\u00e4m\u00e4 magneettinen koruripustin n\u00e4ytt\u00e4\u00e4 salaper\u00e4iselt\u00e4, lumoavalta tai jopa viettelev\u00e4lt\u00e4.<br \/>\nAinutlaatuinen lahja. Aidon ilon antaminen on yksi niist\u00e4 arvoista, joita keksimme jatkuvasti uudelleen.<br \/>\nPuhdasta eleganssia - n\u00e4in voidaan kuvata t\u00e4t\u00e4 ihanaa korua vain kahdella sanalla.<br \/>\nKaunis magneettinen koru edustaa keveytt\u00e4, energiaa ja eleganssia!<br \/>\nJokaisessa korussamme on laadukkaat ja tehokkaat neodyymimagneetit.<br \/>\nNeodyymimagneettisis\u00e4ke, jossa on noin 1200 gaussia.<br \/>\nRuostumatonta ter\u00e4st\u00e4, ei sis\u00e4ll\u00e4 kadmiumia, nikkeli\u00e4 eik\u00e4 lyijy\u00e4. Allergiaton.<\/p>","protected":false},"featured_media":2642,"comment_status":"open","ping_status":"closed","template":"","meta":[],"product_brand":[],"product_cat":[17,21],"product_tag":[28],"class_list":{"0":"post-2626","1":"product","2":"type-product","3":"status-publish","4":"has-post-thumbnail","6":"product_cat-alle-produkte","7":"product_cat-halsketten","8":"product_tag-kurfuerst","9":"thunk-woo-product-list","10":"opn-qv-enable","11":"top-store-woo-hover-zoom","12":"top-store-single-product-tab-horizontal","13":"top-store-shadow-","14":"top-store-shadow-hover-","16":"first","17":"instock","18":"sale","19":"taxable","20":"shipping-taxable","21":"purchasable","22":"product-type-simple"},"_links":{"self":[{"href":"https:\/\/trinitixshop.de\/fi\/wp-json\/wp\/v2\/product\/2626","targetHints":{"allow":["GET"]}}],"collection":[{"href":"https:\/\/trinitixshop.de\/fi\/wp-json\/wp\/v2\/product"}],"about":[{"href":"https:\/\/trinitixshop.de\/fi\/wp-json\/wp\/v2\/types\/product"}],"replies":[{"embeddable":true,"href":"https:\/\/trinitixshop.de\/fi\/wp-json\/wp\/v2\/comments?post=2626"}],"wp:featuredmedia":[{"embeddable":true,"href":"https:\/\/trinitixshop.de\/fi\/wp-json\/wp\/v2\/media\/2642"}],"wp:attachment":[{"href":"https:\/\/trinitixshop.de\/fi\/wp-json\/wp\/v2\/media?parent=2626"}],"wp:term":[{"taxonomy":"product_brand","embeddable":true,"href":"https:\/\/trinitixshop.de\/fi\/wp-json\/wp\/v2\/product_brand?post=2626"},{"taxonomy":"product_cat","embeddable":true,"href":"https:\/\/trinitixshop.de\/fi\/wp-json\/wp\/v2\/product_cat?post=2626"},{"taxonomy":"product_tag","embeddable":true,"href":"https:\/\/trinitixshop.de\/fi\/wp-json\/wp\/v2\/product_tag?post=2626"}],"curies":[{"name":"wp","href":"https:\/\/api.w.org\/{rel}","templated":true}]}}