{"id":2629,"date":"2023-06-16T13:34:31","date_gmt":"2023-06-16T11:34:31","guid":{"rendered":"https:\/\/trinitixshop.de\/?post_type=product&#038;p=2629"},"modified":"2024-04-28T08:06:48","modified_gmt":"2024-04-28T06:06:48","slug":"lohikaeaermesydaen-kultainen-ja-swarovski-kristalli-vaaleanpunainen-kaulakoru","status":"publish","type":"product","link":"https:\/\/trinitixshop.de\/fi\/produkt\/dragon-heart-gold-mit-swarovski-crystal-pink-kette\/","title":{"rendered":"Lohik\u00e4\u00e4rmesyd\u00e4n kultainen Swarovski Crystal vaaleanpunainen + ketju # 470"},"content":{"rendered":"<p>NE047000T<\/p>","protected":false},"excerpt":{"rendered":"<p>Magneettiriipus - Lohik\u00e4\u00e4rmesyd\u00e4n - Vaaleanpunainen syd\u00e4n timantti - \u00f8 n. 12 mm,<br \/>\nLaadukkaasti hiottu alkuper\u00e4inen Swarovski-kristallielementti syd\u00e4men muodossa.<br \/>\n24k kova kullattu.<br \/>\nNeodyymimagneetti-insertit, joissa on noin 1200 gaussia.<br \/>\nRuostumatonta ter\u00e4st\u00e4, ei sis\u00e4ll\u00e4 kadmiumia, nikkeli\u00e4 eik\u00e4 lyijy\u00e4. Allergiaton.<br \/>\nToimitetaan ruostumattomasta ter\u00e4ksest\u00e4 valmistetulla k\u00e4\u00e4rmeketjulla, jossa on hummerilukko.<br \/>\nYksitt\u00e4isen ketjun pituus n. 40,5 - 52 cm.<br \/>\nSparkling = kimalteleva magneettiriipus - Crystal Pink Heart - suurella aidolla Swarovski Crystal Solitaire -elementill\u00e4 tuo hymyn huulille.<br \/>\nYhdess\u00e4 t\u00e4m\u00e4n yksinkertaisen, ruostumattomasta ter\u00e4ksest\u00e4 valmistetun k\u00e4\u00e4rmeketjun kanssa on<br \/>\nriipus - Crystal Pink Heart - on erityisen tehokas. Kiilto on<br \/>\nSwarovskin kristalleja, magneettien voimaa ja ihoyst\u00e4v\u00e4llist\u00e4 ruostumatonta ter\u00e4st\u00e4.<br \/>\nvarmistat, ettet en\u00e4\u00e4 koskaan halua ottaa t\u00e4t\u00e4 korua pois.<br \/>\nPuhdasta eleganssia ? n\u00e4in t\u00e4t\u00e4 ihanaa korua voi kuvata vain kahdella sanalla.<br \/>\nsanoja kuvaamaan sit\u00e4. K\u00e4\u00e4rmem\u00e4inen kaulakoru, joka kietoutuu lempe\u00e4sti jokaisen naisen kaulan ymp\u00e4rille.<br \/>\nja magneettinen riipus, joka koristaa jokaista kaula-aukkoa, tekev\u00e4t t\u00e4st\u00e4 korusta ainutlaatuisen kauniin asusteen.<\/p>","protected":false},"featured_media":2639,"comment_status":"open","ping_status":"closed","template":"","meta":[],"product_brand":[],"product_cat":[17,21],"product_tag":[28],"class_list":{"0":"post-2629","1":"product","2":"type-product","3":"status-publish","4":"has-post-thumbnail","6":"product_cat-alle-produkte","7":"product_cat-halsketten","8":"product_tag-kurfuerst","9":"thunk-woo-product-list","10":"opn-qv-enable","11":"top-store-woo-hover-zoom","12":"top-store-single-product-tab-horizontal","13":"top-store-shadow-","14":"top-store-shadow-hover-","16":"first","17":"instock","18":"taxable","19":"shipping-taxable","20":"purchasable","21":"product-type-simple"},"_links":{"self":[{"href":"https:\/\/trinitixshop.de\/fi\/wp-json\/wp\/v2\/product\/2629","targetHints":{"allow":["GET"]}}],"collection":[{"href":"https:\/\/trinitixshop.de\/fi\/wp-json\/wp\/v2\/product"}],"about":[{"href":"https:\/\/trinitixshop.de\/fi\/wp-json\/wp\/v2\/types\/product"}],"replies":[{"embeddable":true,"href":"https:\/\/trinitixshop.de\/fi\/wp-json\/wp\/v2\/comments?post=2629"}],"wp:featuredmedia":[{"embeddable":true,"href":"https:\/\/trinitixshop.de\/fi\/wp-json\/wp\/v2\/media\/2639"}],"wp:attachment":[{"href":"https:\/\/trinitixshop.de\/fi\/wp-json\/wp\/v2\/media?parent=2629"}],"wp:term":[{"taxonomy":"product_brand","embeddable":true,"href":"https:\/\/trinitixshop.de\/fi\/wp-json\/wp\/v2\/product_brand?post=2629"},{"taxonomy":"product_cat","embeddable":true,"href":"https:\/\/trinitixshop.de\/fi\/wp-json\/wp\/v2\/product_cat?post=2629"},{"taxonomy":"product_tag","embeddable":true,"href":"https:\/\/trinitixshop.de\/fi\/wp-json\/wp\/v2\/product_tag?post=2629"}],"curies":[{"name":"wp","href":"https:\/\/api.w.org\/{rel}","templated":true}]}}