{"id":2630,"date":"2023-06-16T13:34:31","date_gmt":"2023-06-16T11:34:31","guid":{"rendered":"https:\/\/trinitixshop.de\/?post_type=product&#038;p=2630"},"modified":"2023-06-16T14:13:01","modified_gmt":"2023-06-16T12:13:01","slug":"ruostumattomasta-teraeksestae-kaeaerme-kaulakoru-hopea-magneettilaatalla-varustettuna","status":"publish","type":"product","link":"https:\/\/trinitixshop.de\/fi\/produkt\/edelstahl-schlangen-halskette-silber-mit-magnetplaettchen\/","title":{"rendered":"Ruostumattomasta ter\u00e4ksest\u00e4 k\u00e4\u00e4rme kaulakoru hopea magneettikiekoilla"},"content":{"rendered":"<p>NE095000T<\/p>","protected":false},"excerpt":{"rendered":"<p>Exclusive hieno ruostumattomasta ter\u00e4ksest\u00e4 k\u00e4\u00e4rme kaulakoru<br \/>\n(leveys: 2,2 mm, paksuus: 0,7 mm) magneettilevyill\u00e4, tavallinen \/ hopea.<br \/>\nMagneettikiekko on valmistettu ihoyst\u00e4v\u00e4llisest\u00e4 ruostumattomasta ter\u00e4ksest\u00e4 ja kahdesta voimakkaasta neodyymimagneetista, joissa on noin 1200 gaussia.<br \/>\nKetjun pituutta voidaan helposti vaihdella.<br \/>\nKetjun pituus: M (40 cm) - XL (50 cm).<br \/>\nMateriaali: Ruostumaton ter\u00e4s, nikkeliallergiaton.<br \/>\nV\u00e4ri: hopea. Hummerilukko.<br \/>\nRuostumattomasta ter\u00e4ksest\u00e4 valmistettu kaulakoru on ajaton koru, joka sopii aina.<br \/>\nRuostumattomasta ter\u00e4ksest\u00e4 valmistetun kaulakorun unisex-muotoilu sopii sek\u00e4 miehelle ett\u00e4 naiselle.<br \/>\nRuostumattomasta ter\u00e4ksest\u00e4 valmistettu kaulakoru on erityisen tehokas yhdistettyn\u00e4 rentoon riipukseen.<br \/>\nKoe selke\u00e4t muodot ja klassinen muotoilu joka tilanteeseen.<\/p>","protected":false},"featured_media":2645,"comment_status":"open","ping_status":"closed","template":"","meta":[],"product_brand":[],"product_cat":[17,21],"product_tag":[25],"class_list":{"0":"post-2630","1":"product","2":"type-product","3":"status-publish","4":"has-post-thumbnail","6":"product_cat-alle-produkte","7":"product_cat-halsketten","8":"product_tag-t-prime","9":"thunk-woo-product-list","10":"opn-qv-enable","11":"top-store-woo-hover-zoom","12":"top-store-single-product-tab-horizontal","13":"top-store-shadow-","14":"top-store-shadow-hover-","16":"first","17":"instock","18":"taxable","19":"shipping-taxable","20":"purchasable","21":"product-type-simple"},"_links":{"self":[{"href":"https:\/\/trinitixshop.de\/fi\/wp-json\/wp\/v2\/product\/2630","targetHints":{"allow":["GET"]}}],"collection":[{"href":"https:\/\/trinitixshop.de\/fi\/wp-json\/wp\/v2\/product"}],"about":[{"href":"https:\/\/trinitixshop.de\/fi\/wp-json\/wp\/v2\/types\/product"}],"replies":[{"embeddable":true,"href":"https:\/\/trinitixshop.de\/fi\/wp-json\/wp\/v2\/comments?post=2630"}],"wp:featuredmedia":[{"embeddable":true,"href":"https:\/\/trinitixshop.de\/fi\/wp-json\/wp\/v2\/media\/2645"}],"wp:attachment":[{"href":"https:\/\/trinitixshop.de\/fi\/wp-json\/wp\/v2\/media?parent=2630"}],"wp:term":[{"taxonomy":"product_brand","embeddable":true,"href":"https:\/\/trinitixshop.de\/fi\/wp-json\/wp\/v2\/product_brand?post=2630"},{"taxonomy":"product_cat","embeddable":true,"href":"https:\/\/trinitixshop.de\/fi\/wp-json\/wp\/v2\/product_cat?post=2630"},{"taxonomy":"product_tag","embeddable":true,"href":"https:\/\/trinitixshop.de\/fi\/wp-json\/wp\/v2\/product_tag?post=2630"}],"curies":[{"name":"wp","href":"https:\/\/api.w.org\/{rel}","templated":true}]}}