{"id":2633,"date":"2023-06-16T13:34:31","date_gmt":"2023-06-16T11:34:31","guid":{"rendered":"https:\/\/trinitixshop.de\/?post_type=product&#038;p=2633"},"modified":"2025-10-02T13:44:33","modified_gmt":"2025-10-02T11:44:33","slug":"asetettu-lohikaeaerme-silmae-kulta-swarovski-solitaire-kristalli-valkoinen","status":"publish","type":"product","link":"https:\/\/trinitixshop.de\/fi\/produkt\/set-dragon-eye-gold-mit-swarovski-solitaire-crystal-weiss\/","title":{"rendered":"Set Dragon Eye gold mit Swarovski Solitaire Crystal wei\u00df # 459 gw"},"content":{"rendered":"<p>NE459100T<\/p>","protected":false},"excerpt":{"rendered":"<p>Magneettinen riipus - Dragon Eye - kulta - Solitaire Crystal - White Diamond-<br \/>\n24k kova kullattu, \u00f8 n. 12 mm, laadukkaasti hiottu alkuper\u00e4inen Swarovski-kristalli.<br \/>\nNeodyymimagneetti-insertit, joissa on noin 1200 gaussia.<br \/>\nRuostumatonta ter\u00e4st\u00e4, ei sis\u00e4ll\u00e4 kadmiumia, nikkeli\u00e4 eik\u00e4 lyijy\u00e4. Allergiaton.<br \/>\nToimitetaan ruostumattomasta ter\u00e4ksest\u00e4 valmistetulla k\u00e4\u00e4rmeketjulla, jossa on hummerilukko.<br \/>\nYksitt\u00e4isen ketjun pituus n. 40,5 - 52 cm.<br \/>\nPieni - mutta lumoava.<br \/>\nKimalteleva magneettinen riipus - meripihka kristalli - jossa on<br \/>\nsuuri aito Swarovski-elementti tuo hymyn kasvoillesi. Osoitteessa<br \/>\nYhdess\u00e4 t\u00e4m\u00e4n yksinkertaisen ruostumattomasta ter\u00e4ksest\u00e4 valmistetun k\u00e4\u00e4rmeketjun kanssa riipus p\u00e4\u00e4see oikeuksiinsa. Swarovski-kristallien kimallus, magneetin voima ja ihoyst\u00e4v\u00e4llinen ruostumaton ter\u00e4s takaavat, ettet en\u00e4\u00e4 koskaan halua ottaa t\u00e4t\u00e4 korua pois.<br \/>\nPuhdasta eleganssia - n\u00e4in voidaan kuvata t\u00e4t\u00e4 ihanaa korua vain kahdella sanalla. K\u00e4\u00e4rmekoru, joka kietoutuu lempe\u00e4sti jokaisen naisen kaulan ymp\u00e4rille.<br \/>\nja magneettinen riipus, joka koristaa jokaista kaula-aukkoa, tekev\u00e4t t\u00e4st\u00e4 korusta ainutlaatuisen kauniin asusteen.<\/p>","protected":false},"featured_media":2638,"comment_status":"open","ping_status":"closed","template":"","meta":[],"product_brand":[],"product_cat":[17,21],"product_tag":[26],"class_list":{"0":"post-2633","1":"product","2":"type-product","3":"status-publish","4":"has-post-thumbnail","6":"product_cat-alle-produkte","7":"product_cat-halsketten","8":"product_tag-paja","9":"thunk-woo-product-list","10":"opn-qv-enable","11":"top-store-woo-hover-zoom","12":"top-store-single-product-tab-horizontal","13":"top-store-shadow-","14":"top-store-shadow-hover-","16":"first","17":"instock","18":"sale","19":"taxable","20":"shipping-taxable","21":"purchasable","22":"product-type-simple"},"_links":{"self":[{"href":"https:\/\/trinitixshop.de\/fi\/wp-json\/wp\/v2\/product\/2633","targetHints":{"allow":["GET"]}}],"collection":[{"href":"https:\/\/trinitixshop.de\/fi\/wp-json\/wp\/v2\/product"}],"about":[{"href":"https:\/\/trinitixshop.de\/fi\/wp-json\/wp\/v2\/types\/product"}],"replies":[{"embeddable":true,"href":"https:\/\/trinitixshop.de\/fi\/wp-json\/wp\/v2\/comments?post=2633"}],"wp:featuredmedia":[{"embeddable":true,"href":"https:\/\/trinitixshop.de\/fi\/wp-json\/wp\/v2\/media\/2638"}],"wp:attachment":[{"href":"https:\/\/trinitixshop.de\/fi\/wp-json\/wp\/v2\/media?parent=2633"}],"wp:term":[{"taxonomy":"product_brand","embeddable":true,"href":"https:\/\/trinitixshop.de\/fi\/wp-json\/wp\/v2\/product_brand?post=2633"},{"taxonomy":"product_cat","embeddable":true,"href":"https:\/\/trinitixshop.de\/fi\/wp-json\/wp\/v2\/product_cat?post=2633"},{"taxonomy":"product_tag","embeddable":true,"href":"https:\/\/trinitixshop.de\/fi\/wp-json\/wp\/v2\/product_tag?post=2633"}],"curies":[{"name":"wp","href":"https:\/\/api.w.org\/{rel}","templated":true}]}}