{"id":2802,"date":"2023-06-28T14:00:10","date_gmt":"2023-06-28T12:00:10","guid":{"rendered":"https:\/\/trinitixshop.de\/?post_type=product&#038;p=2802"},"modified":"2024-02-02T12:43:14","modified_gmt":"2024-02-02T11:43:14","slug":"ruostumattomasta-teraeksestae-valmistettu-magneettinen-sydaen-tcm-salamanterikaiverruksella","status":"publish","type":"product","link":"https:\/\/trinitixshop.de\/fi\/produkt\/edelstahl-magnetherz-tcm-mit-salamander-gravur\/","title":{"rendered":"Ruostumattomasta ter\u00e4ksest\u00e4 valmistettu magneettinen syd\u00e4n TCM salamanterikaiverruksella # 177"},"content":{"rendered":"<p>HX017703T<\/p>","protected":false},"excerpt":{"rendered":"<p>Positiivinen ENERGIA Magneetti - Voima - Syd\u00e4n 2-puoleinen ruostumattomasta ter\u00e4ksest\u00e4.<br \/>\nERIKOISPEDITIO, jossa on eksklusiivinen salamanterikaiverrus. \u00d8 n. 3 cm. Ruostumatonta ter\u00e4st\u00e4,<br \/>\nEritt\u00e4in vahva magneetti n. 3000 gaussia.<br \/>\nHelppo kiinnitt\u00e4\u00e4 vaatteisiin vastakappaleen avulla. Kaiverrettu puoli on tarkoitettu k\u00e4ytett\u00e4v\u00e4ksi vartalossa.<br \/>\nIhanteellinen sel\u00e4lle, hartioille, niskalle tai vatsalle. N\u00e4kyv\u00e4 tai n\u00e4kym\u00e4t\u00f6n, magneettinen syd\u00e4n on kumppani koko p\u00e4iv\u00e4ksi!<br \/>\nSyd\u00e4n koostuu kahdesta osasta, ja se on helppo kiinnitt\u00e4\u00e4 vaatteisiin magneettivoiman avulla.<br \/>\nJo muinaiset kiinalaiset tiesiv\u00e4t tuhansia vuosia sitten, miten t\u00e4rke\u00e4\u00e4 tasapainoinen keho ja harmoninen energiavirta ovat hyvinvoinnillemme.<br \/>\nPerinteisen kiinalaisen akupunktiohoidon lis\u00e4ksi magneettikentt\u00e4hoito lis\u00e4\u00e4 verenkiertoa ja tehostaa aineenvaihduntaa.<br \/>\nItseparannusvoimat stimuloituvat ja kehon puolustuskyky vahvistuu.<br \/>\nHaluamme huomauttaa, ett\u00e4 olettamuksiamme ja lausuntojamme magneettikorujen k\u00e4yt\u00f6st\u00e4 ei ole tieteellisesti todistettu, ja siksi perinteinen l\u00e4\u00e4ketiede hylk\u00e4\u00e4 ne.<\/p>","protected":false},"featured_media":2850,"comment_status":"open","ping_status":"closed","template":"","meta":[],"product_brand":[],"product_cat":[17,23],"product_tag":[29],"class_list":{"0":"post-2802","1":"product","2":"type-product","3":"status-publish","4":"has-post-thumbnail","6":"product_cat-alle-produkte","7":"product_cat-korpermagnete","8":"product_tag-remedium","9":"thunk-woo-product-list","10":"opn-qv-enable","11":"top-store-woo-hover-zoom","12":"top-store-single-product-tab-horizontal","13":"top-store-shadow-","14":"top-store-shadow-hover-","16":"first","17":"instock","18":"sale","19":"taxable","20":"shipping-taxable","21":"purchasable","22":"product-type-simple"},"_links":{"self":[{"href":"https:\/\/trinitixshop.de\/fi\/wp-json\/wp\/v2\/product\/2802","targetHints":{"allow":["GET"]}}],"collection":[{"href":"https:\/\/trinitixshop.de\/fi\/wp-json\/wp\/v2\/product"}],"about":[{"href":"https:\/\/trinitixshop.de\/fi\/wp-json\/wp\/v2\/types\/product"}],"replies":[{"embeddable":true,"href":"https:\/\/trinitixshop.de\/fi\/wp-json\/wp\/v2\/comments?post=2802"}],"wp:featuredmedia":[{"embeddable":true,"href":"https:\/\/trinitixshop.de\/fi\/wp-json\/wp\/v2\/media\/2850"}],"wp:attachment":[{"href":"https:\/\/trinitixshop.de\/fi\/wp-json\/wp\/v2\/media?parent=2802"}],"wp:term":[{"taxonomy":"product_brand","embeddable":true,"href":"https:\/\/trinitixshop.de\/fi\/wp-json\/wp\/v2\/product_brand?post=2802"},{"taxonomy":"product_cat","embeddable":true,"href":"https:\/\/trinitixshop.de\/fi\/wp-json\/wp\/v2\/product_cat?post=2802"},{"taxonomy":"product_tag","embeddable":true,"href":"https:\/\/trinitixshop.de\/fi\/wp-json\/wp\/v2\/product_tag?post=2802"}],"curies":[{"name":"wp","href":"https:\/\/api.w.org\/{rel}","templated":true}]}}