{"id":2809,"date":"2023-06-28T14:00:10","date_gmt":"2023-06-28T12:00:10","guid":{"rendered":"https:\/\/trinitixshop.de\/?post_type=product&#038;p=2809"},"modified":"2023-06-28T15:57:48","modified_gmt":"2023-06-28T13:57:48","slug":"ruostumattomasta-teraeksestae-kupari-voima-sydaen-pegasus-kaiverruksella","status":"publish","type":"product","link":"https:\/\/trinitixshop.de\/fi\/produkt\/edelstahl-kupfer-powerherz-mit-pegasus-gravur\/","title":{"rendered":"Ruostumattomasta ter\u00e4ksest\u00e4 \/ kuparista valmistettu voimasyd\u00e4n, jossa on Pegasus-kaiverrus"},"content":{"rendered":"<p>HX111404T<\/p>","protected":false},"excerpt":{"rendered":"<p>TCM Magnet - Power - Heart korkealaatuisella kuparipuolella (99,8% puhdasta kuparia),<br \/>\nEritt\u00e4in vahva magneetti (noin 3000 gaussia). Erikoispainos, jossa on Pegasus-kaiverrus vastakappaleessa.<br \/>\nSyd\u00e4n koostuu kahdesta osasta, ja se yksinkertaisesti kiinnitet\u00e4\u00e4n vaatteisiin vastakappaleen kanssa magneettivoiman avulla.<br \/>\nKuparin (CU) oletettu vaikutus: Edist\u00e4\u00e4 vasta-aineiden muodostumista puolustusj\u00e4rjestelm\u00e4ss\u00e4, kasvua, kehityst\u00e4, luuston vahvistumista. Kuparipuoli on k\u00e4ytett\u00e4v\u00e4 iholla (polariteetti: pohjoinen Jo muinaiset kiinalaiset tiesiv\u00e4t tuhansia vuosia sitten, kuinka t\u00e4rke\u00e4\u00e4 tasapainoinen keho ja harmoninen energiavirta ovat hyvinvoinnillemme.<br \/>\nPerinteisen kiinalaisen akupunktiohoidon lis\u00e4ksi magneettikentt\u00e4hoito lis\u00e4\u00e4 verenkiertoa ja tehostaa aineenvaihduntaa.<br \/>\nItseparannusvoimat stimuloituvat ja kehon puolustuskyky vahvistuu.<br \/>\nHaluamme huomauttaa, ett\u00e4 olettamuksiamme ja lausuntojamme magneettikorujen k\u00e4yt\u00f6st\u00e4 ei ole tieteellisesti todistettu, ja siksi perinteinen l\u00e4\u00e4ketiede hylk\u00e4\u00e4 ne.<\/p>","protected":false},"featured_media":2861,"comment_status":"open","ping_status":"closed","template":"","meta":[],"product_brand":[],"product_cat":[17,23],"product_tag":[29],"class_list":{"0":"post-2809","1":"product","2":"type-product","3":"status-publish","4":"has-post-thumbnail","6":"product_cat-alle-produkte","7":"product_cat-korpermagnete","8":"product_tag-remedium","9":"thunk-woo-product-list","10":"opn-qv-enable","11":"top-store-woo-hover-zoom","12":"top-store-single-product-tab-horizontal","13":"top-store-shadow-","14":"top-store-shadow-hover-","16":"first","17":"instock","18":"sale","19":"taxable","20":"shipping-taxable","21":"purchasable","22":"product-type-simple"},"_links":{"self":[{"href":"https:\/\/trinitixshop.de\/fi\/wp-json\/wp\/v2\/product\/2809","targetHints":{"allow":["GET"]}}],"collection":[{"href":"https:\/\/trinitixshop.de\/fi\/wp-json\/wp\/v2\/product"}],"about":[{"href":"https:\/\/trinitixshop.de\/fi\/wp-json\/wp\/v2\/types\/product"}],"replies":[{"embeddable":true,"href":"https:\/\/trinitixshop.de\/fi\/wp-json\/wp\/v2\/comments?post=2809"}],"wp:featuredmedia":[{"embeddable":true,"href":"https:\/\/trinitixshop.de\/fi\/wp-json\/wp\/v2\/media\/2861"}],"wp:attachment":[{"href":"https:\/\/trinitixshop.de\/fi\/wp-json\/wp\/v2\/media?parent=2809"}],"wp:term":[{"taxonomy":"product_brand","embeddable":true,"href":"https:\/\/trinitixshop.de\/fi\/wp-json\/wp\/v2\/product_brand?post=2809"},{"taxonomy":"product_cat","embeddable":true,"href":"https:\/\/trinitixshop.de\/fi\/wp-json\/wp\/v2\/product_cat?post=2809"},{"taxonomy":"product_tag","embeddable":true,"href":"https:\/\/trinitixshop.de\/fi\/wp-json\/wp\/v2\/product_tag?post=2809"}],"curies":[{"name":"wp","href":"https:\/\/api.w.org\/{rel}","templated":true}]}}