{"id":2815,"date":"2023-06-28T14:00:11","date_gmt":"2023-06-28T12:00:11","guid":{"rendered":"https:\/\/trinitixshop.de\/?post_type=product&#038;p=2815"},"modified":"2023-06-28T14:54:57","modified_gmt":"2023-06-28T12:54:57","slug":"vastine-siivet-powerherz-kastanja","status":"publish","type":"product","link":"https:\/\/trinitixshop.de\/fi\/produkt\/gegenstueck-wings-fuer-powerherz-kastanie\/","title":{"rendered":"Powerherz kastanjan vastinsiivet"},"content":{"rendered":"<p>AX133AW0T<\/p>","protected":false},"excerpt":{"rendered":"<p>\"Wings\"-vastine MagnetHeart \/ Body Magnet \/ Powerherz -kipulaastareille uudessa Alessin muotoilussa.<br \/>\nEritt\u00e4in kiillotettu. Urheilullinen ja kaunis katseenvangitsija jokaiseen p\u00e4iv\u00e4\u00e4n.<br \/>\nT\u00e4m\u00e4 litte\u00e4 vastakappale voimasyd\u00e4melle, jota k\u00e4ytet\u00e4\u00e4n ulkopuolella ja jossa magneetti on, on varteenotettava varaosa.<br \/>\nPowerherz #1114 ja #177 on huippumyyj\u00e4, jonka vastinetta siirret\u00e4\u00e4n toisinaan.<br \/>\nSen vuoksi on suositeltavaa hankkia varaus.<br \/>\nTietoa voimasyd\u00e4mest\u00e4 #1114 ja #177: Ihanteellinen sel\u00e4lle, hartioille, niskalle tai vatsalle.<br \/>\nN\u00e4kyv\u00e4 tai n\u00e4kym\u00e4t\u00f6n, magneettinen syd\u00e4n on kumppani koko p\u00e4iv\u00e4ksi!<br \/>\nSyd\u00e4n koostuu kahdesta osasta, ja se on helppo kiinnitt\u00e4\u00e4 vaatteisiin magneettivoiman avulla.<br \/>\nSyd\u00e4n on varustettu erityisen vahvalla magneettivoimalla, ja sen avulla voit k\u00e4ytt\u00e4\u00e4 sit\u00e4 yksil\u00f6llisesti halutussa asennossa.<\/p>","protected":false},"featured_media":2843,"comment_status":"open","ping_status":"closed","template":"","meta":[],"product_brand":[],"product_cat":[17,23],"product_tag":[29],"class_list":{"0":"post-2815","1":"product","2":"type-product","3":"status-publish","4":"has-post-thumbnail","6":"product_cat-alle-produkte","7":"product_cat-korpermagnete","8":"product_tag-remedium","9":"thunk-woo-product-list","10":"opn-qv-enable","11":"top-store-woo-hover-zoom","12":"top-store-single-product-tab-horizontal","13":"top-store-shadow-","14":"top-store-shadow-hover-","16":"first","17":"instock","18":"taxable","19":"shipping-taxable","20":"purchasable","21":"product-type-simple"},"_links":{"self":[{"href":"https:\/\/trinitixshop.de\/fi\/wp-json\/wp\/v2\/product\/2815","targetHints":{"allow":["GET"]}}],"collection":[{"href":"https:\/\/trinitixshop.de\/fi\/wp-json\/wp\/v2\/product"}],"about":[{"href":"https:\/\/trinitixshop.de\/fi\/wp-json\/wp\/v2\/types\/product"}],"replies":[{"embeddable":true,"href":"https:\/\/trinitixshop.de\/fi\/wp-json\/wp\/v2\/comments?post=2815"}],"wp:featuredmedia":[{"embeddable":true,"href":"https:\/\/trinitixshop.de\/fi\/wp-json\/wp\/v2\/media\/2843"}],"wp:attachment":[{"href":"https:\/\/trinitixshop.de\/fi\/wp-json\/wp\/v2\/media?parent=2815"}],"wp:term":[{"taxonomy":"product_brand","embeddable":true,"href":"https:\/\/trinitixshop.de\/fi\/wp-json\/wp\/v2\/product_brand?post=2815"},{"taxonomy":"product_cat","embeddable":true,"href":"https:\/\/trinitixshop.de\/fi\/wp-json\/wp\/v2\/product_cat?post=2815"},{"taxonomy":"product_tag","embeddable":true,"href":"https:\/\/trinitixshop.de\/fi\/wp-json\/wp\/v2\/product_tag?post=2815"}],"curies":[{"name":"wp","href":"https:\/\/api.w.org\/{rel}","templated":true}]}}