{"id":2819,"date":"2023-06-28T14:00:11","date_gmt":"2023-06-28T12:00:11","guid":{"rendered":"https:\/\/trinitixshop.de\/?post_type=product&#038;p=2819"},"modified":"2023-06-28T14:59:29","modified_gmt":"2023-06-28T12:59:29","slug":"kupariliuska-jonka-sisaellae-on-magneetteja-n-22-x-3-mm","status":"publish","type":"product","link":"https:\/\/trinitixshop.de\/fi\/produkt\/kupfer-slider-mit-magneten-innen-ca-22-x-3-mm\/","title":{"rendered":"Kuparinen liuska, jonka sis\u00e4ll\u00e4 on magneetteja n. 22 x 3 mm."},"content":{"rendered":"<p>AX910300T<\/p>","protected":false},"excerpt":{"rendered":"<p>Hienos\u00e4\u00e4d\u00e4 ranneketta tai kelloa, olipa kyseess\u00e4 analoginen tai \u00e4lykello jne.<br \/>\nK\u00e4yt\u00e4 kupariliukus\u00e4\u00e4dint\u00e4 ja tee siit\u00e4 magneettinen rannekoru.<br \/>\nNeodyymimagneetti-insertit, joissa on noin 1200 gaussia.<br \/>\nSis\u00e4mitat noin 17 x 2,5 mm, ulkomitat noin 20 x 5,4 mm.<br \/>\nLiukusilmukassa on liukusilmukka ... mm leveille ja jopa ... mm paksuille hihnoille, joten se on helppo liu'uttaa jopa ... mm leveisiin hihnoihin.<br \/>\nZ. Esim. nahkaan, korkkiin, kovaan muoviin, silikoniin jne. litte\u00e4ss\u00e4 versiossa. #<br \/>\nAvaa vain rannekkeen lukko, ty\u00f6nn\u00e4 liukus\u00e4\u00e4din p\u00e4\u00e4lle ja sulje ranneke uudelleen. # Valmis !<br \/>\n99% puhdasta kuparia.<br \/>\nKuparin (CU) oletettu tieteellinen vaikutus:<br \/>\nEdist\u00e4\u00e4 vasta-aineiden muodostumista puolustusj\u00e4rjestelm\u00e4ss\u00e4, kasvua, kehityst\u00e4 ja luuston vahvistumista.<br \/>\n2 magneetilla varustettua puolta on k\u00e4ytett\u00e4v\u00e4 ihoa vasten (napaisuus: pohjoinen).<\/p>","protected":false},"featured_media":2846,"comment_status":"open","ping_status":"closed","template":"","meta":[],"product_brand":[],"product_cat":[17,23],"product_tag":[29],"class_list":{"0":"post-2819","1":"product","2":"type-product","3":"status-publish","4":"has-post-thumbnail","6":"product_cat-alle-produkte","7":"product_cat-korpermagnete","8":"product_tag-remedium","9":"thunk-woo-product-list","10":"opn-qv-enable","11":"top-store-woo-hover-zoom","12":"top-store-single-product-tab-horizontal","13":"top-store-shadow-","14":"top-store-shadow-hover-","16":"first","17":"instock","18":"sale","19":"taxable","20":"shipping-taxable","21":"purchasable","22":"product-type-simple"},"_links":{"self":[{"href":"https:\/\/trinitixshop.de\/fi\/wp-json\/wp\/v2\/product\/2819","targetHints":{"allow":["GET"]}}],"collection":[{"href":"https:\/\/trinitixshop.de\/fi\/wp-json\/wp\/v2\/product"}],"about":[{"href":"https:\/\/trinitixshop.de\/fi\/wp-json\/wp\/v2\/types\/product"}],"replies":[{"embeddable":true,"href":"https:\/\/trinitixshop.de\/fi\/wp-json\/wp\/v2\/comments?post=2819"}],"wp:featuredmedia":[{"embeddable":true,"href":"https:\/\/trinitixshop.de\/fi\/wp-json\/wp\/v2\/media\/2846"}],"wp:attachment":[{"href":"https:\/\/trinitixshop.de\/fi\/wp-json\/wp\/v2\/media?parent=2819"}],"wp:term":[{"taxonomy":"product_brand","embeddable":true,"href":"https:\/\/trinitixshop.de\/fi\/wp-json\/wp\/v2\/product_brand?post=2819"},{"taxonomy":"product_cat","embeddable":true,"href":"https:\/\/trinitixshop.de\/fi\/wp-json\/wp\/v2\/product_cat?post=2819"},{"taxonomy":"product_tag","embeddable":true,"href":"https:\/\/trinitixshop.de\/fi\/wp-json\/wp\/v2\/product_tag?post=2819"}],"curies":[{"name":"wp","href":"https:\/\/api.w.org\/{rel}","templated":true}]}}