{"id":2820,"date":"2023-06-28T14:00:11","date_gmt":"2023-06-28T12:00:11","guid":{"rendered":"https:\/\/trinitixshop.de\/?post_type=product&#038;p=2820"},"modified":"2024-02-25T13:50:13","modified_gmt":"2024-02-25T12:50:13","slug":"power-strip-kaulus-magneetti-ruostumaton-teraes-litteae","status":"publish","type":"product","link":"https:\/\/trinitixshop.de\/fi\/produkt\/power-strip-kragenmagnet-edelstahl-flach\/","title":{"rendered":"Power Strip kaulusmagneetti litte\u00e4 # 877 ruostumatonta ter\u00e4st\u00e4"},"content":{"rendered":"<p>HX087700T<\/p>","protected":false},"excerpt":{"rendered":"<p>TCM-kauluksen magneetti, tehomagneettinauha, \"kipulaastarit\". Ruostumaton ter\u00e4s, nikkeliallergiaton, kiillotettu, antiallergeeninen.<br \/>\n\u00d8 noin 3,7 x 2 cm. Paksuus n. 3 mm.<br \/>\n2 eritt\u00e4in vahvaa magneettia (n. 3000 gaussia).<br \/>\nHelppo kiinnitt\u00e4\u00e4 vaatteisiin vastakappaleen avulla.<br \/>\nIhanteellinen sel\u00e4lle, hartioille, niskalle tai vatsalle.<br \/>\nN\u00e4kyv\u00e4 tai n\u00e4kym\u00e4t\u00f6n, magneettinen syd\u00e4n on kumppani koko p\u00e4iv\u00e4ksi!<br \/>\nMagneettinauha koostuu kahdesta osasta, ja se on helppo kiinnitt\u00e4\u00e4 vaatteisiin magneettivoiman avulla. Liuska on varustettu erityisen vahvalla magneettivoimalla, ja sen avulla voit k\u00e4ytt\u00e4\u00e4 sit\u00e4 yksil\u00f6llisesti halutussa asennossa. Magneettinen puoli on k\u00e4ytett\u00e4v\u00e4 kehoa kohti.<br \/>\nMagneettinen voima aktivoi aineenvaihduntaa ja tukee siten kaikkia kehon omia toimintoja.<br \/>\nItseparannusvoimat stimuloituvat ja kehon puolustuskyky vahvistuu.<br \/>\nMagneettikorujen k\u00e4ytt\u00e4minen edist\u00e4\u00e4 hyvinvointia ratkaisevalla tavalla!<br \/>\nJo muinaiset kiinalaiset tiesiv\u00e4t tuhansia vuosia sitten, miten t\u00e4rke\u00e4\u00e4 tasapainoinen keho ja harmoninen energiavirta ovat hyvinvoinnillemme.<br \/>\nPerinteisen kiinalaisen akupunktiohoidon lis\u00e4ksi magneettikentt\u00e4hoito lis\u00e4\u00e4 verenkiertoa ja tehostaa aineenvaihduntaa.<\/p>","protected":false},"featured_media":2847,"comment_status":"open","ping_status":"closed","template":"","meta":[],"product_brand":[],"product_cat":[17,23],"product_tag":[25],"class_list":{"0":"post-2820","1":"product","2":"type-product","3":"status-publish","4":"has-post-thumbnail","6":"product_cat-alle-produkte","7":"product_cat-korpermagnete","8":"product_tag-t-prime","9":"thunk-woo-product-list","10":"opn-qv-enable","11":"top-store-woo-hover-zoom","12":"top-store-single-product-tab-horizontal","13":"top-store-shadow-","14":"top-store-shadow-hover-","16":"first","17":"instock","18":"taxable","19":"shipping-taxable","20":"purchasable","21":"product-type-simple"},"_links":{"self":[{"href":"https:\/\/trinitixshop.de\/fi\/wp-json\/wp\/v2\/product\/2820","targetHints":{"allow":["GET"]}}],"collection":[{"href":"https:\/\/trinitixshop.de\/fi\/wp-json\/wp\/v2\/product"}],"about":[{"href":"https:\/\/trinitixshop.de\/fi\/wp-json\/wp\/v2\/types\/product"}],"replies":[{"embeddable":true,"href":"https:\/\/trinitixshop.de\/fi\/wp-json\/wp\/v2\/comments?post=2820"}],"wp:featuredmedia":[{"embeddable":true,"href":"https:\/\/trinitixshop.de\/fi\/wp-json\/wp\/v2\/media\/2847"}],"wp:attachment":[{"href":"https:\/\/trinitixshop.de\/fi\/wp-json\/wp\/v2\/media?parent=2820"}],"wp:term":[{"taxonomy":"product_brand","embeddable":true,"href":"https:\/\/trinitixshop.de\/fi\/wp-json\/wp\/v2\/product_brand?post=2820"},{"taxonomy":"product_cat","embeddable":true,"href":"https:\/\/trinitixshop.de\/fi\/wp-json\/wp\/v2\/product_cat?post=2820"},{"taxonomy":"product_tag","embeddable":true,"href":"https:\/\/trinitixshop.de\/fi\/wp-json\/wp\/v2\/product_tag?post=2820"}],"curies":[{"name":"wp","href":"https:\/\/api.w.org\/{rel}","templated":true}]}}