{"id":2822,"date":"2023-06-28T14:00:12","date_gmt":"2023-06-28T12:00:12","guid":{"rendered":"https:\/\/trinitixshop.de\/?post_type=product&#038;p=2822"},"modified":"2023-06-28T14:45:03","modified_gmt":"2023-06-28T12:45:03","slug":"silikoni-ihme-magneetti-varvas-magneetti-renkaat-2-kpl","status":"publish","type":"product","link":"https:\/\/trinitixshop.de\/fi\/produkt\/silikon-wondermagnet-zehen-magnetringe-2-stck\/","title":{"rendered":"Silikoni WONDERMAGNET varvas magneettirenkaat 2 kpl."},"content":{"rendered":"<p>PB_WON_2<\/p>","protected":false},"excerpt":{"rendered":"<p>2 x silikoninen varvasmagneettirengas aineenvaihdunnan lis\u00e4\u00e4miseksi.<br \/>\nSormukset ovat pehme\u00e4t, mukavat k\u00e4ytt\u00e4\u00e4 ja l\u00e4hes n\u00e4kym\u00e4tt\u00f6m\u00e4t. Pest\u00e4v\u00e4.<br \/>\nMagneettikent\u00e4n voimakkuus: 1100 Gauss (0,11 Tesla). 1 magneetti per rengas. \u00d8 2,5 cm Leveys n. 1,4 cm.<\/p>\n<p>Detox - Enemm\u00e4n energiaa kuin koskaan aikaisemmin. Detox-ohjelman tueksi.<br \/>\nTehostaa aineenvaihduntaa, vahvistaa immuunij\u00e4rjestelm\u00e4\u00e4 ja antaa uutta energiaa.<br \/>\nSormuksen halkaisija: noin 2,5\/3cm. Sormuksen leveys: noin 1,3cm. Materiaali: silikoni.<br \/>\nSilikoni ei sis\u00e4ll\u00e4 eritt\u00e4in sy\u00f6p\u00e4\u00e4 aiheuttavia pehmittimi\u00e4.<br \/>\nSilikonisista magneettisista varvasrenkaista on tullut erottamaton osa urheilumaailmaa.<\/p>\n<p>Yhdysvalloista tuleva trendi on suosittu monien huippu-urheilijoiden keskuudessa. Magneettinen voima<br \/>\naktivoi aineenvaihduntaa ja tukee siten kaikkia kehon omia toimintoja.<\/p>\n<p>Itseparannusvoimat stimuloituvat ja kehon puolustuskyky vahvistuu.<\/p>\n<p>Magneettikorujen k\u00e4ytt\u00e4minen edist\u00e4\u00e4 hyvinvointia ratkaisevalla tavalla! Jo muinaiset kiinalaiset tiesiv\u00e4t jo tuhansia vuosia sitten, kuinka t\u00e4rke\u00e4\u00e4 tasapainoinen keho ja harmoninen energiavirta ovat hyvinvoinnillemme. Perinteisen kiinalaisen akupunktiohoidon lis\u00e4ksi magneettikentt\u00e4hoito lis\u00e4\u00e4 verenkiertoa ja vilkastuttaa aineenvaihduntaa.<\/p>\n<p>Haluamme huomauttaa, ett\u00e4 olettamuksiamme ja lausuntojamme magneettikorujen k\u00e4yt\u00f6st\u00e4 ei ole tieteellisesti todistettu, ja siksi perinteinen l\u00e4\u00e4ketiede hylk\u00e4\u00e4 ne.<\/p>","protected":false},"featured_media":2836,"comment_status":"open","ping_status":"closed","template":"","meta":[],"product_brand":[],"product_cat":[17,23],"product_tag":[25],"class_list":{"0":"post-2822","1":"product","2":"type-product","3":"status-publish","4":"has-post-thumbnail","6":"product_cat-alle-produkte","7":"product_cat-korpermagnete","8":"product_tag-t-prime","9":"thunk-woo-product-list","10":"opn-qv-enable","11":"top-store-woo-hover-zoom","12":"top-store-single-product-tab-horizontal","13":"top-store-shadow-","14":"top-store-shadow-hover-","16":"first","17":"instock","18":"sale","19":"taxable","20":"shipping-taxable","21":"purchasable","22":"product-type-simple"},"_links":{"self":[{"href":"https:\/\/trinitixshop.de\/fi\/wp-json\/wp\/v2\/product\/2822","targetHints":{"allow":["GET"]}}],"collection":[{"href":"https:\/\/trinitixshop.de\/fi\/wp-json\/wp\/v2\/product"}],"about":[{"href":"https:\/\/trinitixshop.de\/fi\/wp-json\/wp\/v2\/types\/product"}],"replies":[{"embeddable":true,"href":"https:\/\/trinitixshop.de\/fi\/wp-json\/wp\/v2\/comments?post=2822"}],"wp:featuredmedia":[{"embeddable":true,"href":"https:\/\/trinitixshop.de\/fi\/wp-json\/wp\/v2\/media\/2836"}],"wp:attachment":[{"href":"https:\/\/trinitixshop.de\/fi\/wp-json\/wp\/v2\/media?parent=2822"}],"wp:term":[{"taxonomy":"product_brand","embeddable":true,"href":"https:\/\/trinitixshop.de\/fi\/wp-json\/wp\/v2\/product_brand?post=2822"},{"taxonomy":"product_cat","embeddable":true,"href":"https:\/\/trinitixshop.de\/fi\/wp-json\/wp\/v2\/product_cat?post=2822"},{"taxonomy":"product_tag","embeddable":true,"href":"https:\/\/trinitixshop.de\/fi\/wp-json\/wp\/v2\/product_tag?post=2822"}],"curies":[{"name":"wp","href":"https:\/\/api.w.org\/{rel}","templated":true}]}}