{"id":2824,"date":"2023-06-28T14:01:37","date_gmt":"2023-06-28T12:01:37","guid":{"rendered":"https:\/\/trinitixshop.de\/?post_type=product&#038;p=2824"},"modified":"2023-06-28T14:08:52","modified_gmt":"2023-06-28T12:08:52","slug":"remedium-emaeksinen-vetymagneetti-powerstab-bio-booster-3064","status":"publish","type":"product","link":"https:\/\/trinitixshop.de\/fi\/produkt\/remedium-alkaline-hydrogen-magnet-powerstab-bio-booster-3064\/","title":{"rendered":"ReMedium em\u00e4ksinen vety magneetti Powerstab BIO BOOSTER # 3064"},"content":{"rendered":"<p>[99] WX306400T<\/p>\n","protected":false},"excerpt":{"rendered":"<p>T\u00e4ss\u00e4 em\u00e4ksisess\u00e4 tehomagneettitikussa on eritt\u00e4in vahva neodyymimagneetti (noin 5000 gaussia) ja ruuvikorkki. T\u00e4ytt\u00f6 on siis vaihdettavissa.<br \/>\nT\u00e4m\u00e4 em\u00e4ksinen tehomagneettisauva on varustettu mikro- ja molekyylienergiakiteiden, germaniumin, turmaliinin ja maifanshin seoksella.<br \/>\nMikro- ja molekyylienergiakiteet: V\u00e4hent\u00e4\u00e4 nesteen mineraalipitoisuutta, mukaan lukien hapot ja em\u00e4kset. Sieppaa fluoridit, muuttaa kovan veden pehme\u00e4ksi vedeksi.<br \/>\nGermaniumilla sanotaan olevan seuraavat tieteelliset vaikutukset: Se on harmaa\/valkoinen ja hauras puolimetalli. Se koostuu 6 germanium- ja 12 happiatomista.<br \/>\nSe toimittaa soluille happea ja vahvistaa immuunij\u00e4rjestelm\u00e4\u00e4.<br \/>\nSit\u00e4 pidet\u00e4\u00e4n organismin palamisprosessissa syntyvien H+ -ionien radikaalien ker\u00e4\u00e4j\u00e4n\u00e4.<br \/>\nGermanium stimuloi immuunij\u00e4rjestelm\u00e4\u00e4 ja tuo sen tasapainoon.<br \/>\nKehon oma puolustusj\u00e4rjestelm\u00e4 aktivoituu.<br \/>\nTurmaliinilla sanotaan olevan tieteellisi\u00e4 vaikutuksia: se synnytt\u00e4\u00e4 elektrolyysi\u00e4, tuottaa negatiivisia ioneja ja vet\u00e4\u00e4 puoleensa kaukaisia infrapunas\u00e4teit\u00e4 ja hajottaa ne takaisin veteen.<br \/>\nKokonaiskomponentit tarjoavat antibakteerisia ominaisuuksia ja lis\u00e4\u00e4v\u00e4t liuenneen hapen ja ionisoituneiden vesimolekyylien m\u00e4\u00e4r\u00e4\u00e4 pienent\u00e4m\u00e4ll\u00e4 niiden klusterikokoa. (Nanoklusterointi)<br \/>\nMainittu Maifanshin tieteellinen vaikutus: Ylivoimainen sterilointivaikutus, vapauttaa enemm\u00e4n mineraaleja ja aktivoi vett\u00e4 hajottamaan ep\u00e4puhtauksia.<br \/>\nMaifanshia on k\u00e4ytetty Aasiassa vuosisatojen ajan monissa terveystilanteissa, koska se pystyy luomaan negatiivisia ioneja ja yll\u00e4pit\u00e4m\u00e4\u00e4n veden pH-arvoa vakaana.<br \/>\nNeodyymimagneetilla sanotaan olevan tieteellinen vaikutus: Tukee veden pH:n ja ORP:n (hapettumis-pelkistyspotentiaali) yll\u00e4pitoa.<br \/>\nIonisoi nesteen ja rikastuttaa siten kehon soluja hapella.<br \/>\nT\u00e4m\u00e4n seurauksena kehon puolustuskyky ja immuunij\u00e4rjestelm\u00e4 vahvistuvat, mik\u00e4 lis\u00e4\u00e4 fyysist\u00e4 elinvoimaa.<br \/>\nSen lis\u00e4ksi, ett\u00e4 sen k\u00e4ytt\u00f6 optimoi yleist\u00e4 hyvinvointia, se aktivoi kehon ravinteiden saantia ja stimuloi t\u00e4rkeit\u00e4 paranemisprosesseja.<br \/>\nYleist\u00e4: Vesi voi olla hieman sameaa, mutta n\u00e4m\u00e4 ovat juomakelpoisia positiivisia mineraaleja kehollesi ja terveydellesi.<br \/>\nHaittavaikutuksia ei ole.<br \/>\nMagneettinen voima + ionisaatio + mineralisaatio juomassa -<br \/>\nPituus n. 19,5 cm \/ \u00d8 n. 1,85 cm \/ ruostumaton ter\u00e4s \/ nikkelit\u00f6n \/ allergiaton.<\/p>","protected":false},"featured_media":2828,"comment_status":"open","ping_status":"closed","template":"","meta":[],"product_brand":[],"product_cat":[17,22],"product_tag":[29],"class_list":{"0":"post-2824","1":"product","2":"type-product","3":"status-publish","4":"has-post-thumbnail","6":"product_cat-alle-produkte","7":"product_cat-wasserstabe","8":"product_tag-remedium","9":"thunk-woo-product-list","10":"opn-qv-enable","11":"top-store-woo-hover-zoom","12":"top-store-single-product-tab-horizontal","13":"top-store-shadow-","14":"top-store-shadow-hover-","16":"first","17":"instock","18":"sale","19":"taxable","20":"shipping-taxable","21":"purchasable","22":"product-type-simple"},"_links":{"self":[{"href":"https:\/\/trinitixshop.de\/fi\/wp-json\/wp\/v2\/product\/2824","targetHints":{"allow":["GET"]}}],"collection":[{"href":"https:\/\/trinitixshop.de\/fi\/wp-json\/wp\/v2\/product"}],"about":[{"href":"https:\/\/trinitixshop.de\/fi\/wp-json\/wp\/v2\/types\/product"}],"replies":[{"embeddable":true,"href":"https:\/\/trinitixshop.de\/fi\/wp-json\/wp\/v2\/comments?post=2824"}],"wp:featuredmedia":[{"embeddable":true,"href":"https:\/\/trinitixshop.de\/fi\/wp-json\/wp\/v2\/media\/2828"}],"wp:attachment":[{"href":"https:\/\/trinitixshop.de\/fi\/wp-json\/wp\/v2\/media?parent=2824"}],"wp:term":[{"taxonomy":"product_brand","embeddable":true,"href":"https:\/\/trinitixshop.de\/fi\/wp-json\/wp\/v2\/product_brand?post=2824"},{"taxonomy":"product_cat","embeddable":true,"href":"https:\/\/trinitixshop.de\/fi\/wp-json\/wp\/v2\/product_cat?post=2824"},{"taxonomy":"product_tag","embeddable":true,"href":"https:\/\/trinitixshop.de\/fi\/wp-json\/wp\/v2\/product_tag?post=2824"}],"curies":[{"name":"wp","href":"https:\/\/api.w.org\/{rel}","templated":true}]}}