{"id":2826,"date":"2023-06-28T14:01:37","date_gmt":"2023-06-28T12:01:37","guid":{"rendered":"https:\/\/trinitixshop.de\/?post_type=product&#038;p=2826"},"modified":"2023-06-28T14:13:50","modified_gmt":"2023-06-28T12:13:50","slug":"power-magneettinen-sauva-sydaen-swarovski-kristalleilla-446","status":"publish","type":"product","link":"https:\/\/trinitixshop.de\/fi\/produkt\/power-magnetstab-herz-mit-swarovski-crystals-446\/","title":{"rendered":"Teho magneettinen sauva syd\u00e4n Swarovski-kristalleilla # 446"},"content":{"rendered":"<p>[312] WX044600T<\/p>\n","protected":false},"excerpt":{"rendered":"<p>TCM Power Magneettisauva - Syd\u00e4n - kimaltavilla Original Swarovski-kristalleilla.<br \/>\nSyd\u00e4men molemmat puolet ovat identtiset.<br \/>\nRuostumatonta ter\u00e4st\u00e4, kadmiumia, nikkeli\u00e4 ja allergiatonta.<br \/>\nErityisen vahva magneetti tangon p\u00e4\u00e4ss\u00e4 (n. 3000 gaussia).<br \/>\nEnergisoi juomasi. Jos magneettivoima voi muuttaa vett\u00e4 positiivisesti, voit kuvitella, miten positiivinen vaikutus sill\u00e4 on kehon rakenteeseen. Magnetisoidut juomat - hy\u00f6ty\u00e4 keholle. Aseta voimatikku juomaasi (vesi, mehu, olut, viini jne.). Juoman koostumus muuttuu positiivisesti t\u00e4m\u00e4n sauvan avulla. Monet asiakkaat raportoivat, ett\u00e4 juoman maku paranee ja siit\u00e4 tulee pehme\u00e4mpi.<br \/>\n73 % kehosta koostuu vedest\u00e4, p\u00e4\u00e4n sis\u00e4puolella jopa 80%. Tutkijat ovat havainneet, ett\u00e4 veden energiataso nousee, kun sit\u00e4 rikastetaan positiivisella energialla. Jopa sen rakenne muuttuu niin, ett\u00e4 kaikki on t\u00e4ydellisesti ja harmonisesti j\u00e4rjestetty. Mit\u00e4 voimakkaampi positiivinen energia on, sit\u00e4 harmonisempi vedest\u00e4 tulee. Veden negatiivisella energiatasolla on negatiivinen vaikutus kehomme rakenteeseen.<br \/>\nLaita virtal\u00e4hde suoraan lasiin, l\u00e4mpim\u00e4\u00e4n tai kylm\u00e4\u00e4n, mutta ei kiehuvan kuumaan. Kest\u00e4\u00e4 vain noin 10 sekuntia, ennen kuin neste magnetisoituu ja muuttuu<br \/>\nrikastuu positiivisella energialla.<\/p>","protected":false},"featured_media":2832,"comment_status":"open","ping_status":"closed","template":"","meta":[],"product_brand":[],"product_cat":[17,22],"product_tag":[29],"class_list":{"0":"post-2826","1":"product","2":"type-product","3":"status-publish","4":"has-post-thumbnail","6":"product_cat-alle-produkte","7":"product_cat-wasserstabe","8":"product_tag-remedium","9":"thunk-woo-product-list","10":"opn-qv-enable","11":"top-store-woo-hover-zoom","12":"top-store-single-product-tab-horizontal","13":"top-store-shadow-","14":"top-store-shadow-hover-","16":"first","17":"instock","18":"sale","19":"taxable","20":"shipping-taxable","21":"purchasable","22":"product-type-simple"},"_links":{"self":[{"href":"https:\/\/trinitixshop.de\/fi\/wp-json\/wp\/v2\/product\/2826","targetHints":{"allow":["GET"]}}],"collection":[{"href":"https:\/\/trinitixshop.de\/fi\/wp-json\/wp\/v2\/product"}],"about":[{"href":"https:\/\/trinitixshop.de\/fi\/wp-json\/wp\/v2\/types\/product"}],"replies":[{"embeddable":true,"href":"https:\/\/trinitixshop.de\/fi\/wp-json\/wp\/v2\/comments?post=2826"}],"wp:featuredmedia":[{"embeddable":true,"href":"https:\/\/trinitixshop.de\/fi\/wp-json\/wp\/v2\/media\/2832"}],"wp:attachment":[{"href":"https:\/\/trinitixshop.de\/fi\/wp-json\/wp\/v2\/media?parent=2826"}],"wp:term":[{"taxonomy":"product_brand","embeddable":true,"href":"https:\/\/trinitixshop.de\/fi\/wp-json\/wp\/v2\/product_brand?post=2826"},{"taxonomy":"product_cat","embeddable":true,"href":"https:\/\/trinitixshop.de\/fi\/wp-json\/wp\/v2\/product_cat?post=2826"},{"taxonomy":"product_tag","embeddable":true,"href":"https:\/\/trinitixshop.de\/fi\/wp-json\/wp\/v2\/product_tag?post=2826"}],"curies":[{"name":"wp","href":"https:\/\/api.w.org\/{rel}","templated":true}]}}