{"id":2827,"date":"2023-06-28T14:01:37","date_gmt":"2023-06-28T12:01:37","guid":{"rendered":"https:\/\/trinitixshop.de\/?post_type=product&#038;p=2827"},"modified":"2023-11-20T11:41:05","modified_gmt":"2023-11-20T10:41:05","slug":"remedium-tcm-power-magneettitanko-siivet-leikata-bioenergetiikka-246","status":"publish","type":"product","link":"https:\/\/trinitixshop.de\/fi\/produkt\/remedium-tcm-power-magnetstab-wings-cut-bioenergetik-246\/","title":{"rendered":"Remedium TCM Power Magneettinen sauva Wings Cut Bioenergetics # 246"},"content":{"rendered":"<p>WX246000T<\/p>","protected":false},"excerpt":{"rendered":"<p>TCM Power magneettipalkki Wings Cut.<br \/>\nK\u00e4yt\u00e4nn\u00f6llinen leikkaus, jolla voimalasitikku kiinnitet\u00e4\u00e4n lasin reunaan.<br \/>\nMolemmat puolet ovat identtiset.<br \/>\nRuostumatonta ter\u00e4st\u00e4, kadmium-, nikkeli- ja allergiavapaa, n. 15 cm.<br \/>\nErityisen vahva magneetti tangon p\u00e4\u00e4ss\u00e4 (n. 3000 gaussia).<br \/>\nEnergisoi juomasi.<br \/>\nJos magneettivoima voi muuttaa vett\u00e4 positiivisesti, voit kuvitella, miten positiivinen vaikutus sill\u00e4 on kehon rakenteeseen.<br \/>\nMagnetisoidut juomat - hy\u00f6ty\u00e4 keholle.<br \/>\nAseta virtatikku juomaasi (vesi, mehu, olut, viini jne.).<br \/>\nT\u00e4m\u00e4 baari muuttaa juoman koostumusta positiivisesti.<br \/>\nMonet asiakkaat kertovat, ett\u00e4 juoman maku paranee ja siit\u00e4 tulee pehme\u00e4mpi.<br \/>\n73 % kehosta koostuu vedest\u00e4, p\u00e4\u00e4n sis\u00e4puolella jopa 80%.<br \/>\nTutkijat ovat havainneet, ett\u00e4 veden energiataso nousee, kun sit\u00e4 rikastetaan positiivisella energialla. Jopa sen rakenne muuttuu niin, ett\u00e4 kaikki on t\u00e4ydellisesti ja harmonisesti j\u00e4rjest\u00e4ytynyt.<br \/>\nMit\u00e4 voimakkaampi positiivinen energia on, sit\u00e4 harmonisempi vedest\u00e4 tulee.<br \/>\nVeden negatiivisella energiatasolla on kielteinen vaikutus kehomme rakenteeseen.<br \/>\nLaita virtal\u00e4hde suoraan lasiin, l\u00e4mpim\u00e4\u00e4n tai kylm\u00e4\u00e4n, mutta ei kiehuvan kuumaan.<br \/>\nKest\u00e4\u00e4 vain noin 10 sekuntia, ennen kuin neste magnetoituu ja rikastuu positiivisella energialla.<\/p>","protected":false},"featured_media":2834,"comment_status":"open","ping_status":"closed","template":"","meta":[],"product_brand":[],"product_cat":[17,22],"product_tag":[29],"class_list":{"0":"post-2827","1":"product","2":"type-product","3":"status-publish","4":"has-post-thumbnail","6":"product_cat-alle-produkte","7":"product_cat-wasserstabe","8":"product_tag-remedium","9":"thunk-woo-product-list","10":"opn-qv-enable","11":"top-store-woo-hover-zoom","12":"top-store-single-product-tab-horizontal","13":"top-store-shadow-","14":"top-store-shadow-hover-","16":"first","17":"instock","18":"taxable","19":"shipping-taxable","20":"purchasable","21":"product-type-simple"},"_links":{"self":[{"href":"https:\/\/trinitixshop.de\/fi\/wp-json\/wp\/v2\/product\/2827","targetHints":{"allow":["GET"]}}],"collection":[{"href":"https:\/\/trinitixshop.de\/fi\/wp-json\/wp\/v2\/product"}],"about":[{"href":"https:\/\/trinitixshop.de\/fi\/wp-json\/wp\/v2\/types\/product"}],"replies":[{"embeddable":true,"href":"https:\/\/trinitixshop.de\/fi\/wp-json\/wp\/v2\/comments?post=2827"}],"wp:featuredmedia":[{"embeddable":true,"href":"https:\/\/trinitixshop.de\/fi\/wp-json\/wp\/v2\/media\/2834"}],"wp:attachment":[{"href":"https:\/\/trinitixshop.de\/fi\/wp-json\/wp\/v2\/media?parent=2827"}],"wp:term":[{"taxonomy":"product_brand","embeddable":true,"href":"https:\/\/trinitixshop.de\/fi\/wp-json\/wp\/v2\/product_brand?post=2827"},{"taxonomy":"product_cat","embeddable":true,"href":"https:\/\/trinitixshop.de\/fi\/wp-json\/wp\/v2\/product_cat?post=2827"},{"taxonomy":"product_tag","embeddable":true,"href":"https:\/\/trinitixshop.de\/fi\/wp-json\/wp\/v2\/product_tag?post=2827"}],"curies":[{"name":"wp","href":"https:\/\/api.w.org\/{rel}","templated":true}]}}