{"id":3455,"date":"2024-08-07T12:16:49","date_gmt":"2024-08-07T10:16:49","guid":{"rendered":"https:\/\/trinitixshop.de\/?post_type=product&#038;p=3455"},"modified":"2024-08-07T12:16:49","modified_gmt":"2024-08-07T10:16:49","slug":"pro-ion-power-magneetti-silikoni-ranneke-sininen-3-siipiae-design-3600","status":"publish","type":"product","link":"https:\/\/trinitixshop.de\/fi\/produkt\/pro-ion-power-magnet-silikonarmband-blau-3-wings-design-3600\/","title":{"rendered":"Pro Ion Power Magnet silikoniranneke sininen 3 Wings Design # 3600"},"content":{"rendered":"<p>[95] NB360000T<\/p>\n","protected":false},"excerpt":{"rendered":"<p>Positiiviset magneetti-ionit (+2,000) Teho silikoniranneke.<br \/>\nRuostumattomasta ter\u00e4ksest\u00e4 valmistettu korulevy, jossa 3 siipe\u00e4, mattapintainen kiillotettu, fontainebleau\/ tummansininen.<br \/>\nLeveys 13 mm.<br \/>\nMukava ionisoitu power band -silikoniranneke ranteen ymp\u00e4rysmitalle 15 - 23 cm.<br \/>\nSilikonisista magneettisista energiarannekkeista on tullut olennainen osa urheilumaailmaa.<br \/>\nYhdysvalloista tuleva trendi on suosittu monien huippu-urheilijoiden keskuudessa.<br \/>\nN\u00e4m\u00e4 tehorannekkeet ovat eksklusiivinen katseenvangitsija. Suorituskyky, muotoilu ja laatu korkeimmalla tasolla.<br \/>\nAlkuper\u00e4iset Svarowskin parhaat kiilt\u00e4v\u00e4t elementit hurmaavat ainutlaatuisella kimalluksellaan.<br \/>\nEnergiaa ja eleganssia!<br \/>\nJokaisessa korussamme on laadukkaat ja tehokkaat neodyymimagneetit.<br \/>\nNeodyymimagneettisis\u00e4ke, jossa on noin 2200 gaussia.<br \/>\nRuostumatonta l\u00e4\u00e4kinn\u00e4llist\u00e4 ter\u00e4st\u00e4, ei sis\u00e4ll\u00e4 kadmiumia, nikkeli\u00e4 eik\u00e4 lyijy\u00e4. Allergiaton.<br \/>\nIonisoitu silikoni ilman sy\u00f6p\u00e4\u00e4 aiheuttavia pehmittimi\u00e4.<\/p>","protected":false},"featured_media":3456,"comment_status":"open","ping_status":"closed","template":"","meta":[],"product_brand":[],"product_cat":[17,19],"product_tag":[27],"class_list":{"0":"post-3455","1":"product","2":"type-product","3":"status-publish","4":"has-post-thumbnail","6":"product_cat-alle-produkte","7":"product_cat-armbander","8":"product_tag-tribalance","9":"thunk-woo-product-list","10":"opn-qv-enable","11":"top-store-woo-hover-zoom","12":"top-store-single-product-tab-horizontal","13":"top-store-shadow-","14":"top-store-shadow-hover-","16":"first","17":"instock","18":"sale","19":"taxable","20":"shipping-taxable","21":"purchasable","22":"product-type-simple"},"_links":{"self":[{"href":"https:\/\/trinitixshop.de\/fi\/wp-json\/wp\/v2\/product\/3455","targetHints":{"allow":["GET"]}}],"collection":[{"href":"https:\/\/trinitixshop.de\/fi\/wp-json\/wp\/v2\/product"}],"about":[{"href":"https:\/\/trinitixshop.de\/fi\/wp-json\/wp\/v2\/types\/product"}],"replies":[{"embeddable":true,"href":"https:\/\/trinitixshop.de\/fi\/wp-json\/wp\/v2\/comments?post=3455"}],"wp:featuredmedia":[{"embeddable":true,"href":"https:\/\/trinitixshop.de\/fi\/wp-json\/wp\/v2\/media\/3456"}],"wp:attachment":[{"href":"https:\/\/trinitixshop.de\/fi\/wp-json\/wp\/v2\/media?parent=3455"}],"wp:term":[{"taxonomy":"product_brand","embeddable":true,"href":"https:\/\/trinitixshop.de\/fi\/wp-json\/wp\/v2\/product_brand?post=3455"},{"taxonomy":"product_cat","embeddable":true,"href":"https:\/\/trinitixshop.de\/fi\/wp-json\/wp\/v2\/product_cat?post=3455"},{"taxonomy":"product_tag","embeddable":true,"href":"https:\/\/trinitixshop.de\/fi\/wp-json\/wp\/v2\/product_tag?post=3455"}],"curies":[{"name":"wp","href":"https:\/\/api.w.org\/{rel}","templated":true}]}}