{"id":3473,"date":"2024-08-07T13:44:08","date_gmt":"2024-08-07T11:44:08","guid":{"rendered":"https:\/\/trinitixshop.de\/?post_type=product&#038;p=3473"},"modified":"2025-10-25T15:02:39","modified_gmt":"2025-10-25T13:02:39","slug":"kupari-magneettinen-rengas-vasara-isku-suunnittelu-s-m","status":"publish","type":"product","link":"https:\/\/trinitixshop.de\/fi\/produkt\/kupfer-magnetring-im-hammerschlag-design-s-m\/","title":{"rendered":"Kupfer Magnetring im Hammerschlag Design S \/ M # 9012"},"content":{"rendered":"<p>RX901201T<\/p>","protected":false},"excerpt":{"rendered":"<div class=\"width-80\">Tyylik\u00e4s, eksklusiivinen magneettirengas modernilla vasaraniskumuotoilulla.<br \/>\nDer Kupferring ist massiv und besteht aus 99,8% reinem Kupfer.Da Kupfer ein relativ weiches Material ist, kann es gut an den entsprechenden Finger angepasst werden. Leicht elastisch, durch kr\u00e4ftiges Biegen moderat formbar.<\/p>\n<p>Kupari on metalli, jota ihmiset ovat ty\u00f6st\u00e4neet jo 10 000 vuoden ajan, k\u00e4ytt\u00e4neet koristeena ja terapeuttisena aineena. Muinaisista ajoista l\u00e4htien kulttuurit eri puolilla maailmaa ovat uskoneet sen suotuisaan vaikutukseen immuunij\u00e4rjestelm\u00e4\u00e4n.<\/p>\n<p>Kuparin (CU) oletettu vaikutus:<br \/>\nEdist\u00e4\u00e4 vasta-aineiden muodostumista puolustusj\u00e4rjestelm\u00e4ss\u00e4, kasvua, kehityst\u00e4 ja luuston vahvistumista.<\/p>\n<p>Magneettirenkaat edustavat liikkuvuutta ja el\u00e4m\u00e4niloa. Magneettisormuksemme ovat olleet mallistomme suosituimpia tuotteita jo vuosia. Katso itse, kuinka kauniita, kest\u00e4vi\u00e4 ja mukautuvia n\u00e4m\u00e4 korut ovat.<\/p>\n<p>Energiaa ja eleganssia!<\/p>\n<\/div>\n<div class=\"width-80\">Jedes unserer Schmuckst\u00fccke ist mit hochwertigen und kraftvollen Neodym-Magneten versehen. Neodym Magnet Inlay mit ca. 2.000 Gau\u00df.Medizinischer rostfreier Edelstahl, frei von Cadmium, Nickel und Blei. Allergiefrei.<\/p>\n<\/div>","protected":false},"featured_media":3474,"comment_status":"open","ping_status":"closed","template":"","meta":[],"product_brand":[],"product_cat":[17,18],"product_tag":[24],"class_list":{"0":"post-3473","1":"product","2":"type-product","3":"status-publish","4":"has-post-thumbnail","6":"product_cat-alle-produkte","7":"product_cat-ringe","8":"product_tag-jungbrunn","9":"thunk-woo-product-list","10":"opn-qv-enable","11":"top-store-woo-hover-zoom","12":"top-store-single-product-tab-horizontal","13":"top-store-shadow-","14":"top-store-shadow-hover-","16":"first","17":"outofstock","18":"taxable","19":"shipping-taxable","20":"purchasable","21":"product-type-simple"},"_links":{"self":[{"href":"https:\/\/trinitixshop.de\/fi\/wp-json\/wp\/v2\/product\/3473","targetHints":{"allow":["GET"]}}],"collection":[{"href":"https:\/\/trinitixshop.de\/fi\/wp-json\/wp\/v2\/product"}],"about":[{"href":"https:\/\/trinitixshop.de\/fi\/wp-json\/wp\/v2\/types\/product"}],"replies":[{"embeddable":true,"href":"https:\/\/trinitixshop.de\/fi\/wp-json\/wp\/v2\/comments?post=3473"}],"wp:featuredmedia":[{"embeddable":true,"href":"https:\/\/trinitixshop.de\/fi\/wp-json\/wp\/v2\/media\/3474"}],"wp:attachment":[{"href":"https:\/\/trinitixshop.de\/fi\/wp-json\/wp\/v2\/media?parent=3473"}],"wp:term":[{"taxonomy":"product_brand","embeddable":true,"href":"https:\/\/trinitixshop.de\/fi\/wp-json\/wp\/v2\/product_brand?post=3473"},{"taxonomy":"product_cat","embeddable":true,"href":"https:\/\/trinitixshop.de\/fi\/wp-json\/wp\/v2\/product_cat?post=3473"},{"taxonomy":"product_tag","embeddable":true,"href":"https:\/\/trinitixshop.de\/fi\/wp-json\/wp\/v2\/product_tag?post=3473"}],"curies":[{"name":"wp","href":"https:\/\/api.w.org\/{rel}","templated":true}]}}