{"id":3480,"date":"2024-08-08T10:27:38","date_gmt":"2024-08-08T08:27:38","guid":{"rendered":"https:\/\/trinitixshop.de\/?post_type=product&#038;p=3480"},"modified":"2025-11-09T13:27:20","modified_gmt":"2025-11-09T12:27:20","slug":"jupiter-ion-silikoni-rannekoru-musta-swarovski-kiteet","status":"publish","type":"product","link":"https:\/\/trinitixshop.de\/fi\/produkt\/jupiter-ionen-silikonarmband-schwarz-mit-swarovski-crystals\/","title":{"rendered":"Jupiter Ionen Silikonarmband schwarz mit Swarovski Crystals # 2018"},"content":{"rendered":"<p>NB201800T<\/p>","protected":false},"excerpt":{"rendered":"<div class=\"width-80\">\n<p><strong>HINTASENSIAATIO<\/strong><\/p>\n<p>Ion Power magneetti-ionisilikoniranneke, jossa on 3 siipe\u00e4, musta.<br \/>\nRuostumattomasta ter\u00e4ksest\u00e4 valmistettu korulevy, jossa on alkuper\u00e4isi\u00e4, parhaiten kiilt\u00e4vi\u00e4 Swarovski Crystal Elements -elementtej\u00e4, Jupiterin t\u00e4htikuvio.<\/p>\n<p>Mukava ionisoitu power band -silikoniranneke ranteen ymp\u00e4rysmitalle 15 - 23 cm.<\/p>\n<p>Silikonisista magneettisista energiarannekkeista on tullut olennainen osa urheilumaailmaa.<\/p>\n<\/div>\n<div class=\"width-80\">Yhdysvalloista tuleva trendi on suosittu monien huippu-urheilijoiden keskuudessa.<br \/>\nN\u00e4m\u00e4 voiman energiarannekkeet ovat eksklusiivinen katseenvangitsija.<br \/>\nSuorituskyky, muotoilu ja laatu korkeimmalla tasolla.<br \/>\nDie Original Svarowski best shining Elements bezaubern durch einzigartiges Funkeln.Energie und Eleganz!Jedes unserer Schmuckst\u00fccke ist mit hochwertigen und kraftvollen Neodym-Magneten versehen.<\/p>\n<p>Neodyymimagneettisis\u00e4ke, jossa on noin 2200 gaussia.<\/p>\n<p>Ruostumatonta l\u00e4\u00e4kinn\u00e4llist\u00e4 ter\u00e4st\u00e4, ei sis\u00e4ll\u00e4 kadmiumia, nikkeli\u00e4 eik\u00e4 lyijy\u00e4. Allergiaton. Silikoni ei sis\u00e4ll\u00e4 eritt\u00e4in sy\u00f6p\u00e4\u00e4 aiheuttavia pehmittimi\u00e4.<\/p>\n<\/div>","protected":false},"featured_media":3481,"comment_status":"open","ping_status":"closed","template":"","meta":[],"product_brand":[],"product_cat":[17,19],"product_tag":[27],"class_list":{"0":"post-3480","1":"product","2":"type-product","3":"status-publish","4":"has-post-thumbnail","6":"product_cat-alle-produkte","7":"product_cat-armbander","8":"product_tag-tribalance","9":"thunk-woo-product-list","10":"opn-qv-enable","11":"top-store-woo-hover-zoom","12":"top-store-single-product-tab-horizontal","13":"top-store-shadow-","14":"top-store-shadow-hover-","16":"first","17":"instock","18":"sale","19":"taxable","20":"shipping-taxable","21":"purchasable","22":"product-type-simple"},"_links":{"self":[{"href":"https:\/\/trinitixshop.de\/fi\/wp-json\/wp\/v2\/product\/3480","targetHints":{"allow":["GET"]}}],"collection":[{"href":"https:\/\/trinitixshop.de\/fi\/wp-json\/wp\/v2\/product"}],"about":[{"href":"https:\/\/trinitixshop.de\/fi\/wp-json\/wp\/v2\/types\/product"}],"replies":[{"embeddable":true,"href":"https:\/\/trinitixshop.de\/fi\/wp-json\/wp\/v2\/comments?post=3480"}],"wp:featuredmedia":[{"embeddable":true,"href":"https:\/\/trinitixshop.de\/fi\/wp-json\/wp\/v2\/media\/3481"}],"wp:attachment":[{"href":"https:\/\/trinitixshop.de\/fi\/wp-json\/wp\/v2\/media?parent=3480"}],"wp:term":[{"taxonomy":"product_brand","embeddable":true,"href":"https:\/\/trinitixshop.de\/fi\/wp-json\/wp\/v2\/product_brand?post=3480"},{"taxonomy":"product_cat","embeddable":true,"href":"https:\/\/trinitixshop.de\/fi\/wp-json\/wp\/v2\/product_cat?post=3480"},{"taxonomy":"product_tag","embeddable":true,"href":"https:\/\/trinitixshop.de\/fi\/wp-json\/wp\/v2\/product_tag?post=3480"}],"curies":[{"name":"wp","href":"https:\/\/api.w.org\/{rel}","templated":true}]}}