{"id":3483,"date":"2024-08-08T11:04:58","date_gmt":"2024-08-08T09:04:58","guid":{"rendered":"https:\/\/trinitixshop.de\/?post_type=product&#038;p=3483"},"modified":"2024-08-08T11:04:58","modified_gmt":"2024-08-08T09:04:58","slug":"power-linkki-rannerengas-charmia-magneetti-viehaetys-rannerengas-hopea","status":"publish","type":"product","link":"https:\/\/trinitixshop.de\/fi\/produkt\/power-gliederarmband-charm-magnet-bettelarmband-silber\/","title":{"rendered":"Power linkki rannerengas charmia magneetti vieh\u00e4tys rannerengas hopea"},"content":{"rendered":"<p>SB164319T<\/p>","protected":false},"excerpt":{"rendered":"<div class=\"width-80\">N\u00e4yt\u00e4 ilosi klassisen magneettisen charmirannekorun hummerilukolla, eritt\u00e4in kiillotettu .<\/div>\n<div class=\"width-80\">\nDiv. charmit saatavilla erikseen t\u00e4\u00e4lt\u00e4: #714 \/ #1177 \/ # 2612.<\/div>\n<div class=\"width-80\">\nRannekorun pituutta voidaan helposti s\u00e4\u00e4t\u00e4\u00e4. Max. pituus on XL, n. 21 cm.<\/div>\n<div class=\"width-80\">\nTunne el\u00e4v\u00f6itt\u00e4v\u00e4 voima: magneettilevyss\u00e4 on 2 tehokasta neodyymimagneettia, joiden magneettikapasiteetti on noin 1200 gaussia.<\/p>\n<p>Ruostumatonta ter\u00e4st\u00e4, ei sis\u00e4ll\u00e4 kadmiumia, nikkeli\u00e4 eik\u00e4 lyijy\u00e4. Allergiaton.<\/p>\n<p>\"Made with Love\" Lis\u00e4ksi t\u00e4m\u00e4 tyylik\u00e4s lis\u00e4varuste saa sinut erottumaan joukosta ja her\u00e4tt\u00e4m\u00e4\u00e4n muiden huomion.<\/p><\/div>\n<div class=\"width-80\">\nT\u00e4m\u00e4 power charm -rannekoru on ajaton, yksinkertainen koru, joka sopii aina.<\/div>\n<div class=\"width-80\">\nUnisex-muotoilu sopii sek\u00e4 miehelle ett\u00e4 naiselle. Se on erityisen tehokas yhdistettyn\u00e4 muihin vieh\u00e4tysvoimiin.<\/div>\n<div class=\"width-80\">\nKoe selke\u00e4t muodot ja klassinen muotoilu joka tilanteeseen.<br \/>\nHanki t\u00e4m\u00e4 voimakas uuden sukupolven voimaranneke ja tunne se - magnetismin voima!<\/div>","protected":false},"featured_media":3484,"comment_status":"open","ping_status":"closed","template":"","meta":[],"product_brand":[],"product_cat":[17,19],"product_tag":[24],"class_list":{"0":"post-3483","1":"product","2":"type-product","3":"status-publish","4":"has-post-thumbnail","6":"product_cat-alle-produkte","7":"product_cat-armbander","8":"product_tag-jungbrunn","9":"thunk-woo-product-list","10":"opn-qv-enable","11":"top-store-woo-hover-zoom","12":"top-store-single-product-tab-horizontal","13":"top-store-shadow-","14":"top-store-shadow-hover-","16":"first","17":"instock","18":"sale","19":"taxable","20":"shipping-taxable","21":"purchasable","22":"product-type-simple"},"_links":{"self":[{"href":"https:\/\/trinitixshop.de\/fi\/wp-json\/wp\/v2\/product\/3483","targetHints":{"allow":["GET"]}}],"collection":[{"href":"https:\/\/trinitixshop.de\/fi\/wp-json\/wp\/v2\/product"}],"about":[{"href":"https:\/\/trinitixshop.de\/fi\/wp-json\/wp\/v2\/types\/product"}],"replies":[{"embeddable":true,"href":"https:\/\/trinitixshop.de\/fi\/wp-json\/wp\/v2\/comments?post=3483"}],"wp:featuredmedia":[{"embeddable":true,"href":"https:\/\/trinitixshop.de\/fi\/wp-json\/wp\/v2\/media\/3484"}],"wp:attachment":[{"href":"https:\/\/trinitixshop.de\/fi\/wp-json\/wp\/v2\/media?parent=3483"}],"wp:term":[{"taxonomy":"product_brand","embeddable":true,"href":"https:\/\/trinitixshop.de\/fi\/wp-json\/wp\/v2\/product_brand?post=3483"},{"taxonomy":"product_cat","embeddable":true,"href":"https:\/\/trinitixshop.de\/fi\/wp-json\/wp\/v2\/product_cat?post=3483"},{"taxonomy":"product_tag","embeddable":true,"href":"https:\/\/trinitixshop.de\/fi\/wp-json\/wp\/v2\/product_tag?post=3483"}],"curies":[{"name":"wp","href":"https:\/\/api.w.org\/{rel}","templated":true}]}}