{"id":3500,"date":"2024-08-08T12:12:50","date_gmt":"2024-08-08T10:12:50","guid":{"rendered":"https:\/\/trinitixshop.de\/?post_type=product&#038;p=3500"},"modified":"2025-09-17T17:42:18","modified_gmt":"2025-09-17T15:42:18","slug":"magneettinen-rannekoru-vaerikkaeillae-swarovski-kristalleilla-l-xl","status":"publish","type":"product","link":"https:\/\/trinitixshop.de\/fi\/produkt\/magnetarmband-mit-bunten-swarovski-crystals-l-xl\/","title":{"rendered":"Chakra Magnetarmband mit vielen bunten Swarovski Crystals # 727 S\/M oder L\/XL"},"content":{"rendered":"<p>SB072702T<\/p>","protected":false},"excerpt":{"rendered":"<p>Handgefertigte Unikate!<\/p>\n<p>Dieses exklusive Chakra Magnetarmband ist mit 7 original Swarovski-Kristallen in einer Reihe besetzt.<\/p>\n<p>Neodyymimagneettisarjat, joissa on noin 2200 gaussia.<\/p>\n<p>Valmistettu ruostumattomasta ter\u00e4ksest\u00e4, joka ei sis\u00e4ll\u00e4 kadmiumia, nikkeli\u00e4 eik\u00e4 lyijy\u00e4. Hypoallergeeninen.<\/p>\n<p>Kristallien 7 v\u00e4ri\u00e4 muistuttavat sateenkaaren v\u00e4rej\u00e4 ja antavat rannekorulle erityist\u00e4 s\u00e4ihkett\u00e4.<\/p>\n<p>Vastaava riipus #717.<\/p>\n<div class=\"width-80\">Saatavilla olevat koot:<br \/>\nS\/M = 16,5 cm + 2 ylim\u00e4\u00e4r\u00e4ist\u00e4 kiinnityselementti\u00e4 pidennyst\u00e4 varten. Kukin noin 1,5 cm<\/div>\n<div class=\"width-80\">tai<br \/>\nL\/XL = 19 cm + 2 ylim\u00e4\u00e4r\u00e4ist\u00e4 kiinnityselementti\u00e4 pidennyst\u00e4 varten. Kukin noin 1,5 cm.<\/div>\n<div class=\"width-80\"><\/div>\n<div class=\"width-80\">Ilmoita meille haluamasi toimituskoko!<\/div>","protected":false},"featured_media":3501,"comment_status":"open","ping_status":"closed","template":"","meta":[],"product_brand":[],"product_cat":[17,19],"product_tag":[28],"class_list":{"0":"post-3500","1":"product","2":"type-product","3":"status-publish","4":"has-post-thumbnail","6":"product_cat-alle-produkte","7":"product_cat-armbander","8":"product_tag-kurfuerst","9":"thunk-woo-product-list","10":"opn-qv-enable","11":"top-store-woo-hover-zoom","12":"top-store-single-product-tab-horizontal","13":"top-store-shadow-","14":"top-store-shadow-hover-","16":"first","17":"instock","18":"sale","19":"taxable","20":"shipping-taxable","21":"purchasable","22":"product-type-variable"},"_links":{"self":[{"href":"https:\/\/trinitixshop.de\/fi\/wp-json\/wp\/v2\/product\/3500","targetHints":{"allow":["GET"]}}],"collection":[{"href":"https:\/\/trinitixshop.de\/fi\/wp-json\/wp\/v2\/product"}],"about":[{"href":"https:\/\/trinitixshop.de\/fi\/wp-json\/wp\/v2\/types\/product"}],"replies":[{"embeddable":true,"href":"https:\/\/trinitixshop.de\/fi\/wp-json\/wp\/v2\/comments?post=3500"}],"wp:featuredmedia":[{"embeddable":true,"href":"https:\/\/trinitixshop.de\/fi\/wp-json\/wp\/v2\/media\/3501"}],"wp:attachment":[{"href":"https:\/\/trinitixshop.de\/fi\/wp-json\/wp\/v2\/media?parent=3500"}],"wp:term":[{"taxonomy":"product_brand","embeddable":true,"href":"https:\/\/trinitixshop.de\/fi\/wp-json\/wp\/v2\/product_brand?post=3500"},{"taxonomy":"product_cat","embeddable":true,"href":"https:\/\/trinitixshop.de\/fi\/wp-json\/wp\/v2\/product_cat?post=3500"},{"taxonomy":"product_tag","embeddable":true,"href":"https:\/\/trinitixshop.de\/fi\/wp-json\/wp\/v2\/product_tag?post=3500"}],"curies":[{"name":"wp","href":"https:\/\/api.w.org\/{rel}","templated":true}]}}