{"id":3506,"date":"2024-08-08T14:08:33","date_gmt":"2024-08-08T12:08:33","guid":{"rendered":"https:\/\/trinitixshop.de\/?post_type=product&#038;p=3506"},"modified":"2024-08-08T14:08:33","modified_gmt":"2024-08-08T12:08:33","slug":"flex-kaksivaerinen-magneettinen-rannekoru-ruostumaton-teraes-kulta-hopea","status":"publish","type":"product","link":"https:\/\/trinitixshop.de\/fi\/produkt\/flex-bicolor-magnetarmband-edelstahl-gold-silber\/","title":{"rendered":"Flex kaksiv\u00e4rinen magneettinen rannekoru ruostumaton ter\u00e4s kulta \/ hopea"},"content":{"rendered":"<p>SB044011T<\/p>","protected":false},"excerpt":{"rendered":"<div class=\"width-80\">Joustava energia magneettinen rannekoru, kulta \/ hopea. Ionipinnoituksella.<\/p>\n<p>Leveys noin 8 mm, paksuus noin 4 mm.<br \/>\nNeodyymimagneetti-insertit, joissa on noin 2200 gaussia.<\/p>\n<p>Ruostumatonta ter\u00e4st\u00e4, ei sis\u00e4ll\u00e4 kadmiumia, nikkeli\u00e4 eik\u00e4 lyijy\u00e4. Allergiaton.<\/p>\n<p>Kauneutta ja uutta keveytt\u00e4. Energiarannekkeemme ovat vuodesta toiseen malliston suosituimpia tuotteita.<\/p><\/div>\n<div class=\"width-80\">\nKatso itse, kuinka kauniita, kest\u00e4vi\u00e4 ja mukautuvia n\u00e4m\u00e4 korut ovat. Et varmasti halua luopua niist\u00e4 l\u00e4hiaikoina.<\/p>\n<p>Tunne magneettien voima.<\/p><\/div>","protected":false},"featured_media":3507,"comment_status":"open","ping_status":"closed","template":"","meta":[],"product_brand":[],"product_cat":[17,19],"product_tag":[25],"class_list":{"0":"post-3506","1":"product","2":"type-product","3":"status-publish","4":"has-post-thumbnail","6":"product_cat-alle-produkte","7":"product_cat-armbander","8":"product_tag-t-prime","9":"thunk-woo-product-list","10":"opn-qv-enable","11":"top-store-woo-hover-zoom","12":"top-store-single-product-tab-horizontal","13":"top-store-shadow-","14":"top-store-shadow-hover-","16":"first","17":"instock","18":"sale","19":"taxable","20":"shipping-taxable","21":"purchasable","22":"product-type-variable"},"_links":{"self":[{"href":"https:\/\/trinitixshop.de\/fi\/wp-json\/wp\/v2\/product\/3506","targetHints":{"allow":["GET"]}}],"collection":[{"href":"https:\/\/trinitixshop.de\/fi\/wp-json\/wp\/v2\/product"}],"about":[{"href":"https:\/\/trinitixshop.de\/fi\/wp-json\/wp\/v2\/types\/product"}],"replies":[{"embeddable":true,"href":"https:\/\/trinitixshop.de\/fi\/wp-json\/wp\/v2\/comments?post=3506"}],"wp:featuredmedia":[{"embeddable":true,"href":"https:\/\/trinitixshop.de\/fi\/wp-json\/wp\/v2\/media\/3507"}],"wp:attachment":[{"href":"https:\/\/trinitixshop.de\/fi\/wp-json\/wp\/v2\/media?parent=3506"}],"wp:term":[{"taxonomy":"product_brand","embeddable":true,"href":"https:\/\/trinitixshop.de\/fi\/wp-json\/wp\/v2\/product_brand?post=3506"},{"taxonomy":"product_cat","embeddable":true,"href":"https:\/\/trinitixshop.de\/fi\/wp-json\/wp\/v2\/product_cat?post=3506"},{"taxonomy":"product_tag","embeddable":true,"href":"https:\/\/trinitixshop.de\/fi\/wp-json\/wp\/v2\/product_tag?post=3506"}],"curies":[{"name":"wp","href":"https:\/\/api.w.org\/{rel}","templated":true}]}}