{"id":3513,"date":"2024-08-08T14:30:33","date_gmt":"2024-08-08T12:30:33","guid":{"rendered":"https:\/\/trinitixshop.de\/?post_type=product&#038;p=3513"},"modified":"2026-03-26T14:44:28","modified_gmt":"2026-03-26T13:44:28","slug":"flex-ruostumattomasta-teraeksestae-kupari-rannekoru-kuutio-retro-flexi","status":"publish","type":"product","link":"https:\/\/trinitixshop.de\/fi\/produkt\/flex-edelstahl-kupfer-armband-cube-retro-flexi\/","title":{"rendered":"Flex Edelstahl Kupfer Magnetschmuck Armband Cube Retro flexibel S oder M # 1166"},"content":{"rendered":"<p>SB116605T<\/p>","protected":false},"excerpt":{"rendered":"<div class=\"width-80\">\n<p>Joustava retromuotoiluinen magneettirannekoru, tavallinen \/ hopea, mattapintaiset ja kiillotetut elementit.<\/p>\n<p>Leveys: noin 7,3 mm, paksuus noin 3,3 mm.<\/p>\n<p>Neodyymimagneetti-insertit, joissa on noin 2200 gaussia.<\/p>\n<p>Ruostumatonta ter\u00e4st\u00e4, ei sis\u00e4ll\u00e4 kadmiumia, nikkeli\u00e4 eik\u00e4 lyijy\u00e4. Allergiaton.<\/p>\n<p>Kuparielementill\u00e4.<br \/>\nKuparin (CU) vaikutus:<br \/>\nEdist\u00e4\u00e4 vasta-aineiden muodostumista puolustusj\u00e4rjestelm\u00e4ss\u00e4, kasvua, kehityst\u00e4 ja luuston vahvistumista.<\/p>\n<p>Kauneutta ja uutta keveytt\u00e4. Joustavat energiarannekorut ovat malliston suosituimpia tuotteita vuodesta toiseen.<\/p>\n<p>Katso itse, kuinka kauniita, kest\u00e4vi\u00e4 ja mukautuvia n\u00e4m\u00e4 korut ovat.<\/p>\n<\/div>\n<div class=\"width-80\">Et varmasti halua luopua siit\u00e4 l\u00e4hiaikoina.<\/div>\n<div><\/div>\n<div>\n<div>Verf\u00fcgbare Gr\u00f6\u00dfen: S (14-15 cm), M (15-16 cm) oder XXL (20-22 cm).<\/div>\n<div>Bitte teile Sie uns Ihre gew\u00fcnschte Liefergr\u00f6\u00dfe mit.<\/div>\n<\/div>\n<div><\/div>","protected":false},"featured_media":3928,"comment_status":"open","ping_status":"closed","template":"","meta":[],"product_brand":[],"product_cat":[17,19],"product_tag":[25],"class_list":{"0":"post-3513","1":"product","2":"type-product","3":"status-publish","4":"has-post-thumbnail","6":"product_cat-alle-produkte","7":"product_cat-armbander","8":"product_tag-t-prime","9":"thunk-woo-product-list","10":"opn-qv-enable","11":"top-store-woo-hover-zoom","12":"top-store-single-product-tab-horizontal","13":"top-store-shadow-","14":"top-store-shadow-hover-","16":"first","17":"instock","18":"sale","19":"taxable","20":"shipping-taxable","21":"purchasable","22":"product-type-variable"},"_links":{"self":[{"href":"https:\/\/trinitixshop.de\/fi\/wp-json\/wp\/v2\/product\/3513","targetHints":{"allow":["GET"]}}],"collection":[{"href":"https:\/\/trinitixshop.de\/fi\/wp-json\/wp\/v2\/product"}],"about":[{"href":"https:\/\/trinitixshop.de\/fi\/wp-json\/wp\/v2\/types\/product"}],"replies":[{"embeddable":true,"href":"https:\/\/trinitixshop.de\/fi\/wp-json\/wp\/v2\/comments?post=3513"}],"wp:featuredmedia":[{"embeddable":true,"href":"https:\/\/trinitixshop.de\/fi\/wp-json\/wp\/v2\/media\/3928"}],"wp:attachment":[{"href":"https:\/\/trinitixshop.de\/fi\/wp-json\/wp\/v2\/media?parent=3513"}],"wp:term":[{"taxonomy":"product_brand","embeddable":true,"href":"https:\/\/trinitixshop.de\/fi\/wp-json\/wp\/v2\/product_brand?post=3513"},{"taxonomy":"product_cat","embeddable":true,"href":"https:\/\/trinitixshop.de\/fi\/wp-json\/wp\/v2\/product_cat?post=3513"},{"taxonomy":"product_tag","embeddable":true,"href":"https:\/\/trinitixshop.de\/fi\/wp-json\/wp\/v2\/product_tag?post=3513"}],"curies":[{"name":"wp","href":"https:\/\/api.w.org\/{rel}","templated":true}]}}