{"id":3541,"date":"2024-08-09T13:08:04","date_gmt":"2024-08-09T11:08:04","guid":{"rendered":"https:\/\/trinitixshop.de\/?post_type=product&#038;p=3541"},"modified":"2024-10-14T15:47:18","modified_gmt":"2024-10-14T13:47:18","slug":"3541","status":"publish","type":"product","link":"https:\/\/trinitixshop.de\/fi\/produkt\/3541\/","title":{"rendered":"Tennisrannekoru Moonlight valkoisilla Swarovski-kristalleilla varustettuna"},"content":{"rendered":"<p>SB046301T<\/p>","protected":false},"excerpt":{"rendered":"<div class=\"width-80\"><strong>HINTASENSIAATIO<\/strong><\/div>\n<div class=\"width-80\"><\/div>\n<div class=\"width-80\">\n<p>Tyylik\u00e4s ruostumattomasta ter\u00e4ksest\u00e4 valmistettu magneettinen rannekoru \"Moonlight\", jossa on monia kirkkaita alkuper\u00e4isi\u00e4 Swarovski Crystal Elements -elementtej\u00e4. \"Best Shining Stones\".<\/p>\n<p>Neodyymimagneetti-insertit, joissa on noin 2200 gaussia. Leveys noin 6 mm.<\/p>\n<p>Ruostumatonta ter\u00e4st\u00e4, ei sis\u00e4ll\u00e4 kadmiumia, nikkeli\u00e4 eik\u00e4 lyijy\u00e4. Allergiaton.<\/p>\n<p>Suuret, hohtavat elementit s\u00e4teilev\u00e4t selkeytt\u00e4 ja puhdasta eleganssia.<\/p>\n<\/div>\n<div class=\"width-80\">T\u00e4ydellist\u00e4 asuasi ja koe lumoava ulkon\u00e4k\u00f6 n\u00e4iden kimaltelevien kristallielementtien kiehtovan s\u00e4teilyn avulla! Klassinen tennistyylinen rannekoru.<\/div>\n<div><\/div>\n<div class=\"width-80\">\n<p>Saatavana koko S\/M tai L\/XL<\/p>\n<p>Koko S\/M = 16,5 cm + 2 ylim\u00e4\u00e4r\u00e4ist\u00e4 kiinnityselementti\u00e4 pidennyst\u00e4 varten. Kukin noin 1,5 cm<\/p>\n<\/div>\n<div>Koko L\/XL = 19 cm + 2 ylim\u00e4\u00e4r\u00e4ist\u00e4 kiinnityselementti\u00e4 pidennyst\u00e4 varten. noin 1,5 cm kukin<\/div>","protected":false},"featured_media":3542,"comment_status":"open","ping_status":"closed","template":"","meta":[],"product_brand":[],"product_cat":[17,19],"product_tag":[25],"class_list":{"0":"post-3541","1":"product","2":"type-product","3":"status-publish","4":"has-post-thumbnail","6":"product_cat-alle-produkte","7":"product_cat-armbander","8":"product_tag-t-prime","9":"thunk-woo-product-list","10":"opn-qv-enable","11":"top-store-woo-hover-zoom","12":"top-store-single-product-tab-horizontal","13":"top-store-shadow-","14":"top-store-shadow-hover-","16":"first","17":"instock","18":"sale","19":"taxable","20":"shipping-taxable","21":"purchasable","22":"product-type-variable"},"_links":{"self":[{"href":"https:\/\/trinitixshop.de\/fi\/wp-json\/wp\/v2\/product\/3541","targetHints":{"allow":["GET"]}}],"collection":[{"href":"https:\/\/trinitixshop.de\/fi\/wp-json\/wp\/v2\/product"}],"about":[{"href":"https:\/\/trinitixshop.de\/fi\/wp-json\/wp\/v2\/types\/product"}],"replies":[{"embeddable":true,"href":"https:\/\/trinitixshop.de\/fi\/wp-json\/wp\/v2\/comments?post=3541"}],"wp:featuredmedia":[{"embeddable":true,"href":"https:\/\/trinitixshop.de\/fi\/wp-json\/wp\/v2\/media\/3542"}],"wp:attachment":[{"href":"https:\/\/trinitixshop.de\/fi\/wp-json\/wp\/v2\/media?parent=3541"}],"wp:term":[{"taxonomy":"product_brand","embeddable":true,"href":"https:\/\/trinitixshop.de\/fi\/wp-json\/wp\/v2\/product_brand?post=3541"},{"taxonomy":"product_cat","embeddable":true,"href":"https:\/\/trinitixshop.de\/fi\/wp-json\/wp\/v2\/product_cat?post=3541"},{"taxonomy":"product_tag","embeddable":true,"href":"https:\/\/trinitixshop.de\/fi\/wp-json\/wp\/v2\/product_tag?post=3541"}],"curies":[{"name":"wp","href":"https:\/\/api.w.org\/{rel}","templated":true}]}}