{"id":3559,"date":"2024-08-09T14:11:41","date_gmt":"2024-08-09T12:11:41","guid":{"rendered":"https:\/\/trinitixshop.de\/?post_type=product&#038;p=3559"},"modified":"2024-08-09T14:11:41","modified_gmt":"2024-08-09T12:11:41","slug":"muoti-energia-rannekoru-hauskaa-jeunesse-kaksivaerinen-xs-xxl","status":"publish","type":"product","link":"https:\/\/trinitixshop.de\/fi\/produkt\/fashion-energie-armband-fun-jeunesse-bicolor-xs-xxl\/","title":{"rendered":"Muoti energia rannekoru Fun Jeunesse kaksiv\u00e4rinen XS-XXL"},"content":{"rendered":"<p>SB800800T<\/p>","protected":false},"excerpt":{"rendered":"<div class=\"width-80\">Kiinte\u00e4 ja tyylik\u00e4s \"Fun - Jeunesse\" energia magneettinen rannekoru kaksiv\u00e4rinen.<\/p>\n<p>Leveys noin 14 mm. Neodyymimagneetti-insertit, joissa on n. 2200 gaussia.<\/p>\n<p>Ruostumatonta ter\u00e4st\u00e4, ei sis\u00e4ll\u00e4 kadmiumia, nikkeli\u00e4 eik\u00e4 lyijy\u00e4. Allergiaton.<\/p>\n<p>Energiarannekkeemme ovat vuodesta toiseen malliston suosituimpia tuotteita.<\/p>\n<p>Katso itse, kuinka kauniita, kest\u00e4vi\u00e4 ja mukautuvia n\u00e4m\u00e4 korut ovat.<\/p><\/div>\n<div class=\"width-80\">\nEt varmasti halua luopua siit\u00e4 l\u00e4hiaikoina.<\/p>\n<p>Tunne magneettien voima.<\/p>\n<p>Saatavilla olevat koot:  XS-XXL Koot XS (13-14 cm), S (14-15 cm), M (15-16 cm), L (16-18 cm), XL (18-20 cm) tai XXL (20-22 cm).<\/p><\/div>\n<div class=\"width-80\"><\/div>\n<div class=\"width-80\">Ilmoita meille haluamasi toimituskoko!<\/div>","protected":false},"featured_media":3560,"comment_status":"open","ping_status":"closed","template":"","meta":[],"product_brand":[],"product_cat":[17,19],"product_tag":[],"class_list":{"0":"post-3559","1":"product","2":"type-product","3":"status-publish","4":"has-post-thumbnail","6":"product_cat-alle-produkte","7":"product_cat-armbander","8":"thunk-woo-product-list","9":"opn-qv-enable","10":"top-store-woo-hover-zoom","11":"top-store-single-product-tab-horizontal","12":"top-store-shadow-","13":"top-store-shadow-hover-","15":"first","16":"instock","17":"sale","18":"taxable","19":"shipping-taxable","20":"purchasable","21":"product-type-variable"},"_links":{"self":[{"href":"https:\/\/trinitixshop.de\/fi\/wp-json\/wp\/v2\/product\/3559","targetHints":{"allow":["GET"]}}],"collection":[{"href":"https:\/\/trinitixshop.de\/fi\/wp-json\/wp\/v2\/product"}],"about":[{"href":"https:\/\/trinitixshop.de\/fi\/wp-json\/wp\/v2\/types\/product"}],"replies":[{"embeddable":true,"href":"https:\/\/trinitixshop.de\/fi\/wp-json\/wp\/v2\/comments?post=3559"}],"wp:featuredmedia":[{"embeddable":true,"href":"https:\/\/trinitixshop.de\/fi\/wp-json\/wp\/v2\/media\/3560"}],"wp:attachment":[{"href":"https:\/\/trinitixshop.de\/fi\/wp-json\/wp\/v2\/media?parent=3559"}],"wp:term":[{"taxonomy":"product_brand","embeddable":true,"href":"https:\/\/trinitixshop.de\/fi\/wp-json\/wp\/v2\/product_brand?post=3559"},{"taxonomy":"product_cat","embeddable":true,"href":"https:\/\/trinitixshop.de\/fi\/wp-json\/wp\/v2\/product_cat?post=3559"},{"taxonomy":"product_tag","embeddable":true,"href":"https:\/\/trinitixshop.de\/fi\/wp-json\/wp\/v2\/product_tag?post=3559"}],"curies":[{"name":"wp","href":"https:\/\/api.w.org\/{rel}","templated":true}]}}