{"id":3585,"date":"2024-08-09T16:09:52","date_gmt":"2024-08-09T14:09:52","guid":{"rendered":"https:\/\/trinitixshop.de\/?post_type=product&#038;p=3585"},"modified":"2024-08-09T16:09:52","modified_gmt":"2024-08-09T14:09:52","slug":"tennis-rannekoru-flamingo-vaaleanpunainen-kanssa-swarovski-kristalleja-s-m-ja-l-xl","status":"publish","type":"product","link":"https:\/\/trinitixshop.de\/fi\/produkt\/tennis-armband-flamingo-pink-mit-swarovski-crystals-s-m-und-l-xl\/","title":{"rendered":"Tennisrannekoru Flamingo vaaleanpunainen Swarovski-kristallit S\/M ja L\/XL"},"content":{"rendered":"<p>SB047300T<\/p>","protected":false},"excerpt":{"rendered":"<div class=\"width-80\">HINTASENSIAATIO<\/p>\n<p>Tyylik\u00e4s ruostumattomasta ter\u00e4ksest\u00e4 magneettinen rannekoru \" Flamingo \", jossa on monia vaaleanpunaisia \/ vaaleanpunaisia alkuper\u00e4isi\u00e4 Swarovski Crystal Elements. \"Best Shining Stones\". Klassinen tennistyylinen rannekoru<\/p>\n<p>Neodyymimagneetti-insertit, joissa on noin 2200 gaussia. Leveys noin 6 mm.<\/p>\n<p>Ruostumatonta ter\u00e4st\u00e4, ei sis\u00e4ll\u00e4 kadmiumia, nikkeli\u00e4 eik\u00e4 lyijy\u00e4. Allergiaton.<\/p>\n<p>Suuret, hohtavat elementit s\u00e4teilev\u00e4t selkeytt\u00e4 ja puhdasta eleganssia.<\/p><\/div>\n<div class=\"width-80\">\nT\u00e4ydellist\u00e4 asuasi ja koe lumoava esiintyminen kanssa<br \/>\nn\u00e4iden kimaltelevien kristallielementtien kiehtova s\u00e4teily!<\/div>\n<div class=\"width-80\">\nKlassinen tennistyylinen rannekoru.<\/p>\n<p>Saatavilla olevat koot:<br \/>\nS\/M = 16,5 cm + 2 ylim\u00e4\u00e4r\u00e4ist\u00e4 kiinnityselementti\u00e4 pidennyst\u00e4 varten. Kukin noin 1,5 cm<\/p><\/div>\n<div class=\"width-80\">tai<br \/>\nL\/XL = 19 cm + 2 ylim\u00e4\u00e4r\u00e4ist\u00e4 kiinnityselementti\u00e4 pidennyst\u00e4 varten. Kukin noin 1,5 cm.<\/div>","protected":false},"featured_media":3586,"comment_status":"open","ping_status":"closed","template":"","meta":[],"product_brand":[],"product_cat":[17,19],"product_tag":[25],"class_list":{"0":"post-3585","1":"product","2":"type-product","3":"status-publish","4":"has-post-thumbnail","6":"product_cat-alle-produkte","7":"product_cat-armbander","8":"product_tag-t-prime","9":"thunk-woo-product-list","10":"opn-qv-enable","11":"top-store-woo-hover-zoom","12":"top-store-single-product-tab-horizontal","13":"top-store-shadow-","14":"top-store-shadow-hover-","16":"first","17":"instock","18":"sale","19":"taxable","20":"shipping-taxable","21":"purchasable","22":"product-type-variable"},"_links":{"self":[{"href":"https:\/\/trinitixshop.de\/fi\/wp-json\/wp\/v2\/product\/3585","targetHints":{"allow":["GET"]}}],"collection":[{"href":"https:\/\/trinitixshop.de\/fi\/wp-json\/wp\/v2\/product"}],"about":[{"href":"https:\/\/trinitixshop.de\/fi\/wp-json\/wp\/v2\/types\/product"}],"replies":[{"embeddable":true,"href":"https:\/\/trinitixshop.de\/fi\/wp-json\/wp\/v2\/comments?post=3585"}],"wp:featuredmedia":[{"embeddable":true,"href":"https:\/\/trinitixshop.de\/fi\/wp-json\/wp\/v2\/media\/3586"}],"wp:attachment":[{"href":"https:\/\/trinitixshop.de\/fi\/wp-json\/wp\/v2\/media?parent=3585"}],"wp:term":[{"taxonomy":"product_brand","embeddable":true,"href":"https:\/\/trinitixshop.de\/fi\/wp-json\/wp\/v2\/product_brand?post=3585"},{"taxonomy":"product_cat","embeddable":true,"href":"https:\/\/trinitixshop.de\/fi\/wp-json\/wp\/v2\/product_cat?post=3585"},{"taxonomy":"product_tag","embeddable":true,"href":"https:\/\/trinitixshop.de\/fi\/wp-json\/wp\/v2\/product_tag?post=3585"}],"curies":[{"name":"wp","href":"https:\/\/api.w.org\/{rel}","templated":true}]}}