{"id":3592,"date":"2024-08-12T09:12:14","date_gmt":"2024-08-12T07:12:14","guid":{"rendered":"https:\/\/trinitixshop.de\/?post_type=product&#038;p=3592"},"modified":"2025-10-11T14:03:00","modified_gmt":"2025-10-11T12:03:00","slug":"elegantti-sydaen-tennis-rannekoru-hopea-s-m-tai-l-xl-xl","status":"publish","type":"product","link":"https:\/\/trinitixshop.de\/fi\/produkt\/elegantes-herz-tennis-armband-silber-s-m-oder-l-xl\/","title":{"rendered":"Elegantes Herz Tennis Armband silber S\/M oder L\/XL # 8232"},"content":{"rendered":"<p>SB823200T<\/p>","protected":false},"excerpt":{"rendered":"<div class=\"width-80\">\n<p><strong>HINTASENSIAATIO<\/strong><\/p>\n<p>Klassinen tennistyylinen rannekoru, joka on valmistettu hienoista ruostumattomasta ter\u00e4ksest\u00e4 valmistetuista syd\u00e4men muotoisista lenkeist\u00e4.<\/p>\n<\/div>\n<div class=\"width-80\">Magnetarmband \u00a0&#8222;Herz&#8220; &#8222;Heart&#8220; &#8222;Coracao&#8220; uni \/ silber. Aufwendig matt \/ hochglanz poliert.Breite ca. 7 mm. Neodym Magnet Inlays mit ca. 2.200 Gauss.<\/p>\n<p>Ruostumatonta ter\u00e4st\u00e4, ei sis\u00e4ll\u00e4 kadmiumia, nikkeli\u00e4 eik\u00e4 lyijy\u00e4. Allergiaton.<\/p>\n<p>Kauneutta ja uutta keveytt\u00e4. Energiarannekkeemme ovat vuodesta toiseen malliston suosituimpia tuotteita.<\/p>\n<p>Katso itse, kuinka kauniita, kest\u00e4vi\u00e4 ja mukautuvia n\u00e4m\u00e4 korut ovat.<\/p>\n<\/div>\n<div class=\"width-80\">Et varmasti halua luopua siit\u00e4 l\u00e4hiaikoina ja tuntea magneettien voimaa.<\/p>\n<p>Saatavilla olevat koot:<\/p>\n<p>S\/M = 16,5 cm + 2 ylim\u00e4\u00e4r\u00e4ist\u00e4 kiinnityselementti\u00e4 pidennyst\u00e4 varten. Kukin noin 1,5 cm<br \/>\nL\/XL = 19 cm + 2 ylim\u00e4\u00e4r\u00e4ist\u00e4 kiinnityselementti\u00e4 pidennyst\u00e4 varten. Kukin noin 1,5 cm.<\/p>\n<\/div>\n<div class=\"width-80\"><\/div>\n<div class=\"width-80\">Ilmoita meille haluamasi toimituskoko!<\/div>","protected":false},"featured_media":3595,"comment_status":"open","ping_status":"closed","template":"","meta":[],"product_brand":[],"product_cat":[17,19],"product_tag":[25],"class_list":{"0":"post-3592","1":"product","2":"type-product","3":"status-publish","4":"has-post-thumbnail","6":"product_cat-alle-produkte","7":"product_cat-armbander","8":"product_tag-t-prime","9":"thunk-woo-product-list","10":"opn-qv-enable","11":"top-store-woo-hover-zoom","12":"top-store-single-product-tab-horizontal","13":"top-store-shadow-","14":"top-store-shadow-hover-","16":"first","17":"instock","18":"sale","19":"taxable","20":"shipping-taxable","21":"purchasable","22":"product-type-variable"},"_links":{"self":[{"href":"https:\/\/trinitixshop.de\/fi\/wp-json\/wp\/v2\/product\/3592","targetHints":{"allow":["GET"]}}],"collection":[{"href":"https:\/\/trinitixshop.de\/fi\/wp-json\/wp\/v2\/product"}],"about":[{"href":"https:\/\/trinitixshop.de\/fi\/wp-json\/wp\/v2\/types\/product"}],"replies":[{"embeddable":true,"href":"https:\/\/trinitixshop.de\/fi\/wp-json\/wp\/v2\/comments?post=3592"}],"wp:featuredmedia":[{"embeddable":true,"href":"https:\/\/trinitixshop.de\/fi\/wp-json\/wp\/v2\/media\/3595"}],"wp:attachment":[{"href":"https:\/\/trinitixshop.de\/fi\/wp-json\/wp\/v2\/media?parent=3592"}],"wp:term":[{"taxonomy":"product_brand","embeddable":true,"href":"https:\/\/trinitixshop.de\/fi\/wp-json\/wp\/v2\/product_brand?post=3592"},{"taxonomy":"product_cat","embeddable":true,"href":"https:\/\/trinitixshop.de\/fi\/wp-json\/wp\/v2\/product_cat?post=3592"},{"taxonomy":"product_tag","embeddable":true,"href":"https:\/\/trinitixshop.de\/fi\/wp-json\/wp\/v2\/product_tag?post=3592"}],"curies":[{"name":"wp","href":"https:\/\/api.w.org\/{rel}","templated":true}]}}