{"id":3596,"date":"2024-08-12T10:01:16","date_gmt":"2024-08-12T08:01:16","guid":{"rendered":"https:\/\/trinitixshop.de\/?post_type=product&#038;p=3596"},"modified":"2024-08-12T10:02:33","modified_gmt":"2024-08-12T08:02:33","slug":"flex-power-rannekoru-ruostumatonta-teraestae-kupari-musta-hopea","status":"publish","type":"product","link":"https:\/\/trinitixshop.de\/fi\/produkt\/flex-power-armband-edelstahl-kupfer-schwarz-silber\/","title":{"rendered":"Flex Power rannekoru ruostumatonta ter\u00e4st\u00e4 kupari musta - hopea"},"content":{"rendered":"<p>SB056602T<\/p>","protected":false},"excerpt":{"rendered":"<div class=\"width-80\">\n<p>Joustava energiamagneettinen rannekoru, musta \/ hopea. Ionipinnoituksella.<\/p>\n<p>Leveys noin 8 mm, paksuus noin 4 mm.<br \/>\nNeodyymimagneetti-insertit, joissa on noin 2200 gaussia.<\/p>\n<p>Ruostumatonta ter\u00e4st\u00e4, ei sis\u00e4ll\u00e4 kadmiumia, nikkeli\u00e4 eik\u00e4 lyijy\u00e4. Allergiaton.<\/p>\n<\/div>\n<div class=\"width-80\"><\/div>\n<div class=\"width-80\">Kauneus<br \/>\nja uutta keveytt\u00e4. Energiarannekorumme ovat vuodesta toiseen mallistomme suosituimpia tuotteita - kokeile itse, kuinka kauniita, kest\u00e4vi\u00e4 ja mukautuvia n\u00e4m\u00e4 korut ovat.<\/p>\n<\/div>\n<div class=\"width-80\">Et halua luopua niist\u00e4 pitk\u00e4\u00e4n aikaan - tunne magneettien voima. Kupariset upotukset<\/p>\n<\/div>\n<p>Koko S\/M = 16,5 cm + 2 ylim\u00e4\u00e4r\u00e4ist\u00e4 kiinnityselementti\u00e4 pidennyst\u00e4 varten. Kukin noin 1,5 cm<br \/>\nKoko L\/XL = 19 cm + 2 ylim\u00e4\u00e4r\u00e4ist\u00e4 kiinnityselementti\u00e4 pidennyst\u00e4 varten. noin 1,5 cm kukin<\/p>","protected":false},"featured_media":3599,"comment_status":"open","ping_status":"closed","template":"","meta":[],"product_brand":[],"product_cat":[17,19],"product_tag":[24],"class_list":{"0":"post-3596","1":"product","2":"type-product","3":"status-publish","4":"has-post-thumbnail","6":"product_cat-alle-produkte","7":"product_cat-armbander","8":"product_tag-jungbrunn","9":"thunk-woo-product-list","10":"opn-qv-enable","11":"top-store-woo-hover-zoom","12":"top-store-single-product-tab-horizontal","13":"top-store-shadow-","14":"top-store-shadow-hover-","16":"first","17":"instock","18":"sale","19":"taxable","20":"shipping-taxable","21":"purchasable","22":"product-type-variable"},"_links":{"self":[{"href":"https:\/\/trinitixshop.de\/fi\/wp-json\/wp\/v2\/product\/3596","targetHints":{"allow":["GET"]}}],"collection":[{"href":"https:\/\/trinitixshop.de\/fi\/wp-json\/wp\/v2\/product"}],"about":[{"href":"https:\/\/trinitixshop.de\/fi\/wp-json\/wp\/v2\/types\/product"}],"replies":[{"embeddable":true,"href":"https:\/\/trinitixshop.de\/fi\/wp-json\/wp\/v2\/comments?post=3596"}],"wp:featuredmedia":[{"embeddable":true,"href":"https:\/\/trinitixshop.de\/fi\/wp-json\/wp\/v2\/media\/3599"}],"wp:attachment":[{"href":"https:\/\/trinitixshop.de\/fi\/wp-json\/wp\/v2\/media?parent=3596"}],"wp:term":[{"taxonomy":"product_brand","embeddable":true,"href":"https:\/\/trinitixshop.de\/fi\/wp-json\/wp\/v2\/product_brand?post=3596"},{"taxonomy":"product_cat","embeddable":true,"href":"https:\/\/trinitixshop.de\/fi\/wp-json\/wp\/v2\/product_cat?post=3596"},{"taxonomy":"product_tag","embeddable":true,"href":"https:\/\/trinitixshop.de\/fi\/wp-json\/wp\/v2\/product_tag?post=3596"}],"curies":[{"name":"wp","href":"https:\/\/api.w.org\/{rel}","templated":true}]}}