{"id":3601,"date":"2024-08-12T10:24:23","date_gmt":"2024-08-12T08:24:23","guid":{"rendered":"https:\/\/trinitixshop.de\/?post_type=product&#038;p=3601"},"modified":"2024-08-12T10:24:23","modified_gmt":"2024-08-12T08:24:23","slug":"flex-rannekoru-serpenti-valkoisilla-swarovski-kristalleilla-varustettuna","status":"publish","type":"product","link":"https:\/\/trinitixshop.de\/fi\/produkt\/flex-armband-serpenti-mit-weissen-swarovski-crystals\/","title":{"rendered":"Joustava rannekoru SERPENTI valkoisilla Swarovski-kristalleilla varustettuna"},"content":{"rendered":"<p>SB056000T<\/p>","protected":false},"excerpt":{"rendered":"<div class=\"width-80\"><strong>HINTASENSIAATIO<\/strong><\/p>\n<p>Joustava kaksiv\u00e4rinen magneettirannekoru - italialainen muotoilu - jossa on 5 suurta Swarovskin \" White Solitaire Crystals\" -kristallia, antaa yksinkertaista eleganssia mihin tahansa asuun.<\/p>\n<p>Loihdi kimallus asuusi!<\/p>\n<p>Magneettinen rannekoru, jossa on kimaltelevia Swarovski-kristalleja, kiinnittyy jokaiseen ranteeseen.<\/p>\n<p>Neodyymimagneetti-insertit, joissa on noin 2200 gaussia.<\/p>\n<p>Ruostumatonta ter\u00e4st\u00e4, ei sis\u00e4ll\u00e4 kadmiumia, nikkeli\u00e4 eik\u00e4 lyijy\u00e4. Allergiaton.<br \/>\nLeveys: noin 7,7 mm.<\/p>\n<p>Koko: M\/L (17,5-19,2 cm). 1 ylim\u00e4\u00e4r\u00e4inen lukko r\u00e4\u00e4t\u00e4l\u00f6ity\u00e4 pituutta varten.<\/p><\/div>\n<div class=\"width-80\">\nJoustava ja my\u00f6s kiinnittimell\u00e4.<\/div>","protected":false},"featured_media":3602,"comment_status":"open","ping_status":"closed","template":"","meta":[],"product_brand":[],"product_cat":[17,19],"product_tag":[25],"class_list":{"0":"post-3601","1":"product","2":"type-product","3":"status-publish","4":"has-post-thumbnail","6":"product_cat-alle-produkte","7":"product_cat-armbander","8":"product_tag-t-prime","9":"thunk-woo-product-list","10":"opn-qv-enable","11":"top-store-woo-hover-zoom","12":"top-store-single-product-tab-horizontal","13":"top-store-shadow-","14":"top-store-shadow-hover-","16":"first","17":"instock","18":"sale","19":"taxable","20":"shipping-taxable","21":"purchasable","22":"product-type-simple"},"_links":{"self":[{"href":"https:\/\/trinitixshop.de\/fi\/wp-json\/wp\/v2\/product\/3601","targetHints":{"allow":["GET"]}}],"collection":[{"href":"https:\/\/trinitixshop.de\/fi\/wp-json\/wp\/v2\/product"}],"about":[{"href":"https:\/\/trinitixshop.de\/fi\/wp-json\/wp\/v2\/types\/product"}],"replies":[{"embeddable":true,"href":"https:\/\/trinitixshop.de\/fi\/wp-json\/wp\/v2\/comments?post=3601"}],"wp:featuredmedia":[{"embeddable":true,"href":"https:\/\/trinitixshop.de\/fi\/wp-json\/wp\/v2\/media\/3602"}],"wp:attachment":[{"href":"https:\/\/trinitixshop.de\/fi\/wp-json\/wp\/v2\/media?parent=3601"}],"wp:term":[{"taxonomy":"product_brand","embeddable":true,"href":"https:\/\/trinitixshop.de\/fi\/wp-json\/wp\/v2\/product_brand?post=3601"},{"taxonomy":"product_cat","embeddable":true,"href":"https:\/\/trinitixshop.de\/fi\/wp-json\/wp\/v2\/product_cat?post=3601"},{"taxonomy":"product_tag","embeddable":true,"href":"https:\/\/trinitixshop.de\/fi\/wp-json\/wp\/v2\/product_tag?post=3601"}],"curies":[{"name":"wp","href":"https:\/\/api.w.org\/{rel}","templated":true}]}}