{"id":3606,"date":"2024-08-12T11:05:37","date_gmt":"2024-08-12T09:05:37","guid":{"rendered":"https:\/\/trinitixshop.de\/?post_type=product&#038;p=3606"},"modified":"2024-08-12T11:05:37","modified_gmt":"2024-08-12T09:05:37","slug":"premium-energia-rannekoru-hopea-swarovski-kiteet-violetti-violetti-violetti","status":"publish","type":"product","link":"https:\/\/trinitixshop.de\/fi\/produkt\/premium-energie-armband-silber-mit-swarovski-crystals-lila-purpur\/","title":{"rendered":"Premium energia rannekoru hopea Swarovski-kristallit violetti \/ violetti"},"content":{"rendered":"<p>SB045400T<\/p>","protected":false},"excerpt":{"rendered":"<div class=\"width-80\">Tyylik\u00e4s magneettinen rannekoru - lila \/ violetti - jossa on suuria alkuper\u00e4isi\u00e4 Swarovski Crystal Elements - \u00f8 5,5 mm \"Best Shining Stones\".<\/p>\n<p>Neodyymimagneetit, joissa on noin 2200 gaussia. Leveys noin 8 mm.<br \/>\nRuostumatonta ter\u00e4st\u00e4, nikkeli- ja allergiavapaa.<\/p>\n<p>Ruostumattomasta ter\u00e4ksest\u00e4 valmistettu rannekoru, jossa on k\u00e4sin upotettuja alkuper\u00e4isi\u00e4 Swarovski-kristalleja. Yksinkertainen ja tyylik\u00e4s samaan aikaan.<\/p><\/div>\n<div class=\"width-80\">\nSuuret, hohtavat Swarovski-elementit s\u00e4teilev\u00e4t selkeytt\u00e4 ja puhdasta eleganssia.<\/div>\n<div class=\"width-80\">\nT\u00e4ydellist\u00e4 asuasi ja koe lumoava ulkon\u00e4k\u00f6 n\u00e4iden kimaltelevien Swarovskin kristallielementtien kiehtovan s\u00e4teilyn ansiosta!<\/p>\n<p>Saatavilla olevat koot:  XS-XXL Koot XS (13-14 cm), S (14-15 cm), S (14-15 cm), M<br \/>\n(15-16 cm), L (16-18 cm), XL (18-20 cm) tai XXL (20-22 cm).<\/p><\/div>\n<div class=\"width-80\"><\/div>\n<div class=\"width-80\">Ilmoita meille haluamasi toimituskoko!<\/div>","protected":false},"featured_media":3613,"comment_status":"open","ping_status":"closed","template":"","meta":[],"product_brand":[],"product_cat":[17,19],"product_tag":[28],"class_list":{"0":"post-3606","1":"product","2":"type-product","3":"status-publish","4":"has-post-thumbnail","6":"product_cat-alle-produkte","7":"product_cat-armbander","8":"product_tag-kurfuerst","9":"thunk-woo-product-list","10":"opn-qv-enable","11":"top-store-woo-hover-zoom","12":"top-store-single-product-tab-horizontal","13":"top-store-shadow-","14":"top-store-shadow-hover-","16":"first","17":"instock","18":"sale","19":"taxable","20":"shipping-taxable","21":"purchasable","22":"product-type-variable"},"_links":{"self":[{"href":"https:\/\/trinitixshop.de\/fi\/wp-json\/wp\/v2\/product\/3606","targetHints":{"allow":["GET"]}}],"collection":[{"href":"https:\/\/trinitixshop.de\/fi\/wp-json\/wp\/v2\/product"}],"about":[{"href":"https:\/\/trinitixshop.de\/fi\/wp-json\/wp\/v2\/types\/product"}],"replies":[{"embeddable":true,"href":"https:\/\/trinitixshop.de\/fi\/wp-json\/wp\/v2\/comments?post=3606"}],"wp:featuredmedia":[{"embeddable":true,"href":"https:\/\/trinitixshop.de\/fi\/wp-json\/wp\/v2\/media\/3613"}],"wp:attachment":[{"href":"https:\/\/trinitixshop.de\/fi\/wp-json\/wp\/v2\/media?parent=3606"}],"wp:term":[{"taxonomy":"product_brand","embeddable":true,"href":"https:\/\/trinitixshop.de\/fi\/wp-json\/wp\/v2\/product_brand?post=3606"},{"taxonomy":"product_cat","embeddable":true,"href":"https:\/\/trinitixshop.de\/fi\/wp-json\/wp\/v2\/product_cat?post=3606"},{"taxonomy":"product_tag","embeddable":true,"href":"https:\/\/trinitixshop.de\/fi\/wp-json\/wp\/v2\/product_tag?post=3606"}],"curies":[{"name":"wp","href":"https:\/\/api.w.org\/{rel}","templated":true}]}}