{"id":3632,"date":"2024-08-12T12:06:49","date_gmt":"2024-08-12T10:06:49","guid":{"rendered":"https:\/\/trinitixshop.de\/?post_type=product&#038;p=3632"},"modified":"2025-01-01T14:53:27","modified_gmt":"2025-01-01T13:53:27","slug":"premium-energia-rannekoru-hopea-swarovski-kristalleja-valkoinen","status":"publish","type":"product","link":"https:\/\/trinitixshop.de\/fi\/produkt\/premium-energie-armband-silber-mit-swarovski-crystals-weiss\/","title":{"rendered":"Premium energia rannekoru hopea Swarovski-kristallit valkoinen # 453"},"content":{"rendered":"<p>SB045300T<\/p>","protected":false},"excerpt":{"rendered":"<div class=\"width-80\">Premium Crystal energia magneettinen rannekoru kirkas, kuohuviini Solitaire Swarovski Kristallit Valkoinen<\/div>\n<div class=\"width-80\">Tyylik\u00e4s magneettinen rannekoru - kristallinkirkas - suurilla alkuper\u00e4isill\u00e4 Swarovski Crystal Elements - \u00f8 5,5 mm \"Best Shining Stones\" Neodyymimagneeteilla, joissa on noin 2200 gaussia. Leveys n. 8 mm. Ruostumatonta ter\u00e4st\u00e4, nikkeli- ja allergiavapaa.<\/p>\n<p>Ruostumattomasta ter\u00e4ksest\u00e4 valmistettu rannekoru, jossa on k\u00e4sin upotettuja alkuper\u00e4isi\u00e4 Swarovski-kristalleja.  Yksinkertainen ja tyylik\u00e4s samaan aikaan.<\/p>\n<\/div>\n<div class=\"width-80\">Suuret, hohtavat Swarovski-elementit s\u00e4teilev\u00e4t selkeytt\u00e4 ja puhdasta eleganssia; viimeistele asusi ja koe lumoava ulkon\u00e4k\u00f6 n\u00e4iden kimaltelevien Swarovski-kristallielementtien kiehtovan s\u00e4teilyn avulla!<\/p>\n<p>Saatavilla olevat koot:<br \/>\nXS-XXL Koot XS (13-14 cm), S (14-15 cm), M (15-16 cm), L (16-18 cm), XL (18-20 cm) tai XXL (20-22 cm).<\/p>\n<\/div>\n<div class=\"width-80\"><\/div>\n<div class=\"width-80\">Ilmoita meille haluamasi toimituskoko!<\/div>","protected":false},"featured_media":3639,"comment_status":"open","ping_status":"closed","template":"","meta":[],"product_brand":[],"product_cat":[17,19],"product_tag":[28],"class_list":{"0":"post-3632","1":"product","2":"type-product","3":"status-publish","4":"has-post-thumbnail","6":"product_cat-alle-produkte","7":"product_cat-armbander","8":"product_tag-kurfuerst","9":"thunk-woo-product-list","10":"opn-qv-enable","11":"top-store-woo-hover-zoom","12":"top-store-single-product-tab-horizontal","13":"top-store-shadow-","14":"top-store-shadow-hover-","16":"first","17":"instock","18":"sale","19":"taxable","20":"shipping-taxable","21":"purchasable","22":"product-type-variable"},"_links":{"self":[{"href":"https:\/\/trinitixshop.de\/fi\/wp-json\/wp\/v2\/product\/3632","targetHints":{"allow":["GET"]}}],"collection":[{"href":"https:\/\/trinitixshop.de\/fi\/wp-json\/wp\/v2\/product"}],"about":[{"href":"https:\/\/trinitixshop.de\/fi\/wp-json\/wp\/v2\/types\/product"}],"replies":[{"embeddable":true,"href":"https:\/\/trinitixshop.de\/fi\/wp-json\/wp\/v2\/comments?post=3632"}],"wp:featuredmedia":[{"embeddable":true,"href":"https:\/\/trinitixshop.de\/fi\/wp-json\/wp\/v2\/media\/3639"}],"wp:attachment":[{"href":"https:\/\/trinitixshop.de\/fi\/wp-json\/wp\/v2\/media?parent=3632"}],"wp:term":[{"taxonomy":"product_brand","embeddable":true,"href":"https:\/\/trinitixshop.de\/fi\/wp-json\/wp\/v2\/product_brand?post=3632"},{"taxonomy":"product_cat","embeddable":true,"href":"https:\/\/trinitixshop.de\/fi\/wp-json\/wp\/v2\/product_cat?post=3632"},{"taxonomy":"product_tag","embeddable":true,"href":"https:\/\/trinitixshop.de\/fi\/wp-json\/wp\/v2\/product_tag?post=3632"}],"curies":[{"name":"wp","href":"https:\/\/api.w.org\/{rel}","templated":true}]}}