{"id":3640,"date":"2024-08-12T12:31:59","date_gmt":"2024-08-12T10:31:59","guid":{"rendered":"https:\/\/trinitixshop.de\/?post_type=product&#038;p=3640"},"modified":"2024-08-12T12:33:19","modified_gmt":"2024-08-12T10:33:19","slug":"flex-ruostumatonta-teraestae-kuparilla-osa-kuutio-cu-rosegold-hopea-m-xl","status":"publish","type":"product","link":"https:\/\/trinitixshop.de\/fi\/produkt\/flex-edelstahl-mit-kupferpart-cube-cu-rosegold-silber-m-xl\/","title":{"rendered":"Joustava ruostumaton ter\u00e4s kupariosalla Cube CU ruusukulta \/ hopea M-XL M-XL"},"content":{"rendered":"<p>SB178100T<\/p>","protected":false},"excerpt":{"rendered":"<div class=\"width-80\">\n<p>Flex magneettinen rannekoru kuparilla. Kaksiv\u00e4rinen: ruusukulta \/ hopea. Kiillotettu. Korkealaatuinen ionipinnoitus.<\/p>\n<p>Keskiosassa on kupari-inlay.<\/p>\n<\/div>\n<div class=\"width-80\"><\/div>\n<div class=\"width-80\">Kuparin (CU) vaikutus:<br \/>\nEdist\u00e4\u00e4 vasta-aineiden muodostumista puolustusj\u00e4rjestelm\u00e4ss\u00e4, kasvua, kehityst\u00e4, luuston vahvistumista, ruostumatonta ter\u00e4st\u00e4, nikkeli- ja allergiavapaa, neodyymimagneetti-insertit n. 1200 gaussia, leveys: n. 8 mm, kiillotettu keskiosa, kaiverrettavissa.<\/p>\n<p>Rannekorun pituutta voidaan helposti vaihdella k\u00e4ytt\u00e4m\u00e4ll\u00e4 erilaisia kiinnikkeit\u00e4 \/ v\u00e4likappaleita. Koko: M \/ L \/ XL (17,5 - 22,5 cm).<\/p>\n<p>Joustavat rannekkeet edustavat liikkuvuutta ja el\u00e4m\u00e4niloa. Joustavat korumme ovat olleet jo vuosia yksi malliston suosituimmista kappaleista.<\/p>\n<\/div>\n<div class=\"width-80\"><\/div>\n<div class=\"width-80\">Katso itse, kuinka kauniita, kest\u00e4vi\u00e4 ja mukautuvia n\u00e4m\u00e4 korut ovat.<\/div>","protected":false},"featured_media":3642,"comment_status":"open","ping_status":"closed","template":"","meta":[],"product_brand":[],"product_cat":[17,19],"product_tag":[25],"class_list":{"0":"post-3640","1":"product","2":"type-product","3":"status-publish","4":"has-post-thumbnail","6":"product_cat-alle-produkte","7":"product_cat-armbander","8":"product_tag-t-prime","9":"thunk-woo-product-list","10":"opn-qv-enable","11":"top-store-woo-hover-zoom","12":"top-store-single-product-tab-horizontal","13":"top-store-shadow-","14":"top-store-shadow-hover-","16":"first","17":"instock","18":"taxable","19":"shipping-taxable","20":"purchasable","21":"product-type-simple"},"_links":{"self":[{"href":"https:\/\/trinitixshop.de\/fi\/wp-json\/wp\/v2\/product\/3640","targetHints":{"allow":["GET"]}}],"collection":[{"href":"https:\/\/trinitixshop.de\/fi\/wp-json\/wp\/v2\/product"}],"about":[{"href":"https:\/\/trinitixshop.de\/fi\/wp-json\/wp\/v2\/types\/product"}],"replies":[{"embeddable":true,"href":"https:\/\/trinitixshop.de\/fi\/wp-json\/wp\/v2\/comments?post=3640"}],"wp:featuredmedia":[{"embeddable":true,"href":"https:\/\/trinitixshop.de\/fi\/wp-json\/wp\/v2\/media\/3642"}],"wp:attachment":[{"href":"https:\/\/trinitixshop.de\/fi\/wp-json\/wp\/v2\/media?parent=3640"}],"wp:term":[{"taxonomy":"product_brand","embeddable":true,"href":"https:\/\/trinitixshop.de\/fi\/wp-json\/wp\/v2\/product_brand?post=3640"},{"taxonomy":"product_cat","embeddable":true,"href":"https:\/\/trinitixshop.de\/fi\/wp-json\/wp\/v2\/product_cat?post=3640"},{"taxonomy":"product_tag","embeddable":true,"href":"https:\/\/trinitixshop.de\/fi\/wp-json\/wp\/v2\/product_tag?post=3640"}],"curies":[{"name":"wp","href":"https:\/\/api.w.org\/{rel}","templated":true}]}}