{"id":3643,"date":"2024-08-12T12:37:23","date_gmt":"2024-08-12T10:37:23","guid":{"rendered":"https:\/\/trinitixshop.de\/?post_type=product&#038;p=3643"},"modified":"2024-08-12T12:37:23","modified_gmt":"2024-08-12T10:37:23","slug":"flex-ruostumattomasta-teraeksestae-kupari-rannekoru-cube-cu-kulta-hopea-m-xl","status":"publish","type":"product","link":"https:\/\/trinitixshop.de\/fi\/produkt\/flex-edelstahl-kupfer-armband-cube-cu-gold-silber-m-xl\/","title":{"rendered":"Joustava ruostumattomasta ter\u00e4ksest\u00e4 valmistettu kupariranneke Cube CU kulta \/ hopea M - XL"},"content":{"rendered":"<p>SB044000T<\/p>","protected":false},"excerpt":{"rendered":"<p>Joustava magneettirannekoru kupariosalla, kulta \/ hopea.<\/p>\n<p>Kuparin (CU) vaikutus:<br \/>\nEdist\u00e4\u00e4 vasta-aineiden muodostumista puolustusj\u00e4rjestelm\u00e4ss\u00e4, kasvua, kehityst\u00e4 ja luuston vahvistumista.<\/p>\n<p>Laadukasta ruostumatonta ter\u00e4st\u00e4, nikkeli- ja allergiavapaata, integroidut neodyymimagneetit, joiden teho on yhteens\u00e4 n. 1200 gaussia, leveys: n. 7 mm, paksuus n. 3,6 mm.<\/p>\n<p>Rannekoru voidaan helposti vaihdella pituutta ylim\u00e4\u00e4r\u00e4isell\u00e4 lukolla \/ v\u00e4likappaleella. Koko: M \/ L \/ XL (n. 17,5 - 21,5 cm).<\/p>","protected":false},"featured_media":3644,"comment_status":"open","ping_status":"closed","template":"","meta":[],"product_brand":[],"product_cat":[17,19],"product_tag":[25],"class_list":{"0":"post-3643","1":"product","2":"type-product","3":"status-publish","4":"has-post-thumbnail","6":"product_cat-alle-produkte","7":"product_cat-armbander","8":"product_tag-t-prime","9":"thunk-woo-product-list","10":"opn-qv-enable","11":"top-store-woo-hover-zoom","12":"top-store-single-product-tab-horizontal","13":"top-store-shadow-","14":"top-store-shadow-hover-","16":"first","17":"instock","18":"sale","19":"taxable","20":"shipping-taxable","21":"purchasable","22":"product-type-simple"},"_links":{"self":[{"href":"https:\/\/trinitixshop.de\/fi\/wp-json\/wp\/v2\/product\/3643","targetHints":{"allow":["GET"]}}],"collection":[{"href":"https:\/\/trinitixshop.de\/fi\/wp-json\/wp\/v2\/product"}],"about":[{"href":"https:\/\/trinitixshop.de\/fi\/wp-json\/wp\/v2\/types\/product"}],"replies":[{"embeddable":true,"href":"https:\/\/trinitixshop.de\/fi\/wp-json\/wp\/v2\/comments?post=3643"}],"wp:featuredmedia":[{"embeddable":true,"href":"https:\/\/trinitixshop.de\/fi\/wp-json\/wp\/v2\/media\/3644"}],"wp:attachment":[{"href":"https:\/\/trinitixshop.de\/fi\/wp-json\/wp\/v2\/media?parent=3643"}],"wp:term":[{"taxonomy":"product_brand","embeddable":true,"href":"https:\/\/trinitixshop.de\/fi\/wp-json\/wp\/v2\/product_brand?post=3643"},{"taxonomy":"product_cat","embeddable":true,"href":"https:\/\/trinitixshop.de\/fi\/wp-json\/wp\/v2\/product_cat?post=3643"},{"taxonomy":"product_tag","embeddable":true,"href":"https:\/\/trinitixshop.de\/fi\/wp-json\/wp\/v2\/product_tag?post=3643"}],"curies":[{"name":"wp","href":"https:\/\/api.w.org\/{rel}","templated":true}]}}