{"id":3654,"date":"2024-08-12T15:01:45","date_gmt":"2024-08-12T13:01:45","guid":{"rendered":"https:\/\/trinitixshop.de\/?post_type=product&#038;p=3654"},"modified":"2024-08-12T15:01:45","modified_gmt":"2024-08-12T13:01:45","slug":"klassinen-elegantti-tennis-magneettinen-rannekoru-sydaemet-coracao-kaksivaerinen-xs-xxl","status":"publish","type":"product","link":"https:\/\/trinitixshop.de\/fi\/produkt\/klassisch-elegantes-tennis-magnetarmband-herzen-coracao-bicolor-xs-xxl\/","title":{"rendered":"Klassisen tyylik\u00e4s tenniskorun magneettirannekoru syd\u00e4met - Coracao kaksiv\u00e4rinen XS - XXL"},"content":{"rendered":"<p>SB800930T<\/p>","protected":false},"excerpt":{"rendered":"<div class=\"width-80\">Klassinen, tyylik\u00e4s \"Hearts \/ Coracao\" magneettinen tenniskoru. Kaksiv\u00e4rinen.<\/div>\n<div class=\"width-80\">\nLeveys noin 7 mm. Neodyymimagneetti-insertit, joissa on n. 2200 gaussia.<\/p>\n<p>Ruostumatonta ter\u00e4st\u00e4, ei sis\u00e4ll\u00e4 kadmiumia, nikkeli\u00e4 eik\u00e4 lyijy\u00e4. Allergiaton.<\/p>\n<p>Kauneutta ja uutta keveytt\u00e4. Energiarannekkeemme ovat vuodesta toiseen malliston suosituimpia tuotteita.<\/p>\n<p>Katso itse, kuinka kauniita, kest\u00e4vi\u00e4 ja mukautuvia n\u00e4m\u00e4 korut ovat.<\/p><\/div>\n<div class=\"width-80\">\nEt varmasti halua luopua siit\u00e4 l\u00e4hiaikoina.<\/p>\n<p>Tunne magneettien voima.<\/p>\n<p>Saatavilla olevat koot:  (13-14 cm), S (14-15 cm), M (15-16 cm), L (16-18 cm), XL (18-20 cm) tai XXL (20-22 cm).<\/p><\/div>\n<div class=\"width-80\"><\/div>\n<div class=\"width-80\">Ilmoita meille haluamasi toimituskoko!<\/div>","protected":false},"featured_media":3661,"comment_status":"open","ping_status":"closed","template":"","meta":[],"product_brand":[],"product_cat":[17,19],"product_tag":[25],"class_list":{"0":"post-3654","1":"product","2":"type-product","3":"status-publish","4":"has-post-thumbnail","6":"product_cat-alle-produkte","7":"product_cat-armbander","8":"product_tag-t-prime","9":"thunk-woo-product-list","10":"opn-qv-enable","11":"top-store-woo-hover-zoom","12":"top-store-single-product-tab-horizontal","13":"top-store-shadow-","14":"top-store-shadow-hover-","16":"first","17":"instock","18":"sale","19":"taxable","20":"shipping-taxable","21":"purchasable","22":"product-type-variable"},"_links":{"self":[{"href":"https:\/\/trinitixshop.de\/fi\/wp-json\/wp\/v2\/product\/3654","targetHints":{"allow":["GET"]}}],"collection":[{"href":"https:\/\/trinitixshop.de\/fi\/wp-json\/wp\/v2\/product"}],"about":[{"href":"https:\/\/trinitixshop.de\/fi\/wp-json\/wp\/v2\/types\/product"}],"replies":[{"embeddable":true,"href":"https:\/\/trinitixshop.de\/fi\/wp-json\/wp\/v2\/comments?post=3654"}],"wp:featuredmedia":[{"embeddable":true,"href":"https:\/\/trinitixshop.de\/fi\/wp-json\/wp\/v2\/media\/3661"}],"wp:attachment":[{"href":"https:\/\/trinitixshop.de\/fi\/wp-json\/wp\/v2\/media?parent=3654"}],"wp:term":[{"taxonomy":"product_brand","embeddable":true,"href":"https:\/\/trinitixshop.de\/fi\/wp-json\/wp\/v2\/product_brand?post=3654"},{"taxonomy":"product_cat","embeddable":true,"href":"https:\/\/trinitixshop.de\/fi\/wp-json\/wp\/v2\/product_cat?post=3654"},{"taxonomy":"product_tag","embeddable":true,"href":"https:\/\/trinitixshop.de\/fi\/wp-json\/wp\/v2\/product_tag?post=3654"}],"curies":[{"name":"wp","href":"https:\/\/api.w.org\/{rel}","templated":true}]}}