{"id":3662,"date":"2024-08-12T15:09:57","date_gmt":"2024-08-12T13:09:57","guid":{"rendered":"https:\/\/trinitixshop.de\/?post_type=product&#038;p=3662"},"modified":"2024-10-07T09:29:05","modified_gmt":"2024-10-07T07:29:05","slug":"cherie-ruostumattomasta-teraeksestae-sydaen-energia-rannekoru-hopea-xs-xxl","status":"publish","type":"product","link":"https:\/\/trinitixshop.de\/fi\/produkt\/cherie-edelstahl-herz-energie-armband-silber-xs-bis-xxl\/","title":{"rendered":"Ch\u00e9rie ruostumattomasta ter\u00e4ksest\u00e4 valmistettu syd\u00e4men energiarannekoru hopea XS - XXL # 2121"},"content":{"rendered":"<p>SB212100T<\/p>","protected":false},"excerpt":{"rendered":"<div class=\"width-80\">\n<p>Ihana ruostumattomasta ter\u00e4ksest\u00e4 valmistettu syd\u00e4men muotoinen magneettinen energiarannekoru \" Ch\u00e9rie \", tavallinen \/ hopea. Leveys n. 9 mm, paksuus n. 3,15 mm.<\/p>\n<p>Kauneutta ja uutta keveytt\u00e4. Energiarannekkeemme ovat vuosi toisensa j\u00e4lkeen suosituimpia tuotteita.<br \/>\nkokoelma. Katso itse, kuinka kauniita, kest\u00e4vi\u00e4 ja mukautuvia n\u00e4m\u00e4 korut ovat.<br \/>\nEt varmasti halua luopua siit\u00e4 l\u00e4hiaikoina.<br \/>\nTunne magneettien voima. Monet asiakkaamme nauttivat enemm\u00e4n voimaa, elinvoimaa, joustavuutta ja kivuttomuutta.<\/p>\n<p>Laadukas ruostumaton ter\u00e4s, kiillotettu, hypoallergeeninen, nikkeli- ja allergiavapaa.<\/p>\n<p>Neodyymimagneetti-insertit, joissa on noin 2200 gaussia.<\/p>\n<p>Saatavilla olevat koot: XS (13-14 cm), S (14-15 cm), M (15-16 cm), L (16-18 cm), XL (18-20 cm) tai XXL (20-22 cm).<\/p>\n<\/div>\n<div class=\"width-80\"><\/div>\n<div class=\"width-80\">Ilmoita meille haluamasi toimituskoko!<\/div>","protected":false},"featured_media":3669,"comment_status":"open","ping_status":"closed","template":"","meta":[],"product_brand":[],"product_cat":[17,19],"product_tag":[25],"class_list":{"0":"post-3662","1":"product","2":"type-product","3":"status-publish","4":"has-post-thumbnail","6":"product_cat-alle-produkte","7":"product_cat-armbander","8":"product_tag-t-prime","9":"thunk-woo-product-list","10":"opn-qv-enable","11":"top-store-woo-hover-zoom","12":"top-store-single-product-tab-horizontal","13":"top-store-shadow-","14":"top-store-shadow-hover-","16":"first","17":"instock","18":"sale","19":"taxable","20":"shipping-taxable","21":"purchasable","22":"product-type-variable"},"_links":{"self":[{"href":"https:\/\/trinitixshop.de\/fi\/wp-json\/wp\/v2\/product\/3662","targetHints":{"allow":["GET"]}}],"collection":[{"href":"https:\/\/trinitixshop.de\/fi\/wp-json\/wp\/v2\/product"}],"about":[{"href":"https:\/\/trinitixshop.de\/fi\/wp-json\/wp\/v2\/types\/product"}],"replies":[{"embeddable":true,"href":"https:\/\/trinitixshop.de\/fi\/wp-json\/wp\/v2\/comments?post=3662"}],"wp:featuredmedia":[{"embeddable":true,"href":"https:\/\/trinitixshop.de\/fi\/wp-json\/wp\/v2\/media\/3669"}],"wp:attachment":[{"href":"https:\/\/trinitixshop.de\/fi\/wp-json\/wp\/v2\/media?parent=3662"}],"wp:term":[{"taxonomy":"product_brand","embeddable":true,"href":"https:\/\/trinitixshop.de\/fi\/wp-json\/wp\/v2\/product_brand?post=3662"},{"taxonomy":"product_cat","embeddable":true,"href":"https:\/\/trinitixshop.de\/fi\/wp-json\/wp\/v2\/product_cat?post=3662"},{"taxonomy":"product_tag","embeddable":true,"href":"https:\/\/trinitixshop.de\/fi\/wp-json\/wp\/v2\/product_tag?post=3662"}],"curies":[{"name":"wp","href":"https:\/\/api.w.org\/{rel}","templated":true}]}}