{"id":3678,"date":"2024-08-12T15:56:42","date_gmt":"2024-08-12T13:56:42","guid":{"rendered":"https:\/\/trinitixshop.de\/?post_type=product&#038;p=3678"},"modified":"2024-08-12T15:56:42","modified_gmt":"2024-08-12T13:56:42","slug":"ruostumaton-teraes-magneetti-ruostumaton-teraes-ketju-rannekoru-tassu-hopea","status":"publish","type":"product","link":"https:\/\/trinitixshop.de\/fi\/produkt\/edelstahl-magnet-edelstahl-kettenarmband-pfote-silber\/","title":{"rendered":"Ruostumaton ter\u00e4s magneetti ruostumaton ter\u00e4s ketju rannekoru tassu hopea"},"content":{"rendered":"<p>SB714100T<\/p>","protected":false},"excerpt":{"rendered":"<div class=\"width-80\">Jatkuva kumppanisi: tyylik\u00e4s \"Paw\"-magneettirannekoru on \"petomainen\" katseenvangitsija jokaiseen p\u00e4iv\u00e4\u00e4n.<\/div>\n<div class=\"width-80\">\n33 ruostumattomasta ter\u00e4ksest\u00e4 valmistettua nauhaa. Rannekorun pituutta voidaan helposti vaihdella. Pituus: 16-21,5 cm.<\/div>\n<div class=\"width-80\">\nHummerilukko. Syd\u00e4n \u00f8 n. 2,5 cm, paksuus n. 4 mm.<\/p>\n<p>Tunne el\u00e4v\u00f6itt\u00e4v\u00e4 voima: voimakas neodyymimagneetti, jossa on 1200 gaussia.<br \/>\nMateriaali: Ruostumaton ter\u00e4s, nikkeli- ja allergiavapaa. V\u00e4ri: hopea.<\/p>\n<p>\"Made with love\" ja t\u00e4m\u00e4n tyylikk\u00e4\u00e4n lis\u00e4varusteen ansiosta erotut joukosta ja kiinnit\u00e4t muiden huomion.<br \/>\nT\u00e4m\u00e4 voimarannekoru on ajaton, yksinkertainen koru, joka sopii aina.<\/p><\/div>\n<div class=\"width-80\">\nUnisex-muotoilu sopii sek\u00e4 miehelle ett\u00e4 naiselle.<br \/>\nSe on erityisen tehokas yhdistettyn\u00e4 rentoon riipukseen .<\/div>\n<div class=\"width-80\">\nKoe selke\u00e4t muodot ja klassinen muotoilu joka tilanteeseen.<br \/>\nHanki t\u00e4m\u00e4 voimakas uuden sukupolven voimaranneke ja tunne se - magnetismin voima!<\/div>","protected":false},"featured_media":3680,"comment_status":"open","ping_status":"closed","template":"","meta":[],"product_brand":[],"product_cat":[17,19],"product_tag":[25],"class_list":{"0":"post-3678","1":"product","2":"type-product","3":"status-publish","4":"has-post-thumbnail","6":"product_cat-alle-produkte","7":"product_cat-armbander","8":"product_tag-t-prime","9":"thunk-woo-product-list","10":"opn-qv-enable","11":"top-store-woo-hover-zoom","12":"top-store-single-product-tab-horizontal","13":"top-store-shadow-","14":"top-store-shadow-hover-","16":"first","17":"instock","18":"sale","19":"taxable","20":"shipping-taxable","21":"purchasable","22":"product-type-simple"},"_links":{"self":[{"href":"https:\/\/trinitixshop.de\/fi\/wp-json\/wp\/v2\/product\/3678","targetHints":{"allow":["GET"]}}],"collection":[{"href":"https:\/\/trinitixshop.de\/fi\/wp-json\/wp\/v2\/product"}],"about":[{"href":"https:\/\/trinitixshop.de\/fi\/wp-json\/wp\/v2\/types\/product"}],"replies":[{"embeddable":true,"href":"https:\/\/trinitixshop.de\/fi\/wp-json\/wp\/v2\/comments?post=3678"}],"wp:featuredmedia":[{"embeddable":true,"href":"https:\/\/trinitixshop.de\/fi\/wp-json\/wp\/v2\/media\/3680"}],"wp:attachment":[{"href":"https:\/\/trinitixshop.de\/fi\/wp-json\/wp\/v2\/media?parent=3678"}],"wp:term":[{"taxonomy":"product_brand","embeddable":true,"href":"https:\/\/trinitixshop.de\/fi\/wp-json\/wp\/v2\/product_brand?post=3678"},{"taxonomy":"product_cat","embeddable":true,"href":"https:\/\/trinitixshop.de\/fi\/wp-json\/wp\/v2\/product_cat?post=3678"},{"taxonomy":"product_tag","embeddable":true,"href":"https:\/\/trinitixshop.de\/fi\/wp-json\/wp\/v2\/product_tag?post=3678"}],"curies":[{"name":"wp","href":"https:\/\/api.w.org\/{rel}","templated":true}]}}