{"id":3681,"date":"2024-08-13T09:26:45","date_gmt":"2024-08-13T07:26:45","guid":{"rendered":"https:\/\/trinitixshop.de\/?post_type=product&#038;p=3681"},"modified":"2024-08-13T09:26:45","modified_gmt":"2024-08-13T07:26:45","slug":"tvvys-designer-collection-magneettinen-koru-ketju-kirjainmerkki","status":"publish","type":"product","link":"https:\/\/trinitixshop.de\/fi\/produkt\/tvvys-designer-kollektion-magnetschmuck-kette-schriftzug\/","title":{"rendered":"TVVYS suunnittelija kokoelma magneettinen koru ketju kirjoitus"},"content":{"rendered":"<p>TVY05010Y<\/p>","protected":false},"excerpt":{"rendered":"<div>TVYS esittelee t\u00e4m\u00e4n kauniin, ainutlaatuisen ja eksklusiivisen suunnittelijamalliston taiteellisessa muotoilussa.<\/div>\n<div><\/div>\n<div><\/div>\n<div>Noin 25 x 10 mm. Sis\u00e4lt\u00e4\u00e4 ruostumattomasta ter\u00e4ksest\u00e4 valmistetun ketjun. Pituus n. 45-60 cm.<\/div>\n<div><\/div>\n<div>Huomaamaton katseenvangitsija kiilt\u00e4v\u00e4ll\u00e4 ulkon\u00e4\u00f6ll\u00e4.   T\u00e4m\u00e4n herk\u00e4n magneettikorun kaulakorun on luonut meille eksklusiivinen suunnittelija, joka on kiinnitt\u00e4nyt paljon huomiota yksityiskohtiin.<\/div>\n<div><\/div>\n<div>Se on toivon ja el\u00e4m\u00e4nilon ilmaus.<\/div>\n<div><\/div>\n<div>Kumppanina talismaanin sanotaan antavan paljon energiaa ja uutta rohkeutta kohdata el\u00e4m\u00e4n haasteet.<\/div>\n<div><\/div>\n<div>T\u00e4m\u00e4 hienosti muotoiltu ja merkityksellinen koruluomus seuraa sinua joka p\u00e4iv\u00e4.<\/div>\n<div><\/div>\n<div>Kaunis magneettinen koru edustaa keveytt\u00e4, energiaa ja eleganssia! Jokaisessa korussamme on laadukkaita ja voimakkaita neodyymimagneetteja. Neodyymimagneettisisus, jossa on n. 2200 gaussia.<\/div>\n<div><\/div>\n<div>T\u00e4m\u00e4 lumoava lis\u00e4varuste on valmistettu kirurgisesta ruostumattomasta ter\u00e4ksest\u00e4, joka ei sis\u00e4ll\u00e4 kadmiumia, nikkeli\u00e4 eik\u00e4 lyijy\u00e4. Allergiaton<\/div>","protected":false},"featured_media":3687,"comment_status":"open","ping_status":"closed","template":"","meta":[],"product_brand":[],"product_cat":[17,21],"product_tag":[143],"class_list":{"0":"post-3681","1":"product","2":"type-product","3":"status-publish","4":"has-post-thumbnail","6":"product_cat-alle-produkte","7":"product_cat-halsketten","8":"product_tag-tvvys","9":"thunk-woo-product-list","10":"opn-qv-enable","11":"top-store-woo-hover-zoom","12":"top-store-single-product-tab-horizontal","13":"top-store-shadow-","14":"top-store-shadow-hover-","16":"first","17":"instock","18":"taxable","19":"shipping-taxable","20":"purchasable","21":"product-type-simple"},"_links":{"self":[{"href":"https:\/\/trinitixshop.de\/fi\/wp-json\/wp\/v2\/product\/3681","targetHints":{"allow":["GET"]}}],"collection":[{"href":"https:\/\/trinitixshop.de\/fi\/wp-json\/wp\/v2\/product"}],"about":[{"href":"https:\/\/trinitixshop.de\/fi\/wp-json\/wp\/v2\/types\/product"}],"replies":[{"embeddable":true,"href":"https:\/\/trinitixshop.de\/fi\/wp-json\/wp\/v2\/comments?post=3681"}],"wp:featuredmedia":[{"embeddable":true,"href":"https:\/\/trinitixshop.de\/fi\/wp-json\/wp\/v2\/media\/3687"}],"wp:attachment":[{"href":"https:\/\/trinitixshop.de\/fi\/wp-json\/wp\/v2\/media?parent=3681"}],"wp:term":[{"taxonomy":"product_brand","embeddable":true,"href":"https:\/\/trinitixshop.de\/fi\/wp-json\/wp\/v2\/product_brand?post=3681"},{"taxonomy":"product_cat","embeddable":true,"href":"https:\/\/trinitixshop.de\/fi\/wp-json\/wp\/v2\/product_cat?post=3681"},{"taxonomy":"product_tag","embeddable":true,"href":"https:\/\/trinitixshop.de\/fi\/wp-json\/wp\/v2\/product_tag?post=3681"}],"curies":[{"name":"wp","href":"https:\/\/api.w.org\/{rel}","templated":true}]}}