{"id":3694,"date":"2024-08-13T09:37:14","date_gmt":"2024-08-13T07:37:14","guid":{"rendered":"https:\/\/trinitixshop.de\/?post_type=product&#038;p=3694"},"modified":"2025-12-05T12:40:23","modified_gmt":"2025-12-05T11:40:23","slug":"tvvys-designer-collection-magneettinen-koru-kaulakoru-7-swarovski-kristallia","status":"publish","type":"product","link":"https:\/\/trinitixshop.de\/fi\/produkt\/tvvys-designer-kollektion-magnetschmuck-kette-mit-7-swarovski-crystals\/","title":{"rendered":"TVVYS Designer Kollektion Magnetschmuck Kette mit 7 Swarovski Crystals # 5060"},"content":{"rendered":"<p>TVY05060Y<\/p>","protected":false},"excerpt":{"rendered":"<div class=\"flex-shrink-0 flex flex-col relative items-end\">\n<div>\n<div class=\"pt-0\">\n<div class=\"gizmo-bot-avatar flex h-8 w-8 items-center justify-center overflow-hidden rounded-full\">\n<div class=\"relative p-1 rounded-sm flex items-center justify-center bg-token-main-surface-primary text-token-text-primary h-8 w-8\">TVYS pr\u00e4sentiert Ihnen diese wundersch\u00f6ne, einzigartige exklusive Designer-Kollektion in kunstvollem Design. Ein dezenter Hingucker mit brushed \/ silberner Optik.<\/div>\n<\/div>\n<\/div>\n<\/div>\n<\/div>\n<div class=\"group\/conversation-turn relative flex w-full min-w-0 flex-col agent-turn\">\n<div class=\"flex-col gap-1 md:gap-3\">\n<div class=\"flex max-w-full flex-col flex-grow\">\n<div class=\"min-h-[20px] text-message flex w-full flex-col items-end gap-2 whitespace-pre-wrap break-words [.text-message+&amp;]:mt-5 overflow-x-auto\" dir=\"auto\" data-message-author-role=\"assistant\" data-message-id=\"ecb5cc8f-7e6c-47d5-86ae-16989ed40817\">\n<div class=\"flex w-full flex-col gap-1 empty:hidden first:pt-[3px]\">\n<div class=\"markdown prose w-full break-words dark:prose-invert dark\">\n<p>Oval, ca. 35 x 14 mm. Inkl. gratis Zugabe einer Edelstahlkette. L\u00e4nge ca. 45-55 cm.<\/p>\n<p>Jede Kette ist von Hand mit 7 Original Swarovski Kristallen besetzt.<\/p>\n<p>Mit viel Liebe zum Detail wurde diese zarte Magnetschmuck-Kette vom exklusiven Designer f\u00fcr uns entworfen. Sie ist Ausdruck der Hoffnung und Lebensfreude.<\/p>\n<p>Diese fein gearbeitete und bedeutungsvolle Schmuckkreation begleitet Sie jeden Tag. Der wundersch\u00f6ne Magnetschmuck steht f\u00fcr Leichtigkeit, Energie und Eleganz! Jedes unserer Schmuckst\u00fccke ist mit hochwertigen und kraftvollen Neodym-Magneten versehen. Neodym Magnet Inlay mit ca. 2.200 Gauss.<\/p>\n<p>Gefertigt wurde das glamour\u00f6se Accessoire aus chirurgischem rostfreiem Edelstahl, frei von Cadmium, Nickel und Blei. Allergiefrei.<\/p>\n<\/div>\n<\/div>\n<\/div>\n<\/div>\n<\/div>\n<\/div>\n","protected":false},"featured_media":3683,"comment_status":"open","ping_status":"closed","template":"","meta":[],"product_brand":[],"product_cat":[17,21],"product_tag":[143],"class_list":{"0":"post-3694","1":"product","2":"type-product","3":"status-publish","4":"has-post-thumbnail","6":"product_cat-alle-produkte","7":"product_cat-halsketten","8":"product_tag-tvvys","9":"thunk-woo-product-list","10":"opn-qv-enable","11":"top-store-woo-hover-zoom","12":"top-store-single-product-tab-horizontal","13":"top-store-shadow-","14":"top-store-shadow-hover-","16":"first","17":"instock","18":"sale","19":"taxable","20":"shipping-taxable","21":"purchasable","22":"product-type-simple"},"_links":{"self":[{"href":"https:\/\/trinitixshop.de\/fi\/wp-json\/wp\/v2\/product\/3694","targetHints":{"allow":["GET"]}}],"collection":[{"href":"https:\/\/trinitixshop.de\/fi\/wp-json\/wp\/v2\/product"}],"about":[{"href":"https:\/\/trinitixshop.de\/fi\/wp-json\/wp\/v2\/types\/product"}],"replies":[{"embeddable":true,"href":"https:\/\/trinitixshop.de\/fi\/wp-json\/wp\/v2\/comments?post=3694"}],"wp:featuredmedia":[{"embeddable":true,"href":"https:\/\/trinitixshop.de\/fi\/wp-json\/wp\/v2\/media\/3683"}],"wp:attachment":[{"href":"https:\/\/trinitixshop.de\/fi\/wp-json\/wp\/v2\/media?parent=3694"}],"wp:term":[{"taxonomy":"product_brand","embeddable":true,"href":"https:\/\/trinitixshop.de\/fi\/wp-json\/wp\/v2\/product_brand?post=3694"},{"taxonomy":"product_cat","embeddable":true,"href":"https:\/\/trinitixshop.de\/fi\/wp-json\/wp\/v2\/product_cat?post=3694"},{"taxonomy":"product_tag","embeddable":true,"href":"https:\/\/trinitixshop.de\/fi\/wp-json\/wp\/v2\/product_tag?post=3694"}],"curies":[{"name":"wp","href":"https:\/\/api.w.org\/{rel}","templated":true}]}}