{"id":3707,"date":"2024-08-13T10:51:24","date_gmt":"2024-08-13T08:51:24","guid":{"rendered":"https:\/\/trinitixshop.de\/?post_type=product&#038;p=3707"},"modified":"2024-08-13T10:51:24","modified_gmt":"2024-08-13T08:51:24","slug":"power-magneettinen-baari-hevosenkenkae-swarovski-kristallia-kanssa","status":"publish","type":"product","link":"https:\/\/trinitixshop.de\/fi\/produkt\/power-magnetstab-hufeisen-mit-swarovski-crystal\/","title":{"rendered":"Teho magneettipalkki hevosenkenk\u00e4 Swarovski kristallilla"},"content":{"rendered":"<p>WX056900T<\/p>","protected":false},"excerpt":{"rendered":"<div class=\"width-80\">Teho magneettipalkki hevosenkenk\u00e4, jossa on kimaltava alkuper\u00e4inen Swarovski-kristalli. Massiivinen, muotoiltu muotoilu.<\/p>\n<p>Valmistettu k\u00e4sin. Molemmat puolet ovat identtiset.<\/p>\n<p>Ruostumatonta ter\u00e4st\u00e4, kadmiumia, nikkeli\u00e4 ja allergiatonta.<\/p>\n<p>Erityisen vahva magneetti tangon p\u00e4\u00e4ss\u00e4 (n. 3000 gaussia).<\/p>\n<p>Energisoi juomasi. Jos magneettivoima voi muuttaa vett\u00e4 positiivisesti, voit kuvitella, miten positiivinen vaikutus sill\u00e4 on kehon rakenteeseen.<\/p><\/div>\n<div class=\"width-80\">\nMagnetisoidut juomat - hy\u00f6ty\u00e4 keholle. Aseta voimatikku juomaasi (vesi, mehu, olut, viini jne.). Juoman koostumus muuttuu positiivisesti t\u00e4m\u00e4n sauvan avulla. Monet asiakkaat raportoivat, ett\u00e4 juoman maku paranee ja siit\u00e4 tulee pehme\u00e4mpi.<\/p>\n<p>73 % kehosta koostuu vedest\u00e4, p\u00e4\u00e4n sis\u00e4puolella jopa 80%. Tutkijat ovat havainneet, ett\u00e4 veden energiataso nousee, kun sit\u00e4 rikastetaan positiivisella energialla. Jopa sen rakenne muuttuu niin, ett\u00e4 kaikki on t\u00e4ydellisesti ja harmonisesti j\u00e4rjestetty. Mit\u00e4 voimakkaampi positiivinen energia on, sit\u00e4 harmonisempi vedest\u00e4 tulee. Veden negatiivisella energiatasolla on negatiivinen vaikutus kehomme rakenteeseen.<\/p>\n<p>Laita virtal\u00e4hde suoraan lasiin, l\u00e4mpim\u00e4\u00e4n tai kylm\u00e4\u00e4n, mutta ei kiehuvan kuumaan.<\/p><\/div>\n<div class=\"width-80\">\nKest\u00e4\u00e4 vain noin 10 sekuntia, ennen kuin neste magnetoituu ja on<br \/>\nrikastuu positiivisella energialla.<\/div>","protected":false},"featured_media":3708,"comment_status":"open","ping_status":"closed","template":"","meta":[],"product_brand":[],"product_cat":[17,22],"product_tag":[29],"class_list":{"0":"post-3707","1":"product","2":"type-product","3":"status-publish","4":"has-post-thumbnail","6":"product_cat-alle-produkte","7":"product_cat-wasserstabe","8":"product_tag-remedium","9":"thunk-woo-product-list","10":"opn-qv-enable","11":"top-store-woo-hover-zoom","12":"top-store-single-product-tab-horizontal","13":"top-store-shadow-","14":"top-store-shadow-hover-","16":"first","17":"instock","18":"sale","19":"taxable","20":"shipping-taxable","21":"purchasable","22":"product-type-simple"},"_links":{"self":[{"href":"https:\/\/trinitixshop.de\/fi\/wp-json\/wp\/v2\/product\/3707","targetHints":{"allow":["GET"]}}],"collection":[{"href":"https:\/\/trinitixshop.de\/fi\/wp-json\/wp\/v2\/product"}],"about":[{"href":"https:\/\/trinitixshop.de\/fi\/wp-json\/wp\/v2\/types\/product"}],"replies":[{"embeddable":true,"href":"https:\/\/trinitixshop.de\/fi\/wp-json\/wp\/v2\/comments?post=3707"}],"wp:featuredmedia":[{"embeddable":true,"href":"https:\/\/trinitixshop.de\/fi\/wp-json\/wp\/v2\/media\/3708"}],"wp:attachment":[{"href":"https:\/\/trinitixshop.de\/fi\/wp-json\/wp\/v2\/media?parent=3707"}],"wp:term":[{"taxonomy":"product_brand","embeddable":true,"href":"https:\/\/trinitixshop.de\/fi\/wp-json\/wp\/v2\/product_brand?post=3707"},{"taxonomy":"product_cat","embeddable":true,"href":"https:\/\/trinitixshop.de\/fi\/wp-json\/wp\/v2\/product_cat?post=3707"},{"taxonomy":"product_tag","embeddable":true,"href":"https:\/\/trinitixshop.de\/fi\/wp-json\/wp\/v2\/product_tag?post=3707"}],"curies":[{"name":"wp","href":"https:\/\/api.w.org\/{rel}","templated":true}]}}