{"id":3710,"date":"2024-08-13T10:54:53","date_gmt":"2024-08-13T08:54:53","guid":{"rendered":"https:\/\/trinitixshop.de\/?post_type=product&#038;p=3710"},"modified":"2025-07-29T14:17:59","modified_gmt":"2025-07-29T12:17:59","slug":"teho-magneettinen-sauva-tassu-swarovski-kristallilla","status":"publish","type":"product","link":"https:\/\/trinitixshop.de\/fi\/produkt\/power-magnetstab-pfote-mit-swarovski-crystal\/","title":{"rendered":"Power Magnetstab Pfote mit Swarovski Crystal # 1449"},"content":{"rendered":"<p>WX144900T<\/p>","protected":false},"excerpt":{"rendered":"<div class=\"width-80\">\n<p>TCM Power magneettinen sauva tassu, jossa on kimaltava Swarovski-kristalli. Pituus n. 19 cm.<\/p>\n<p>Tukeva, muotoiltu muotoilu. Valmistettu k\u00e4sin.<\/p>\n<p>Ruostumatonta ter\u00e4st\u00e4, kadmiumia, nikkeli\u00e4 ja allergiatonta.<\/p>\n<p>Erityisen vahva magneetti tangon p\u00e4\u00e4ss\u00e4 (n. 3000 gaussia).<\/p>\n<p>Energisoi juomasi. Jos magneettivoima voi muuttaa vett\u00e4 positiivisesti, voit kuvitella, miten positiivinen vaikutus sill\u00e4 on kehon rakenteeseen.<\/p>\n<\/div>\n<div class=\"width-80\">Magnetisierte Getr\u00e4nke &#8211; eine Wohltat f\u00fcr den K\u00f6rper. Stellen Sie den Powerstab in Ihr Getr\u00e4nk (Wasser, Saft, Bier, Wein \u2026etc.). Die Beschaffenheit des Getr\u00e4nkes wird durch diesen Stab positiv ver\u00e4ndert. Viele Kunden berichten, dass Getr\u00e4nk verbessere seinen Geschmack und wird weicher.73 % des K\u00f6rpers besteht aus Wasser, das Innere des Kopfes sogar zu 80%. Forscher haben entdeckt, das sich das Energieniveau von Wasser erh\u00f6ht, wenn es mit positiver Energie angereichert wird. Sogar seine Struktur ver\u00e4ndert sich, dass alles perfekt und harmonisch angeordnet ist.<\/p>\n<\/div>\n<div class=\"width-80\"><\/div>\n<div class=\"width-80\">\n<p>Mit\u00e4 voimakkaampi positiivinen energia on, sit\u00e4 harmonisempi vedest\u00e4 tulee. Veden negatiivisella energiatasolla on kielteinen vaikutus kehomme rakenteeseen.<\/p>\n<p>Laita virtal\u00e4hde suoraan lasiin, l\u00e4mpim\u00e4\u00e4n tai kylm\u00e4\u00e4n, mutta ei kiehuvan kuumaan.<\/p>\n<\/div>\n<div class=\"width-80\">Kest\u00e4\u00e4 vain noin 10 sekuntia, ennen kuin neste magnetoituu ja on<br \/>\nrikastuu positiivisella energialla.<\/div>","protected":false},"featured_media":3711,"comment_status":"open","ping_status":"closed","template":"","meta":[],"product_brand":[],"product_cat":[17,22],"product_tag":[29],"class_list":{"0":"post-3710","1":"product","2":"type-product","3":"status-publish","4":"has-post-thumbnail","6":"product_cat-alle-produkte","7":"product_cat-wasserstabe","8":"product_tag-remedium","9":"thunk-woo-product-list","10":"opn-qv-enable","11":"top-store-woo-hover-zoom","12":"top-store-single-product-tab-horizontal","13":"top-store-shadow-","14":"top-store-shadow-hover-","16":"first","17":"instock","18":"sale","19":"taxable","20":"shipping-taxable","21":"purchasable","22":"product-type-simple"},"_links":{"self":[{"href":"https:\/\/trinitixshop.de\/fi\/wp-json\/wp\/v2\/product\/3710","targetHints":{"allow":["GET"]}}],"collection":[{"href":"https:\/\/trinitixshop.de\/fi\/wp-json\/wp\/v2\/product"}],"about":[{"href":"https:\/\/trinitixshop.de\/fi\/wp-json\/wp\/v2\/types\/product"}],"replies":[{"embeddable":true,"href":"https:\/\/trinitixshop.de\/fi\/wp-json\/wp\/v2\/comments?post=3710"}],"wp:featuredmedia":[{"embeddable":true,"href":"https:\/\/trinitixshop.de\/fi\/wp-json\/wp\/v2\/media\/3711"}],"wp:attachment":[{"href":"https:\/\/trinitixshop.de\/fi\/wp-json\/wp\/v2\/media?parent=3710"}],"wp:term":[{"taxonomy":"product_brand","embeddable":true,"href":"https:\/\/trinitixshop.de\/fi\/wp-json\/wp\/v2\/product_brand?post=3710"},{"taxonomy":"product_cat","embeddable":true,"href":"https:\/\/trinitixshop.de\/fi\/wp-json\/wp\/v2\/product_cat?post=3710"},{"taxonomy":"product_tag","embeddable":true,"href":"https:\/\/trinitixshop.de\/fi\/wp-json\/wp\/v2\/product_tag?post=3710"}],"curies":[{"name":"wp","href":"https:\/\/api.w.org\/{rel}","templated":true}]}}