{"id":2019,"date":"2023-05-11T14:52:34","date_gmt":"2023-05-11T12:52:34","guid":{"rendered":"https:\/\/trinitixshop.de\/?page_id=2019"},"modified":"2023-05-23T11:43:31","modified_gmt":"2023-05-23T09:43:31","slug":"refund_returns","status":"publish","type":"page","link":"https:\/\/trinitixshop.de\/fr\/refund_returns\/","title":{"rendered":"Information sur le droit de r\u00e9tractation"},"content":{"rendered":"<div data-elementor-type=\"wp-page\" data-elementor-id=\"2019\" class=\"elementor elementor-2019\" data-elementor-settings=\"{&quot;ha_cmc_init_switcher&quot;:&quot;no&quot;}\">\n\t\t\t\t\t\t<section class=\"elementor-section elementor-top-section elementor-element elementor-element-95c7eb1 elementor-section-boxed elementor-section-height-default elementor-section-height-default\" data-id=\"95c7eb1\" data-element_type=\"section\" data-e-type=\"section\">\n\t\t\t\t\t\t<div class=\"elementor-container elementor-column-gap-default\">\n\t\t\t\t\t<div class=\"elementor-column elementor-col-100 elementor-top-column elementor-element elementor-element-4fced78\" data-id=\"4fced78\" data-element_type=\"column\" data-e-type=\"column\">\n\t\t\t<div class=\"elementor-widget-wrap elementor-element-populated\">\n\t\t\t\t\t\t<div class=\"elementor-element elementor-element-833454a elementor-widget elementor-widget-text-editor\" data-id=\"833454a\" data-element_type=\"widget\" data-e-type=\"widget\" data-widget_type=\"text-editor.default\">\n\t\t\t\t<div class=\"elementor-widget-container\">\n\t\t\t\t\t\t\t\t\t<p style=\"margin: 0in 0in 0.0001pt; text-align: center;\" align=\"center\"><b><span lang=\"DE\" style=\"font-size: 20.0pt; font-family: 'Nunito Sans'; mso-ansi-language: DE;\">DROIT DE RETOUR \/ DROIT DE R\u00c9TRACTATION<\/span><\/b><\/p>\n<p style=\"margin: 0in 0in 0.0001pt; text-align: center;\" align=\"center\"><b><span lang=\"DE\" style=\"font-size: 18.0pt; font-family: 'Nunito Sans'; mso-ansi-language: DE;\">\u00a0<\/span><\/b><\/p>\n<p style=\"margin: 0in 0in 0.0001pt; text-align: center;\" align=\"center\"><span lang=\"DE\" style=\"font-size: 14.0pt; font-family: 'Nunito Sans'; mso-ansi-language: DE;\">Dans la boutique en ligne TRX Network, vous achetez \u00e0 votre guise, sans aucun risque.<\/span><\/p>\n<p style=\"margin: 0in 0in 0.0001pt; text-align: center;\" align=\"center\"><span lang=\"DE\" style=\"font-family: 'Nunito Sans'; mso-ansi-language: DE;\">\u00a0<\/span><\/p>\n<section class=\"elementor-section elementor-top-section elementor-element elementor-element-da56b7c elementor-section-boxed elementor-section-height-default elementor-section-height-default\" style=\"flex-basis: var(--flex-basis); flex-grow: var(--flex-grow); flex-shrink: var(--flex-shrink); order: var(--order); align-self: var(--align-self); --swiper-theme-color: #000; --swiper-navigation-size: 44px; --swiper-pagination-bullet-size: 6px; --swiper-pagination-bullet-horizontal-gap: 6px; --widgets-spacing: 20px; color: #000000; font-family: Lato, sans-serif; font-size: 16px; letter-spacing: normal;\" data-id=\"da56b7c\" data-element_type=\"section\">\n<p style=\"margin: 0in 0in 0.0001pt; text-align: center;\" align=\"center\"><b style=\"font-style: inherit; background-color: var(--ast-global-color-5); color: var(--ast-global-color-3);\"><span lang=\"DE\" style=\"font-size: 14.0pt; font-family: 'Nunito Sans'; mso-ansi-language: DE;\">14 JOURS de garantie de retour<\/span><\/b><\/p>\n<p style=\"margin: 0in 0in 0.0001pt; text-align: center;\" align=\"center\"><span lang=\"DE\" style=\"font-family: 'Nunito Sans'; mso-ansi-language: DE;\">\u00a0<\/span><\/p>\n<p style=\"margin: 0in 0in 0.0001pt; text-align: center;\" align=\"center\"><span lang=\"DE\" style=\"font-family: 'Nunito Sans'; mso-ansi-language: DE;\">Vous n'\u00eates pas satisfait du produit que vous avez re\u00e7u ? En y regardant de plus pr\u00e8s, il ne correspond pas \u00e0 vos attentes ? Pas de probl\u00e8me ! Chez TRX Network, vous b\u00e9n\u00e9ficiez d'une garantie de satisfaction !<\/span><\/p>\n<p style=\"margin: 0in 0in 0.0001pt; text-align: center;\" align=\"center\"><span lang=\"DE\" style=\"font-family: 'Nunito Sans'; mso-ansi-language: DE;\">Avec notre garantie de satisfaction, vous pouvez renvoyer le bijou magn\u00e9tique dans les 14 jours suivant la date d'achat. Le prix d'achat int\u00e9gral vous sera rembours\u00e9, sans frais de port.<\/span><\/p>\n<p style=\"margin: 0in 0in 0.0001pt; text-align: center;\" align=\"center\"><span lang=\"DE\" style=\"font-family: 'Nunito Sans'; mso-ansi-language: DE;\">\u00a0<\/span><\/p>\n<p style=\"margin: 0in 0in 0.0001pt; text-align: center;\" align=\"center\"><span lang=\"DE\" style=\"font-family: 'Nunito Sans'; mso-ansi-language: DE;\">\u00a0<\/span><\/p>\n<p style=\"margin: 0in 0in 0.0001pt; text-align: center;\" align=\"center\"><b><span lang=\"DE\" style=\"font-size: 14.0pt; font-family: 'Nunito Sans'; mso-ansi-language: DE;\">D\u00c9FAUTS DE MAT\u00c9RIEL ET DE FABRICATION<\/span><\/b><\/p>\n<p style=\"margin: 0in 0in 0.0001pt; text-align: center;\" align=\"center\"><span lang=\"DE\" style=\"font-family: 'Nunito Sans'; mso-ansi-language: DE;\">\u00a0<\/span><\/p>\n<p style=\"margin: 0in 0in 0.0001pt; text-align: center;\" align=\"center\"><span lang=\"DE\" style=\"font-family: 'Nunito Sans'; mso-ansi-language: DE;\">Les articles d\u00e9fectueux pr\u00e9sentant des d\u00e9fauts de mat\u00e9riel et\/ou de fabrication sont soumis \u00e0 la garantie l\u00e9gale.<\/span><\/p>\n<p style=\"margin: 0in 0in 0.0001pt; text-align: center;\" align=\"center\"><span lang=\"DE\" style=\"font-family: 'Nunito Sans'; mso-ansi-language: DE;\">\u00a0<\/span><\/p>\n<p style=\"margin: 0in 0in 0.0001pt; text-align: center;\" align=\"center\"><span lang=\"DE\" style=\"font-family: 'Nunito Sans'; mso-ansi-language: DE;\">Les d\u00e9lais commencent \u00e0 courir \u00e0 compter de la r\u00e9ception de la marchandise et de la pr\u00e9sente information.<\/span><\/p>\n<p style=\"margin: 0in 0in 0.0001pt; text-align: center;\" align=\"center\"><span lang=\"DE\" style=\"font-family: 'Nunito Sans'; mso-ansi-language: DE;\">Veuillez joindre le re\u00e7u\/la preuve d'achat ou une copie de la facture.<\/span><\/p>\n<p style=\"margin: 0in 0in 0.0001pt; text-align: center;\" align=\"center\"><span lang=\"DE\" style=\"font-family: 'Nunito Sans'; mso-ansi-language: DE;\">N'oubliez pas d'indiquer vos donn\u00e9es client de mani\u00e8re compl\u00e8te.<\/span><\/p>\n<p style=\"margin: 0in 0in 0.0001pt; text-align: center;\" align=\"center\"><span lang=\"DE\" style=\"font-family: 'Nunito Sans'; mso-ansi-language: DE;\">En cas de retour, TRX Network n'est pas responsable des pertes dues au transport postal.<\/span><\/p>\n<p style=\"margin: 0in 0in 0.0001pt; text-align: center;\" align=\"center\"><span lang=\"DE\" style=\"font-family: 'Nunito Sans'; mso-ansi-language: DE;\">\u00a0<\/span><\/p>\n<p style=\"margin: 0in 0in 0.0001pt; text-align: center;\" align=\"center\"><span lang=\"DE\" style=\"font-family: 'Nunito Sans'; mso-ansi-language: DE;\">\u00a0<\/span><\/p>\n<p style=\"margin: 0in 0in 0.0001pt; text-align: center;\" align=\"center\"><b><span lang=\"DE\" style=\"font-size: 14.0pt; font-family: 'Nunito Sans'; mso-ansi-language: DE;\">Loi sur la vente \u00e0 distance<\/span><\/b><\/p>\n<p style=\"margin: 0in 0in 0.0001pt; text-align: center;\" align=\"center\"><span lang=\"DE\" style=\"font-family: 'Nunito Sans'; mso-ansi-language: DE;\">\u00a0<\/span><\/p>\n<p style=\"margin: 0in 0in 0.0001pt; text-align: center;\" align=\"center\"><span lang=\"DE\" style=\"font-family: 'Nunito Sans'; mso-ansi-language: DE;\">Conform\u00e9ment \u00e0 la loi sur la vente \u00e0 distance, vous pouvez retourner l'article achet\u00e9 dans les 14 jours suivant la r\u00e9ception de la marchandise.<\/span><\/p>\n<p style=\"margin: 0in 0in 0.0001pt; text-align: center;\" align=\"center\"><span lang=\"DE\" style=\"font-family: 'Nunito Sans'; mso-ansi-language: DE;\">Nous remboursons 100% du montant de l'achat, hors frais de port.<\/span><\/p>\n<p style=\"margin: 0in 0in 0.0001pt; text-align: center;\" align=\"center\"><span lang=\"DE\" style=\"font-family: 'Nunito Sans'; mso-ansi-language: DE;\">Les deux semaines commencent au plus t\u00f4t \u00e0 la r\u00e9ception de la marchandise. Pour respecter ce d\u00e9lai, il suffit d'envoyer la marchandise dans les d\u00e9lais.<\/span><\/p>\n<p style=\"margin: 0in 0in 0.0001pt; text-align: center;\" align=\"center\"><span lang=\"DE\" style=\"font-family: 'Nunito Sans'; mso-ansi-language: DE;\">\u00a0<\/span><\/p>\n<p style=\"margin: 0in 0in 0.0001pt; text-align: center;\" align=\"center\"><span lang=\"DE\" style=\"font-family: 'Nunito Sans'; mso-ansi-language: DE;\">Pass\u00e9 le d\u00e9lai de 14 jours, la reprise ne se fait qu'\u00e0 titre gracieux. Nous remboursons 75 % du montant de l'achat, hors frais de port.<\/span><\/p>\n<p style=\"margin: 0in 0in 0.0001pt; text-align: center;\" align=\"center\"><span lang=\"DE\" style=\"font-family: 'Nunito Sans'; mso-ansi-language: DE;\">Nous ne pouvons proc\u00e9der \u00e0 des remboursements que si aucune utilisation\/d\u00e9gradation n'est visible.<\/span><\/p>\n<p style=\"margin: 0in 0in 0.0001pt; text-align: center;\" align=\"center\"><span lang=\"DE\" style=\"font-family: 'Nunito Sans'; mso-ansi-language: DE;\">\u00a0<\/span><\/p>\n<p style=\"margin: 0in 0in 0.0001pt; text-align: center;\" align=\"center\"><span lang=\"DE\" style=\"font-family: 'Nunito Sans'; mso-ansi-language: DE;\">Veuillez joindre une copie de la facture d'achat \u00e0 votre retour.<\/span><\/p>\n<p style=\"margin: 0in 0in 0.0001pt; text-align: center;\" align=\"center\"><span lang=\"DE\" style=\"font-family: 'Nunito Sans'; mso-ansi-language: DE;\">La possibilit\u00e9 de retour se fait conform\u00e9ment \u00e0 la loi sur la vente \u00e0 distance, aux frais et aux risques du client.<\/span><\/p>\n<p style=\"margin: 0in 0in 0.0001pt; text-align: center;\" align=\"center\"><span lang=\"DE\" style=\"font-family: 'Nunito Sans'; mso-ansi-language: DE;\">\u00a0<\/span><\/p>\n<p style=\"margin: 0in 0in 0.0001pt; text-align: center;\" align=\"center\"><span lang=\"DE\" style=\"font-family: 'Nunito Sans'; mso-ansi-language: DE;\">Retourner \u00e0 :<\/span><\/p>\n<p style=\"margin: 0in 0in 0.0001pt; text-align: center;\" align=\"center\"><span lang=\"DE\" style=\"font-family: 'Nunito Sans'; mso-ansi-language: DE;\">\u00c9tablissement \/ succursale en Allemagne :<\/span><\/p>\n<p style=\"margin: 0in 0in 0.0001pt; text-align: center;\" align=\"center\"><span lang=\"DE\" style=\"font-family: 'Nunito Sans'; mso-ansi-language: DE;\">\u00a0<\/span><\/p>\n<p style=\"margin: 0in 0in 0.0001pt; text-align: center;\" align=\"center\"><span style=\"font-family: 'Nunito Sans';\">MAGNEGY Distribution GmbH<\/span><\/p>\n<p style=\"margin: 0in 0in 0.0001pt; text-align: center;\" align=\"center\"><span style=\"font-family: 'Nunito Sans';\">Service pour TRINITIX for LIFE<\/span><\/p>\n<p style=\"margin: 0in 0in 0.0001pt; text-align: center;\" align=\"center\"><span lang=\"DE\" style=\"font-family: 'Nunito Sans'; mso-ansi-language: DE;\">7, rue Obenhaupt<\/span><\/p>\n<p style=\"margin: 0in 0in 0.0001pt; text-align: center;\" align=\"center\"><span lang=\"DE\" style=\"font-family: 'Nunito Sans'; mso-ansi-language: DE;\">22335 Hambourg<\/span><\/p>\n<p style=\"margin: 0in 0in 0.0001pt; text-align: center;\" align=\"center\"><span lang=\"DE\" style=\"font-family: 'Nunito Sans'; mso-ansi-language: DE;\">\u00a0<\/span><\/p>\n<p style=\"margin: 0in 0in 0.0001pt; text-align: center;\" align=\"center\"><span lang=\"DE\" style=\"font-family: 'Nunito Sans'; mso-ansi-language: DE;\">\u00a0<\/span><\/p>\n<p style=\"margin: 0in 0in 0.0001pt; text-align: center;\" align=\"center\"><b><span lang=\"DE\" style=\"font-size: 14.0pt; font-family: 'Nunito Sans'; mso-ansi-language: DE;\">Mod\u00e8le de formulaire de r\u00e9tractation<\/span><\/b><\/p>\n<p style=\"margin: 0in 0in 0.0001pt; text-align: center;\" align=\"center\"><span lang=\"DE\" style=\"font-family: 'Nunito Sans'; mso-ansi-language: DE;\">(Si vous souhaitez vous r\u00e9tracter, veuillez remplir et renvoyer ce formulaire).<\/span><span style=\"background-color: var(--ast-global-color-5); color: var(--ast-global-color-3);\">\u00a0<\/span><\/p>\n<\/section>\n<p>\u00a0<\/p>\n<p class=\"MsoNormal\"><span lang=\"DE\">\u00a0<\/span><\/p>\t\t\t\t\t\t\t\t<\/div>\n\t\t\t\t<\/div>\n\t\t\t\t\t<\/div>\n\t\t<\/div>\n\t\t\t\t\t<\/div>\n\t\t<\/section>\n\t\t\t\t<section class=\"elementor-section elementor-top-section elementor-element elementor-element-1b87f65 elementor-section-boxed elementor-section-height-default elementor-section-height-default\" data-id=\"1b87f65\" data-element_type=\"section\" data-e-type=\"section\">\n\t\t\t\t\t\t<div class=\"elementor-container elementor-column-gap-default\">\n\t\t\t\t\t<div class=\"elementor-column elementor-col-100 elementor-top-column elementor-element elementor-element-c1eaaf4\" data-id=\"c1eaaf4\" data-element_type=\"column\" data-e-type=\"column\">\n\t\t\t<div class=\"elementor-widget-wrap elementor-element-populated\">\n\t\t\t\t\t\t<div class=\"elementor-element elementor-element-9020e4c elementor-align-center elementor-widget elementor-widget-button\" data-id=\"9020e4c\" data-element_type=\"widget\" data-e-type=\"widget\" data-widget_type=\"button.default\">\n\t\t\t\t<div class=\"elementor-widget-container\">\n\t\t\t\t\t\t\t\t\t<div class=\"elementor-button-wrapper\">\n\t\t\t\t\t<a class=\"elementor-button elementor-button-link elementor-size-sm\" href=\"http:\/\/trinitixshop.de\/wp-content\/uploads\/2023\/05\/Model-Withdrawal-form.pdf\">\n\t\t\t\t\t\t<span class=\"elementor-button-content-wrapper\">\n\t\t\t\t\t\t<span class=\"elementor-button-icon\">\n\t\t\t\t<i aria-hidden=\"true\" class=\"far fa-file-pdf\"><\/i>\t\t\t<\/span>\n\t\t\t\t\t\t\t\t\t<span class=\"elementor-button-text\">MOD\u00c8LE DE FORMULAIRE DE R\u00c9TRACTATION<\/span>\n\t\t\t\t\t<\/span>\n\t\t\t\t\t<\/a>\n\t\t\t\t<\/div>\n\t\t\t\t\t\t\t\t<\/div>\n\t\t\t\t<\/div>\n\t\t\t\t\t<\/div>\n\t\t<\/div>\n\t\t\t\t\t<\/div>\n\t\t<\/section>\n\t\t\t\t<\/div>","protected":false},"excerpt":{"rendered":"<p>R\u00dcCKGABERECHT \/ WIDERRUFSRECHT \u00a0 Im TRX Network Webshop kaufen Sie nach Lust und Laune ohne jegliches Risiko. \u00a0 14 TAGE R\u00fcckgabegarantie \u00a0 Sind Sie mit dem erhaltenen Produkt doch nicht zufrieden? Entspricht es bei n\u00e4herer Betrachtung doch nicht Ihren Vorstellungen? Kein Problem! Sie genie\u00dfen bei TRX Network eine Zufriedenheitsgarantie! Mit unserer Zufriedenheitsgarantie k\u00f6nnen Sie innerhalb &hellip;<\/p>\n<p class=\"read-more\"> <a class=\"thunk-readmore button\" href=\"https:\/\/trinitixshop.de\/fr\/refund_returns\/\"> <span class=\"screen-reader-text\">Information sur le droit de r\u00e9tractation<\/span>Read More<\/a><\/p>","protected":false},"author":1,"featured_media":0,"parent":0,"menu_order":0,"comment_status":"closed","ping_status":"closed","template":"","meta":{"footnotes":""},"class_list":["post-2019","page","type-page","status-publish","hentry","thunk-woo-product-list","opn-qv-enable","top-store-woo-hover-zoom","top-store-single-product-tab-horizontal","top-store-shadow-","top-store-shadow-hover-"],"_links":{"self":[{"href":"https:\/\/trinitixshop.de\/fr\/wp-json\/wp\/v2\/pages\/2019","targetHints":{"allow":["GET"]}}],"collection":[{"href":"https:\/\/trinitixshop.de\/fr\/wp-json\/wp\/v2\/pages"}],"about":[{"href":"https:\/\/trinitixshop.de\/fr\/wp-json\/wp\/v2\/types\/page"}],"author":[{"embeddable":true,"href":"https:\/\/trinitixshop.de\/fr\/wp-json\/wp\/v2\/users\/1"}],"replies":[{"embeddable":true,"href":"https:\/\/trinitixshop.de\/fr\/wp-json\/wp\/v2\/comments?post=2019"}],"version-history":[{"count":19,"href":"https:\/\/trinitixshop.de\/fr\/wp-json\/wp\/v2\/pages\/2019\/revisions"}],"predecessor-version":[{"id":2385,"href":"https:\/\/trinitixshop.de\/fr\/wp-json\/wp\/v2\/pages\/2019\/revisions\/2385"}],"wp:attachment":[{"href":"https:\/\/trinitixshop.de\/fr\/wp-json\/wp\/v2\/media?parent=2019"}],"curies":[{"name":"wp","href":"https:\/\/api.w.org\/{rel}","templated":true}]}}