{"id":1484,"date":"2023-05-08T12:14:00","date_gmt":"2023-05-08T10:14:00","guid":{"rendered":"https:\/\/trinitixshop.de\/?post_type=product&#038;p=1484"},"modified":"2024-12-30T17:39:53","modified_gmt":"2024-12-30T16:39:53","slug":"brazil-rainbow-bague-magnetique-avec-pierres-precieuses-swarovski-or-16-21","status":"publish","type":"product","link":"https:\/\/trinitixshop.de\/fr\/produkt\/brazil-rainbow-magnet-ring-mit-swarovski-edelsteinen-gold-16-21\/","title":{"rendered":"Brazil Rainbow anneau magn\u00e9tique avec des pierres pr\u00e9cieuses Swarovski # 9002 or 16 - 21"},"content":{"rendered":"<p>RX900200T<\/p>","protected":false},"excerpt":{"rendered":"<p>Une bague color\u00e9e de notre \"Rainbow Collection\".<br \/>\nUne vari\u00e9t\u00e9 avec des pierres pr\u00e9cieuses Swarovski color\u00e9es dans des couleurs spectrales.<br \/>\nUn v\u00e9ritable travail d'orf\u00e8vre r\u00e9alis\u00e9 par les designers de notre entreprise.<br \/>\nFabriqu\u00e9 \u00e0 la main. Des couleurs subtilement d\u00e9grad\u00e9es illustrent les couleurs du spectre de l'arc-en-ciel.<br \/>\nLa s\u00e9lection comprend des \u00e9l\u00e9ments synth\u00e9tiques analogues au grenat, \u00e0 l'am\u00e9thyste, \u00e0 la citrine, au p\u00e9ridot et \u00e0 la topaze bleue.<br \/>\nCarr\u00e9 mixte comme coupe modifi\u00e9e<br \/>\nLargeur env. 7 mm. \u00c9paisseur d'environ 2,3 mm.<br \/>\nDisponible en or sous la r\u00e9f\u00e9rence # 9006.<br \/>\nDans l'Orient ancien, l'arc-en-ciel \u00e9tait consid\u00e9r\u00e9 comme un symbole de victoire apr\u00e8s une dispute entre dieux. ...<br \/>\nAujourd'hui encore, l'apparition de l'arc-en-ciel dans le ciel interpelle les gens. Il est consid\u00e9r\u00e9 comme un symbole d'harmonie, de globalit\u00e9, de protection de la nature ou comme le signe du lien entre le ciel et la terre. Cette collection exclusive et raffin\u00e9e comprend des boucles d'oreilles, un collier et une bague. 24 k \"or naturel\" plaqu\u00e9 or dur.<br \/>\nLes bagues magn\u00e9tiques sont synonymes de mobilit\u00e9 et de joie de vivre. Depuis des ann\u00e9es, nos bagues magn\u00e9tiques comptent parmi les pi\u00e8ces les plus appr\u00e9ci\u00e9es de la collection.<br \/>\nTestez par vous-m\u00eame la beaut\u00e9, la robustesse et la capacit\u00e9 d'adaptation de ces bijoux<br \/>\n\u00c9nergie et \u00e9l\u00e9gance !<br \/>\nChacun de nos bijoux est dot\u00e9 d'aimants n\u00e9odyme puissants et de haute qualit\u00e9. Aimant n\u00e9odyme inlay avec env. 1.200 gauss.<br \/>\nAcier inoxydable m\u00e9dical, exempt de cadmium, de nickel et de plomb. Sans allergie.<br \/>\nTailles disponibles : 16, 17, 18, 19, 20 ou 21.<\/p>","protected":false},"featured_media":1715,"comment_status":"open","ping_status":"closed","template":"","meta":[],"product_brand":[],"product_cat":[17,18],"product_tag":[28],"class_list":{"0":"post-1484","1":"product","2":"type-product","3":"status-publish","4":"has-post-thumbnail","6":"product_cat-alle-produkte","7":"product_cat-ringe","8":"product_tag-kurfuerst","9":"thunk-woo-product-list","10":"opn-qv-enable","11":"top-store-woo-hover-zoom","12":"top-store-single-product-tab-horizontal","13":"top-store-shadow-","14":"top-store-shadow-hover-","16":"first","17":"instock","18":"taxable","19":"shipping-taxable","20":"purchasable","21":"product-type-variable"},"_links":{"self":[{"href":"https:\/\/trinitixshop.de\/fr\/wp-json\/wp\/v2\/product\/1484","targetHints":{"allow":["GET"]}}],"collection":[{"href":"https:\/\/trinitixshop.de\/fr\/wp-json\/wp\/v2\/product"}],"about":[{"href":"https:\/\/trinitixshop.de\/fr\/wp-json\/wp\/v2\/types\/product"}],"replies":[{"embeddable":true,"href":"https:\/\/trinitixshop.de\/fr\/wp-json\/wp\/v2\/comments?post=1484"}],"wp:featuredmedia":[{"embeddable":true,"href":"https:\/\/trinitixshop.de\/fr\/wp-json\/wp\/v2\/media\/1715"}],"wp:attachment":[{"href":"https:\/\/trinitixshop.de\/fr\/wp-json\/wp\/v2\/media?parent=1484"}],"wp:term":[{"taxonomy":"product_brand","embeddable":true,"href":"https:\/\/trinitixshop.de\/fr\/wp-json\/wp\/v2\/product_brand?post=1484"},{"taxonomy":"product_cat","embeddable":true,"href":"https:\/\/trinitixshop.de\/fr\/wp-json\/wp\/v2\/product_cat?post=1484"},{"taxonomy":"product_tag","embeddable":true,"href":"https:\/\/trinitixshop.de\/fr\/wp-json\/wp\/v2\/product_tag?post=1484"}],"curies":[{"name":"wp","href":"https:\/\/api.w.org\/{rel}","templated":true}]}}