{"id":1487,"date":"2023-05-08T12:14:00","date_gmt":"2023-05-08T10:14:00","guid":{"rendered":"https:\/\/trinitixshop.de\/?post_type=product&#038;p=1487"},"modified":"2025-06-03T13:30:36","modified_gmt":"2025-06-03T11:30:36","slug":"starry-sky-reif-ciel-etoile-bijoux-magnetiques-bague-avec-swarovski-crystals-or-16-21","status":"publish","type":"product","link":"https:\/\/trinitixshop.de\/fr\/produkt\/starry-sky-reif-sternenhimmel-magnetschmuck-ring-mit-swarovski-crystals-gold-16-21\/","title":{"rendered":"Starry Sky Reif Sternenhimmel Magnetschmuck Ring mit Swarovski Crystals gold 16 &#8211; 21 # 9010"},"content":{"rendered":"<p>RX901000T<\/p>","protected":false},"excerpt":{"rendered":"<p>El\u00e9gant anneau magn\u00e9tique \"diamant\", dor\u00e9 \u00e0 l'or fin 24k.<br \/>\nSerti d'\u00e9l\u00e9ments scintillants en cristal Swarovski taill\u00e9 en brillant.<br \/>\nUn magnifique cadeau pour toutes les occasions.<br \/>\nCet \u00e9l\u00e9gant bijou est fabriqu\u00e9 \u00e0 la main. Largeur env. 7 mm Hauteur env. 3 mm.<br \/>\nEn bois massif. Surface arrondie noble.<br \/>\nDisponible en argent sous la r\u00e9f\u00e9rence # 9020.<br \/>\nComme la vue d'un ciel nocturne \u00e9toil\u00e9. V\u00e9ritablement stup\u00e9fiant. Une profusion d'\u00e9l\u00e9ments Swarovski lumineux, en forme de points, int\u00e9gr\u00e9s de mani\u00e8re irr\u00e9guli\u00e8re dans l'anneau. Le po\u00e8te verrait dans cette mer de lumi\u00e8re de nouveaux mondes flottant perdus dans le temps et l'espace. L'esth\u00e8te appr\u00e9cierait la splendeur des couleurs, le jeu de lumi\u00e8re et d'obscurit\u00e9. Comme des \u00e9toiles scintillantes, elles peuvent d\u00e9clencher beaucoup de choses chez une personne et laissent rarement l'esprit humain indiff\u00e9rent.<br \/>\nLes bagues magn\u00e9tiques sont synonymes de mobilit\u00e9 et de joie de vivre. Depuis des ann\u00e9es, nos bagues magn\u00e9tiques comptent parmi les pi\u00e8ces les plus appr\u00e9ci\u00e9es de la collection. Essayez vous-m\u00eame \u00e0 quel point ces bijoux sont beaux, robustes et adaptables \u00c9nergie et \u00e9l\u00e9gance !<br \/>\nChacun de nos bijoux est dot\u00e9 d'aimants n\u00e9odyme puissants et de haute qualit\u00e9. Aimant n\u00e9odyme inlay avec env. 1.200 gauss.<br \/>\nAcier inoxydable m\u00e9dical, exempt de cadmium, de nickel et de plomb. Sans allergie.<br \/>\nTailles disponibles : 16, 17, 18, 19, 20 ou 21.<\/p>","protected":false},"featured_media":1719,"comment_status":"open","ping_status":"closed","template":"","meta":[],"product_brand":[],"product_cat":[17,18],"product_tag":[28],"class_list":{"0":"post-1487","1":"product","2":"type-product","3":"status-publish","4":"has-post-thumbnail","6":"product_cat-alle-produkte","7":"product_cat-ringe","8":"product_tag-kurfuerst","9":"thunk-woo-product-list","10":"opn-qv-enable","11":"top-store-woo-hover-zoom","12":"top-store-single-product-tab-horizontal","13":"top-store-shadow-","14":"top-store-shadow-hover-","16":"first","17":"instock","18":"featured","19":"taxable","20":"shipping-taxable","21":"purchasable","22":"product-type-variable"},"_links":{"self":[{"href":"https:\/\/trinitixshop.de\/fr\/wp-json\/wp\/v2\/product\/1487","targetHints":{"allow":["GET"]}}],"collection":[{"href":"https:\/\/trinitixshop.de\/fr\/wp-json\/wp\/v2\/product"}],"about":[{"href":"https:\/\/trinitixshop.de\/fr\/wp-json\/wp\/v2\/types\/product"}],"replies":[{"embeddable":true,"href":"https:\/\/trinitixshop.de\/fr\/wp-json\/wp\/v2\/comments?post=1487"}],"wp:featuredmedia":[{"embeddable":true,"href":"https:\/\/trinitixshop.de\/fr\/wp-json\/wp\/v2\/media\/1719"}],"wp:attachment":[{"href":"https:\/\/trinitixshop.de\/fr\/wp-json\/wp\/v2\/media?parent=1487"}],"wp:term":[{"taxonomy":"product_brand","embeddable":true,"href":"https:\/\/trinitixshop.de\/fr\/wp-json\/wp\/v2\/product_brand?post=1487"},{"taxonomy":"product_cat","embeddable":true,"href":"https:\/\/trinitixshop.de\/fr\/wp-json\/wp\/v2\/product_cat?post=1487"},{"taxonomy":"product_tag","embeddable":true,"href":"https:\/\/trinitixshop.de\/fr\/wp-json\/wp\/v2\/product_tag?post=1487"}],"curies":[{"name":"wp","href":"https:\/\/api.w.org\/{rel}","templated":true}]}}