{"id":1491,"date":"2023-05-08T12:14:01","date_gmt":"2023-05-08T10:14:01","guid":{"rendered":"https:\/\/trinitixshop.de\/?post_type=product&#038;p=1491"},"modified":"2025-12-04T16:59:42","modified_gmt":"2025-12-04T15:59:42","slug":"bicolor-bague-magnetique-poussiere-de-diamant-argent-or-16-21","status":"publish","type":"product","link":"https:\/\/trinitixshop.de\/fr\/produkt\/bicolor-magnetring-diamantenstaub-silber-gold-16-21\/","title":{"rendered":"Bicolor Magnetring Diamantenstaub Silber Gold 16 bis 21 # 106"},"content":{"rendered":"<p>RX010600T<\/p>","protected":false},"excerpt":{"rendered":"<p>Bague magn\u00e9tique massive \"poussi\u00e8re de diamant\" \u00e9troite. Unisexe, elle est tr\u00e8s r\u00e9sistante. Bicolore.<br \/>\nId\u00e9al comme bague de partenaire, de mariage ou de fian\u00e7ailles.<br \/>\nL'acier inoxydable robuste et brillant est dot\u00e9 d'une structure unique qui donne \u00e0 la bague un aspect particuli\u00e8rement noble, comme si elle \u00e9tait sertie de poussi\u00e8re de diamants. Largeur : env. 4 mm, \u00e9paisseur : env. 2 mm. Cette bague existe \u00e9galement en 7 mm sous la r\u00e9f\u00e9rence # 106.<br \/>\nLes bagues magn\u00e9tiques sont synonymes de mobilit\u00e9 et de joie de vivre. Depuis des ann\u00e9es, nos bagues magn\u00e9tiques comptent parmi les pi\u00e8ces les plus appr\u00e9ci\u00e9es de la collection.<br \/>\nEssayez vous-m\u00eame \u00e0 quel point ces bijoux sont beaux, robustes et adaptables.<br \/>\n\u00c9nergie et \u00e9l\u00e9gance !<br \/>\nChacun de nos bijoux est dot\u00e9 d'aimants n\u00e9odyme puissants et de haute qualit\u00e9. Aimant n\u00e9odyme inlay avec env. 1.200 gauss.<br \/>\nAcier inoxydable m\u00e9dical, exempt de cadmium, de nickel et de plomb. Sans allergie.<\/p>","protected":false},"featured_media":1708,"comment_status":"open","ping_status":"closed","template":"","meta":[],"product_brand":[],"product_cat":[17,18],"product_tag":[25],"class_list":{"0":"post-1491","1":"product","2":"type-product","3":"status-publish","4":"has-post-thumbnail","6":"product_cat-alle-produkte","7":"product_cat-ringe","8":"product_tag-t-prime","9":"thunk-woo-product-list","10":"opn-qv-enable","11":"top-store-woo-hover-zoom","12":"top-store-single-product-tab-horizontal","13":"top-store-shadow-","14":"top-store-shadow-hover-","16":"first","17":"instock","18":"taxable","19":"shipping-taxable","20":"purchasable","21":"product-type-variable"},"_links":{"self":[{"href":"https:\/\/trinitixshop.de\/fr\/wp-json\/wp\/v2\/product\/1491","targetHints":{"allow":["GET"]}}],"collection":[{"href":"https:\/\/trinitixshop.de\/fr\/wp-json\/wp\/v2\/product"}],"about":[{"href":"https:\/\/trinitixshop.de\/fr\/wp-json\/wp\/v2\/types\/product"}],"replies":[{"embeddable":true,"href":"https:\/\/trinitixshop.de\/fr\/wp-json\/wp\/v2\/comments?post=1491"}],"wp:featuredmedia":[{"embeddable":true,"href":"https:\/\/trinitixshop.de\/fr\/wp-json\/wp\/v2\/media\/1708"}],"wp:attachment":[{"href":"https:\/\/trinitixshop.de\/fr\/wp-json\/wp\/v2\/media?parent=1491"}],"wp:term":[{"taxonomy":"product_brand","embeddable":true,"href":"https:\/\/trinitixshop.de\/fr\/wp-json\/wp\/v2\/product_brand?post=1491"},{"taxonomy":"product_cat","embeddable":true,"href":"https:\/\/trinitixshop.de\/fr\/wp-json\/wp\/v2\/product_cat?post=1491"},{"taxonomy":"product_tag","embeddable":true,"href":"https:\/\/trinitixshop.de\/fr\/wp-json\/wp\/v2\/product_tag?post=1491"}],"curies":[{"name":"wp","href":"https:\/\/api.w.org\/{rel}","templated":true}]}}