{"id":1493,"date":"2023-05-08T12:14:01","date_gmt":"2023-05-08T10:14:01","guid":{"rendered":"https:\/\/trinitixshop.de\/?post_type=product&#038;p=1493"},"modified":"2023-05-08T13:58:47","modified_gmt":"2023-05-08T11:58:47","slug":"jeu-de-lumiere-facette-anneau-magnetique-diamond-cut-266-17-21","status":"publish","type":"product","link":"https:\/\/trinitixshop.de\/fr\/produkt\/lichtspiel-facettenschliff-magnetring-diamond-cut-266-17-21\/","title":{"rendered":"Jeu de lumi\u00e8re facette anneau magn\u00e9tique Diamond Cut # 266- 17\/21"},"content":{"rendered":"<p>RX026616T<\/p>","protected":false},"excerpt":{"rendered":"<p>Anneau magn\u00e9tique \" \u00e0 facettes \/ Diamond Cut \" \u00e9troit, taill\u00e9 \u00e0 la main de mani\u00e8re \u00e9labor\u00e9e.<br \/>\nUnisexe, il n'y a pas de diff\u00e9rence. Argent \/ uni. Id\u00e9al comme bague de partenaire, de mariage ou de fian\u00e7ailles.<br \/>\nL'acier inoxydable robuste et brillant est dot\u00e9 d'un facettage sp\u00e9cial et sophistiqu\u00e9 qui donne \u00e0 la bague un aspect particuli\u00e8rement noble.<br \/>\nLa taille \u00e0 facettes est connue depuis le 15e si\u00e8cle environ et se compose d'une multitude de petites surfaces lisses et polies, les facettes.<br \/>\nLa lumi\u00e8re est r\u00e9fl\u00e9chie et cr\u00e9e des effets optiques uniques.<br \/>\nLargeur : environ 4,1 mm, \u00e9paisseur : environ 2,1 mm.<br \/>\nLes bagues magn\u00e9tiques sont synonymes de mobilit\u00e9 et de joie de vivre. Depuis des ann\u00e9es, nos bagues magn\u00e9tiques comptent parmi les pi\u00e8ces les plus appr\u00e9ci\u00e9es de la collection.<br \/>\nEssayez vous-m\u00eame \u00e0 quel point ces bijoux sont beaux, robustes et adaptables.<br \/>\n\u00c9nergie et \u00e9l\u00e9gance !<br \/>\nChacun de nos bijoux est dot\u00e9 d'aimants n\u00e9odyme puissants et de haute qualit\u00e9. Aimant n\u00e9odyme inlay avec env. 1.200 gauss.<br \/>\nAcier inoxydable m\u00e9dical, exempt de cadmium, de nickel et de plomb.<\/p>","protected":false},"featured_media":1703,"comment_status":"open","ping_status":"closed","template":"","meta":[],"product_brand":[],"product_cat":[17,18],"product_tag":[26],"class_list":{"0":"post-1493","1":"product","2":"type-product","3":"status-publish","4":"has-post-thumbnail","6":"product_cat-alle-produkte","7":"product_cat-ringe","8":"product_tag-paja","9":"thunk-woo-product-list","10":"opn-qv-enable","11":"top-store-woo-hover-zoom","12":"top-store-single-product-tab-horizontal","13":"top-store-shadow-","14":"top-store-shadow-hover-","16":"first","17":"instock","18":"taxable","19":"shipping-taxable","20":"purchasable","21":"product-type-variable"},"_links":{"self":[{"href":"https:\/\/trinitixshop.de\/fr\/wp-json\/wp\/v2\/product\/1493","targetHints":{"allow":["GET"]}}],"collection":[{"href":"https:\/\/trinitixshop.de\/fr\/wp-json\/wp\/v2\/product"}],"about":[{"href":"https:\/\/trinitixshop.de\/fr\/wp-json\/wp\/v2\/types\/product"}],"replies":[{"embeddable":true,"href":"https:\/\/trinitixshop.de\/fr\/wp-json\/wp\/v2\/comments?post=1493"}],"wp:featuredmedia":[{"embeddable":true,"href":"https:\/\/trinitixshop.de\/fr\/wp-json\/wp\/v2\/media\/1703"}],"wp:attachment":[{"href":"https:\/\/trinitixshop.de\/fr\/wp-json\/wp\/v2\/media?parent=1493"}],"wp:term":[{"taxonomy":"product_brand","embeddable":true,"href":"https:\/\/trinitixshop.de\/fr\/wp-json\/wp\/v2\/product_brand?post=1493"},{"taxonomy":"product_cat","embeddable":true,"href":"https:\/\/trinitixshop.de\/fr\/wp-json\/wp\/v2\/product_cat?post=1493"},{"taxonomy":"product_tag","embeddable":true,"href":"https:\/\/trinitixshop.de\/fr\/wp-json\/wp\/v2\/product_tag?post=1493"}],"curies":[{"name":"wp","href":"https:\/\/api.w.org\/{rel}","templated":true}]}}