{"id":1496,"date":"2023-05-08T12:14:01","date_gmt":"2023-05-08T10:14:01","guid":{"rendered":"https:\/\/trinitixshop.de\/?post_type=product&#038;p=1496"},"modified":"2026-01-03T12:38:52","modified_gmt":"2026-01-03T11:38:52","slug":"anneau-magnetique-flex-design-retro-argent-1213-16-17-18-19-ou-21","status":"publish","type":"product","link":"https:\/\/trinitixshop.de\/fr\/produkt\/flex-magnetring-retro-design-silber-1213-16-17-18-19-oder-21\/","title":{"rendered":"Flex Magnetring Retro Design silber # 1213 &#8211; 16, 17, 18 oder 19"},"content":{"rendered":"<p>RX121300T<\/p>","protected":false},"excerpt":{"rendered":"<p>Anneau magn\u00e9tique flexible - agr\u00e9able \u00e0 porter. Flexible, design r\u00e9tro simple.<br \/>\nLargeur : env. 7 mm, \u00e9paisseur : env. 3 mm.<br \/>\nLes bagues magn\u00e9tiques sont synonymes de mobilit\u00e9 et de joie de vivre. Nos bagues magn\u00e9tiques Flex comptent depuis des ann\u00e9es parmi les pi\u00e8ces les plus appr\u00e9ci\u00e9es de la collection. Testez vous-m\u00eame la beaut\u00e9, la robustesse et l'adaptabilit\u00e9 de ces bijoux.<br \/>\n\u00c9nergie et \u00e9l\u00e9gance !<br \/>\nChacun de nos bijoux est \u00e9quip\u00e9 d'aimants en n\u00e9odyme puissants et de haute qualit\u00e9.<br \/>\nInlay magn\u00e9tique en n\u00e9odyme avec env. 1.200 gauss.<br \/>\nAcier inoxydable m\u00e9dical, exempt de cadmium, de nickel et de plomb.<\/p>","protected":false},"featured_media":1690,"comment_status":"open","ping_status":"closed","template":"","meta":[],"product_brand":[],"product_cat":[17,18],"product_tag":[25],"class_list":{"0":"post-1496","1":"product","2":"type-product","3":"status-publish","4":"has-post-thumbnail","6":"product_cat-alle-produkte","7":"product_cat-ringe","8":"product_tag-t-prime","9":"thunk-woo-product-list","10":"opn-qv-enable","11":"top-store-woo-hover-zoom","12":"top-store-single-product-tab-horizontal","13":"top-store-shadow-","14":"top-store-shadow-hover-","16":"first","17":"instock","18":"taxable","19":"shipping-taxable","20":"purchasable","21":"product-type-variable"},"_links":{"self":[{"href":"https:\/\/trinitixshop.de\/fr\/wp-json\/wp\/v2\/product\/1496","targetHints":{"allow":["GET"]}}],"collection":[{"href":"https:\/\/trinitixshop.de\/fr\/wp-json\/wp\/v2\/product"}],"about":[{"href":"https:\/\/trinitixshop.de\/fr\/wp-json\/wp\/v2\/types\/product"}],"replies":[{"embeddable":true,"href":"https:\/\/trinitixshop.de\/fr\/wp-json\/wp\/v2\/comments?post=1496"}],"wp:featuredmedia":[{"embeddable":true,"href":"https:\/\/trinitixshop.de\/fr\/wp-json\/wp\/v2\/media\/1690"}],"wp:attachment":[{"href":"https:\/\/trinitixshop.de\/fr\/wp-json\/wp\/v2\/media?parent=1496"}],"wp:term":[{"taxonomy":"product_brand","embeddable":true,"href":"https:\/\/trinitixshop.de\/fr\/wp-json\/wp\/v2\/product_brand?post=1496"},{"taxonomy":"product_cat","embeddable":true,"href":"https:\/\/trinitixshop.de\/fr\/wp-json\/wp\/v2\/product_cat?post=1496"},{"taxonomy":"product_tag","embeddable":true,"href":"https:\/\/trinitixshop.de\/fr\/wp-json\/wp\/v2\/product_tag?post=1496"}],"curies":[{"name":"wp","href":"https:\/\/api.w.org\/{rel}","templated":true}]}}